{"id":2807,"date":"2020-12-17T13:34:02","date_gmt":"2020-12-17T11:34:02","guid":{"rendered":"https:\/\/entredosmons.es\/packs-gastronomics\/"},"modified":"2026-01-23T12:14:00","modified_gmt":"2026-01-23T10:14:00","slug":"packs-gastronomics","status":"publish","type":"page","link":"https:\/\/entredosmons.es\/ca\/packs-gastronomics\/","title":{"rendered":"Packs gastron\u00f2mics"},"content":{"rendered":"<p>[et_pb_section fb_built=&#8221;1&#8243; fullwidth=&#8221;on&#8221; admin_label=&#8221;Hero Section&#8221; _builder_version=&#8221;4.16&#8243; background_enable_color=&#8221;off&#8221; animation_direction=&#8221;bottom&#8221; custom_css_main_element=&#8221;margin-top: -79px;&#8221; global_colors_info=&#8221;{}&#8221;][et_pb_fullwidth_header title=&#8221;Regala una experi\u00e8ncia gastron\u00f2mica inoblidable a Palam\u00f3s&#8221; text_orientation=&#8221;center&#8221; header_fullscreen=&#8221;on&#8221; button_one_url=&#8221;https:\/\/entredosmons.es\/ca\/reservar\/&#8221; background_overlay_color=&#8221;rgba(0,0,0,0)&#8221; title_font_color=&#8221;#444235&#8243; subhead_font_color=&#8221;#444235&#8243; admin_label=&#8221;Hero&#8221; module_class=&#8221;espacio-titulo&#8221; _builder_version=&#8221;4.27.4&#8243; title_font=&#8221;Abril Fatface||||||||&#8221; title_text_color=&#8221;#ffffff&#8221; title_font_size=&#8221;68px&#8221; content_text_color=&#8221;#000000&#8243; subhead_font=&#8221;Montserrat||||||||&#8221; subhead_text_color=&#8221;#ffffff&#8221; subhead_font_size=&#8221;20px&#8221; subhead_letter_spacing=&#8221;8px&#8221; background_enable_color=&#8221;off&#8221; background_image=&#8221;https:\/\/entredosmons.es\/wp-content\/uploads\/2020\/05\/slider_home-scaled.jpg&#8221; custom_button_one=&#8221;on&#8221; button_one_text_size=&#8221;16px&#8221; button_one_text_color=&#8221;#ffffff&#8221; button_one_border_width=&#8221;2px&#8221; button_one_border_color=&#8221;#ffffff&#8221; button_one_border_radius=&#8221;0px&#8221; button_one_letter_spacing=&#8221;6px&#8221; button_one_font=&#8221;Open Sans||||&#8221; button_one_use_icon=&#8221;off&#8221; min_height=&#8221;620px&#8221; custom_margin=&#8221;||117px|||&#8221; custom_padding=&#8221;||0px||false|false&#8221; custom_padding_tablet=&#8221;||0px||false|false&#8221; custom_padding_phone=&#8221;69px||||false|false&#8221; custom_padding_last_edited=&#8221;on|phone&#8221; title_font_tablet=&#8221;&#8221; title_font_phone=&#8221;&#8221; title_font_last_edited=&#8221;on|desktop&#8221; title_font_size_tablet=&#8221;55px&#8221; title_font_size_phone=&#8221;40px&#8221; title_font_size_last_edited=&#8221;on|phone&#8221; custom_css_free_form=&#8221;\/* Espacio entre el t\u00edtulo y el subt\u00edtulo *\/||.espacio-titulo h1 {||  margin-bottom: 30px; \/* Espacio entre t\u00edtulo y subt\u00edtulo *\/||}||||\/* Espacio entre el subt\u00edtulo (p\u00e1rrafo) y el separador\/l\u00ednea *\/||.espacio-titulo p {||  margin-bottom: 25px; \/* Ajusta seg\u00fan lo que necesites *\/||}||||\/* Si usas un separador DIVI o l\u00ednea manual con <\/p>\n<hr>\n<p> *\/||.espacio-titulo hr {||  margin-top: 0;||}||&#8221; button_one_letter_spacing_hover=&#8221;10px&#8221; global_colors_info=&#8221;{}&#8221; button_one_text_size__hover_enabled=&#8221;off&#8221; button_two_text_size__hover_enabled=&#8221;off&#8221; button_one_text_color__hover_enabled=&#8221;off&#8221; button_two_text_color__hover_enabled=&#8221;off&#8221; button_one_border_width__hover_enabled=&#8221;off&#8221; button_two_border_width__hover_enabled=&#8221;off&#8221; button_one_border_color__hover_enabled=&#8221;off&#8221; button_two_border_color__hover_enabled=&#8221;off&#8221; button_one_border_radius__hover_enabled=&#8221;off&#8221; button_two_border_radius__hover_enabled=&#8221;off&#8221; button_one_letter_spacing__hover_enabled=&#8221;on&#8221; button_one_letter_spacing__hover=&#8221;10px&#8221; button_two_letter_spacing__hover_enabled=&#8221;off&#8221; button_one_bg_color__hover_enabled=&#8221;off&#8221; button_two_bg_color__hover_enabled=&#8221;off&#8221;]<\/p>\n<hr \/>\n<p><\/p>\n<p style=\"font-size: 18px; color: white; margin-bottom: 20px;\">Sorpr\u00e8n alg\u00fa especial (o d\u00f3na\u2019t un caprici) amb una fusi\u00f3 \u00fanica entre la cuina catalana i peruana, en un entorn ple de sabor, emoci\u00f3 i cultura.<\/p>\n<p>[\/et_pb_fullwidth_header][\/et_pb_section][et_pb_section fb_built=&#8221;1&#8243; _builder_version=&#8221;4.16&#8243; custom_margin=&#8221;-133px|||||&#8221; custom_padding=&#8221;21px||10px|||&#8221; global_colors_info=&#8221;{}&#8221;][et_pb_row _builder_version=&#8221;4.27.4&#8243; module_alignment_tablet=&#8221;&#8221; module_alignment_phone=&#8221;center&#8221; module_alignment_last_edited=&#8221;on|phone&#8221; global_colors_info=&#8221;{}&#8221;][et_pb_column type=&#8221;4_4&#8243; _builder_version=&#8221;4.16&#8243; global_colors_info=&#8221;{}&#8221;][et_pb_text _builder_version=&#8221;4.27.4&#8243; text_line_height=&#8221;1em&#8221; custom_margin_tablet=&#8221;&#8221; custom_margin_phone=&#8221;&#8221; custom_margin_last_edited=&#8221;on|phone&#8221; custom_padding_tablet=&#8221;&#8221; custom_padding_phone=&#8221;&#8221; custom_padding_last_edited=&#8221;on|phone&#8221; text_font_tablet=&#8221;&#8221; text_font_phone=&#8221;&#8221; text_font_last_edited=&#8221;on|phone&#8221; text_orientation_tablet=&#8221;&#8221; text_orientation_phone=&#8221;center&#8221; text_orientation_last_edited=&#8221;on|phone&#8221; global_colors_info=&#8221;{}&#8221;]<\/p>\n<h2 style=\"text-align: center;\"><strong>SABORS QUE EXPLIQUEN HIST\u00d2RIES.<br \/>\nMOMENTS QUE ES TRANSFORMEN EN RECORDS.<\/strong><\/h2>\n<p>[\/et_pb_text][et_pb_text _builder_version=&#8221;4.27.4&#8243; width=&#8221;90%&#8221; module_alignment=&#8221;center&#8221; global_colors_info=&#8221;{}&#8221;]<\/p>\n<h2 style=\"text-align: center; font-size: 20px;\">\nRegala o gaudeix d\u2019un dels nostres <strong>packs gastron\u00f2mics<\/strong> exclusius, que combinen el millor de la nostra cuina amb una visita cultural al cor mariner de la Costa Brava.<\/p>\n<p>Rebr\u00e0s el teu pack regal directament al correu electr\u00f2nic en finalitzar la compra.<br \/>\n<\/h2>\n<p>&nbsp;<\/p>\n<p>&nbsp;<\/p>\n<p style=\"font-size: 16px; text-align: center;\">[\/et_pb_text][\/et_pb_column][\/et_pb_row][\/et_pb_section][et_pb_section fb_built=&#8221;1&#8243; _builder_version=&#8221;4.27.4&#8243; _module_preset=&#8221;default&#8221; background_color=&#8221;#fffdf3&#8243; global_colors_info=&#8221;{}&#8221;][et_pb_row column_structure=&#8221;1_2,1_2&#8243; _builder_version=&#8221;4.27.4&#8243; _module_preset=&#8221;default&#8221; background_enable_color=&#8221;off&#8221; module_alignment_tablet=&#8221;&#8221; module_alignment_phone=&#8221;center&#8221; module_alignment_last_edited=&#8221;on|phone&#8221; global_colors_info=&#8221;{}&#8221;][et_pb_column type=&#8221;1_2&#8243; _builder_version=&#8221;4.27.4&#8243; _module_preset=&#8221;default&#8221; global_colors_info=&#8221;{}&#8221;][et_pb_text _builder_version=&#8221;4.27.4&#8243; text_line_height=&#8221;1em&#8221; custom_margin_tablet=&#8221;&#8221; custom_margin_phone=&#8221;&#8221; custom_margin_last_edited=&#8221;on|phone&#8221; custom_padding_tablet=&#8221;&#8221; custom_padding_phone=&#8221;&#8221; custom_padding_last_edited=&#8221;on|phone&#8221; hover_enabled=&#8221;0&#8243; text_font_tablet=&#8221;&#8221; text_font_phone=&#8221;&#8221; text_font_last_edited=&#8221;on|phone&#8221; text_orientation_tablet=&#8221;&#8221; text_orientation_phone=&#8221;center&#8221; text_orientation_last_edited=&#8221;on|phone&#8221; locked=&#8221;off&#8221; global_colors_info=&#8221;{}&#8221; sticky_enabled=&#8221;0&#8243;]<\/p>\n<div style=\"background-image: url('https:\/\/entredosmons.es\/wp-content\/uploads\/2024\/06\/fb37074a.png'); background-size: cover; background-position: center; padding: 30px; border-radius: 10px;\">\n<p><!-- Imatge destacada ajustada --><\/p>\n<div style=\"display: flex; justify-content: center;\"><img decoding=\"async\" src=\"https:\/\/entredosmons.es\/wp-content\/uploads\/2024\/06\/entrecote-y-pure-scaled.jpg\" alt=\"Men\u00fa Degustaci\u00f3\" style=\"max-width: 500px; width: 100%; height: auto; border-radius: 10px; margin-bottom: 20px;\" \/><\/div>\n<p><!-- T\u00edtol en maj\u00fascules --><\/p>\n<h3 style=\"text-align: center; line-height: 1; text-transform: uppercase;\"><strong>Men\u00fa Degustaci\u00f3 &#8211; Maridatge &#8211; Visita Museu de la Pesca<\/strong><\/h3>\n<p><!-- Subt\u00edtol --><\/p>\n<p style=\"text-align: center; font-size: 14px; line-height: 1;\">Una fusi\u00f3 gastron\u00f2mica per a dues persones + Cultura mediterr\u00e0nia<\/p>\n<p><!-- Descripci\u00f3 llarga --><\/p>\n<h5 style=\"text-align: justify; text-transform: uppercase; font-weight: normal; line-height: 1.2;\">Un viatge culinari de sabors catalans i peruans amb el nostre men\u00fa degustaci\u00f3. Una proposta plena de matisos, productes de proximitat i t\u00e8cnica refinada.<\/h5>\n<p><!-- Preu --><\/p>\n<h2 style=\"text-align: left;\"><strong>200 \u20ac<\/strong><\/h2>\n<p><!-- Botons: m\u00e9s info + comprar --><\/p>\n<div style=\"display: flex; justify-content: space-between; align-items: center; margin-top: 20px;\"><a href=\"https:\/\/entredosmons.es\/ca\/producte\/pack-menu-degustacio-visita-museu-de-la-pesca-palamo\/\" style=\"text-decoration: underline; color: #a88c6a; font-weight: bold;\"><br \/>\nM\u00c9S INFO<br \/>\n<\/a>\n<\/div>\n<\/div>\n<p>[\/et_pb_text][\/et_pb_column][et_pb_column type=&#8221;1_2&#8243; _builder_version=&#8221;4.27.4&#8243; _module_preset=&#8221;default&#8221; global_colors_info=&#8221;{}&#8221;][et_pb_text _builder_version=&#8221;4.27.4&#8243; text_line_height=&#8221;1em&#8221; custom_margin_tablet=&#8221;&#8221; custom_margin_phone=&#8221;&#8221; custom_margin_last_edited=&#8221;on|phone&#8221; custom_padding_tablet=&#8221;&#8221; custom_padding_phone=&#8221;&#8221; custom_padding_last_edited=&#8221;on|phone&#8221; hover_enabled=&#8221;0&#8243; text_font_tablet=&#8221;&#8221; text_font_phone=&#8221;&#8221; text_font_last_edited=&#8221;on|phone&#8221; text_orientation_tablet=&#8221;&#8221; text_orientation_phone=&#8221;center&#8221; text_orientation_last_edited=&#8221;on|phone&#8221; locked=&#8221;off&#8221; global_colors_info=&#8221;{}&#8221; sticky_enabled=&#8221;0&#8243;]<\/p>\n<div style=\"background-image: url('https:\/\/entredosmons.es\/wp-content\/uploads\/2024\/06\/fb37074a.png'); background-size: cover; background-position: center; padding: 30px; border-radius: 10px;\">\n<p><!-- Imatge destacada ajustada --><\/p>\n<div style=\"display: flex; justify-content: center;\"><img decoding=\"async\" src=\"https:\/\/entredosmons.es\/wp-content\/uploads\/2024\/06\/Carta-verano-2024-1-scaled.jpg\" alt=\"Men\u00fa Entre Dos Mons\" style=\"max-width: 500px; width: 100%; height: auto; border-radius: 10px; margin-bottom: 20px;\" \/><\/div>\n<p><!-- T\u00edtol en maj\u00fascules --><\/p>\n<h3 style=\"text-align: center; line-height: 1; text-transform: uppercase;\"><strong>Men\u00fa Entre Dos Mons &#8211; Maridatge &#8211; Visita Museu de la Pesca<\/strong><\/h3>\n<p><!-- Subt\u00edtol --><\/p>\n<p style=\"text-align: center; font-size: 14px; line-height: 1;\">Alta gastronomia de fusi\u00f3 + Cultura marinera per a dues persones<\/p>\n<p><!-- Descripci\u00f3 llarga --><\/p>\n<h5 style=\"text-align: justify; text-transform: uppercase; font-weight: normal; line-height: 1.2;\">El nostre men\u00fa ins\u00edgnia, Entre Dos Mons, un viatge culinari en 9 passos que celebra la identitat del restaurant: equilibri, innovaci\u00f3 i arrels compartides.<\/h5>\n<p><!-- Preu --><\/p>\n<h2 style=\"text-align: left;\"><strong>265 \u20ac<\/strong><\/h2>\n<p><!-- Botons: m\u00e9s info + comprar --><\/p>\n<div style=\"display: flex; justify-content: space-between; align-items: center; margin-top: 20px;\"><a href=\"https:\/\/entredosmons.es\/ca\/producte\/pack-menu-entredosmons-visita-museo-de-la-pesca-palamos\/\" style=\"text-decoration: underline; color: #a88c6a; font-weight: bold;\"><br \/>\nM\u00c9S INFO<br \/>\n<\/a>\n<\/div>\n<p>&nbsp;<\/p>\n<\/div>\n<p>[\/et_pb_text][\/et_pb_column][\/et_pb_row][\/et_pb_section]<\/p>\n","protected":false},"excerpt":{"rendered":"<p>Sorpr\u00e8n alg\u00fa especial (o d\u00f3na\u2019t un caprici) amb una fusi\u00f3 \u00fanica entre la cuina catalana i peruana, en un entorn ple de sabor, emoci\u00f3 i cultura.SABORS QUE EXPLIQUEN HIST\u00d2RIES. MOMENTS QUE ES TRANSFORMEN EN RECORDS. Regala o gaudeix d\u2019un dels nostres packs gastron\u00f2mics exclusius, que combinen el millor de la nostra cuina amb una visita [&hellip;]<\/p>\n","protected":false},"author":1,"featured_media":0,"parent":0,"menu_order":0,"comment_status":"closed","ping_status":"closed","template":"","meta":{"_et_pb_use_builder":"on","_et_pb_old_content":"","_et_gb_content_width":"","footnotes":""},"class_list":["post-2807","page","type-page","status-publish","hentry"],"yoast_head":"<!-- This site is optimized with the Yoast SEO plugin v24.8.1 - https:\/\/yoast.com\/wordpress\/plugins\/seo\/ -->\n<title>Packs gastron\u00f2mics - Entre dos mons<\/title>\n<meta name=\"robots\" content=\"index, follow, max-snippet:-1, max-image-preview:large, max-video-preview:-1\" \/>\n<link rel=\"canonical\" href=\"https:\/\/entredosmons.es\/ca\/packs-gastronomics\/\" \/>\n<meta property=\"og:locale\" content=\"ca_ES\" \/>\n<meta property=\"og:type\" content=\"article\" \/>\n<meta property=\"og:title\" content=\"Packs gastron\u00f2mics - Entre dos mons\" \/>\n<meta property=\"og:description\" content=\"Sorpr\u00e8n alg\u00fa especial (o d\u00f3na\u2019t un caprici) amb una fusi\u00f3 \u00fanica entre la cuina catalana i peruana, en un entorn ple de sabor, emoci\u00f3 i cultura.SABORS QUE EXPLIQUEN HIST\u00d2RIES. MOMENTS QUE ES TRANSFORMEN EN RECORDS. Regala o gaudeix d\u2019un dels nostres packs gastron\u00f2mics exclusius, que combinen el millor de la nostra cuina amb una visita [&hellip;]\" \/>\n<meta property=\"og:url\" content=\"https:\/\/entredosmons.es\/ca\/packs-gastronomics\/\" \/>\n<meta property=\"og:site_name\" content=\"Entre dos mons\" \/>\n<meta property=\"article:modified_time\" content=\"2026-01-23T10:14:00+00:00\" \/>\n<meta property=\"og:image\" content=\"https:\/\/entredosmons.es\/wp-content\/uploads\/2024\/06\/entrecote-y-pure-scaled.jpg\" \/>\n<meta name=\"twitter:card\" content=\"summary_large_image\" \/>\n<meta name=\"twitter:label1\" content=\"Temps estimat de lectura\" \/>\n\t<meta name=\"twitter:data1\" content=\"5 minuts\" \/>\n<script type=\"application\/ld+json\" class=\"yoast-schema-graph\">{\"@context\":\"https:\/\/schema.org\",\"@graph\":[{\"@type\":\"WebPage\",\"@id\":\"https:\/\/entredosmons.es\/ca\/packs-gastronomics\/\",\"url\":\"https:\/\/entredosmons.es\/ca\/packs-gastronomics\/\",\"name\":\"Packs gastron\u00f2mics - Entre dos mons\",\"isPartOf\":{\"@id\":\"https:\/\/entredosmons.es\/#website\"},\"primaryImageOfPage\":{\"@id\":\"https:\/\/entredosmons.es\/ca\/packs-gastronomics\/#primaryimage\"},\"image\":{\"@id\":\"https:\/\/entredosmons.es\/ca\/packs-gastronomics\/#primaryimage\"},\"thumbnailUrl\":\"https:\/\/entredosmons.es\/wp-content\/uploads\/2024\/06\/entrecote-y-pure-scaled.jpg\",\"datePublished\":\"2020-12-17T11:34:02+00:00\",\"dateModified\":\"2026-01-23T10:14:00+00:00\",\"breadcrumb\":{\"@id\":\"https:\/\/entredosmons.es\/ca\/packs-gastronomics\/#breadcrumb\"},\"inLanguage\":\"ca\",\"potentialAction\":[{\"@type\":\"ReadAction\",\"target\":[\"https:\/\/entredosmons.es\/ca\/packs-gastronomics\/\"]}]},{\"@type\":\"ImageObject\",\"inLanguage\":\"ca\",\"@id\":\"https:\/\/entredosmons.es\/ca\/packs-gastronomics\/#primaryimage\",\"url\":\"https:\/\/entredosmons.es\/wp-content\/uploads\/2024\/06\/entrecote-y-pure-scaled.jpg\",\"contentUrl\":\"https:\/\/entredosmons.es\/wp-content\/uploads\/2024\/06\/entrecote-y-pure-scaled.jpg\"},{\"@type\":\"BreadcrumbList\",\"@id\":\"https:\/\/entredosmons.es\/ca\/packs-gastronomics\/#breadcrumb\",\"itemListElement\":[{\"@type\":\"ListItem\",\"position\":1,\"name\":\"Portada\",\"item\":\"https:\/\/entredosmons.es\/\"},{\"@type\":\"ListItem\",\"position\":2,\"name\":\"Packs gastron\u00f2mics\"}]},{\"@type\":\"WebSite\",\"@id\":\"https:\/\/entredosmons.es\/#website\",\"url\":\"https:\/\/entredosmons.es\/\",\"name\":\"Entre dos mons\",\"description\":\"Gastro fusi\u00f3\",\"potentialAction\":[{\"@type\":\"SearchAction\",\"target\":{\"@type\":\"EntryPoint\",\"urlTemplate\":\"https:\/\/entredosmons.es\/?s={search_term_string}\"},\"query-input\":{\"@type\":\"PropertyValueSpecification\",\"valueRequired\":true,\"valueName\":\"search_term_string\"}}],\"inLanguage\":\"ca\"}]}<\/script>\n<!-- \/ Yoast SEO plugin. -->","yoast_head_json":{"title":"Packs gastron\u00f2mics - Entre dos mons","robots":{"index":"index","follow":"follow","max-snippet":"max-snippet:-1","max-image-preview":"max-image-preview:large","max-video-preview":"max-video-preview:-1"},"canonical":"https:\/\/entredosmons.es\/ca\/packs-gastronomics\/","og_locale":"ca_ES","og_type":"article","og_title":"Packs gastron\u00f2mics - Entre dos mons","og_description":"Sorpr\u00e8n alg\u00fa especial (o d\u00f3na\u2019t un caprici) amb una fusi\u00f3 \u00fanica entre la cuina catalana i peruana, en un entorn ple de sabor, emoci\u00f3 i cultura.SABORS QUE EXPLIQUEN HIST\u00d2RIES. MOMENTS QUE ES TRANSFORMEN EN RECORDS. Regala o gaudeix d\u2019un dels nostres packs gastron\u00f2mics exclusius, que combinen el millor de la nostra cuina amb una visita [&hellip;]","og_url":"https:\/\/entredosmons.es\/ca\/packs-gastronomics\/","og_site_name":"Entre dos mons","article_modified_time":"2026-01-23T10:14:00+00:00","og_image":[{"url":"https:\/\/entredosmons.es\/wp-content\/uploads\/2024\/06\/entrecote-y-pure-scaled.jpg","type":"","width":"","height":""}],"twitter_card":"summary_large_image","twitter_misc":{"Temps estimat de lectura":"5 minuts"},"schema":{"@context":"https:\/\/schema.org","@graph":[{"@type":"WebPage","@id":"https:\/\/entredosmons.es\/ca\/packs-gastronomics\/","url":"https:\/\/entredosmons.es\/ca\/packs-gastronomics\/","name":"Packs gastron\u00f2mics - Entre dos mons","isPartOf":{"@id":"https:\/\/entredosmons.es\/#website"},"primaryImageOfPage":{"@id":"https:\/\/entredosmons.es\/ca\/packs-gastronomics\/#primaryimage"},"image":{"@id":"https:\/\/entredosmons.es\/ca\/packs-gastronomics\/#primaryimage"},"thumbnailUrl":"https:\/\/entredosmons.es\/wp-content\/uploads\/2024\/06\/entrecote-y-pure-scaled.jpg","datePublished":"2020-12-17T11:34:02+00:00","dateModified":"2026-01-23T10:14:00+00:00","breadcrumb":{"@id":"https:\/\/entredosmons.es\/ca\/packs-gastronomics\/#breadcrumb"},"inLanguage":"ca","potentialAction":[{"@type":"ReadAction","target":["https:\/\/entredosmons.es\/ca\/packs-gastronomics\/"]}]},{"@type":"ImageObject","inLanguage":"ca","@id":"https:\/\/entredosmons.es\/ca\/packs-gastronomics\/#primaryimage","url":"https:\/\/entredosmons.es\/wp-content\/uploads\/2024\/06\/entrecote-y-pure-scaled.jpg","contentUrl":"https:\/\/entredosmons.es\/wp-content\/uploads\/2024\/06\/entrecote-y-pure-scaled.jpg"},{"@type":"BreadcrumbList","@id":"https:\/\/entredosmons.es\/ca\/packs-gastronomics\/#breadcrumb","itemListElement":[{"@type":"ListItem","position":1,"name":"Portada","item":"https:\/\/entredosmons.es\/"},{"@type":"ListItem","position":2,"name":"Packs gastron\u00f2mics"}]},{"@type":"WebSite","@id":"https:\/\/entredosmons.es\/#website","url":"https:\/\/entredosmons.es\/","name":"Entre dos mons","description":"Gastro fusi\u00f3","potentialAction":[{"@type":"SearchAction","target":{"@type":"EntryPoint","urlTemplate":"https:\/\/entredosmons.es\/?s={search_term_string}"},"query-input":{"@type":"PropertyValueSpecification","valueRequired":true,"valueName":"search_term_string"}}],"inLanguage":"ca"}]}},"_links":{"self":[{"href":"https:\/\/entredosmons.es\/ca\/wp-json\/wp\/v2\/pages\/2807","targetHints":{"allow":["GET"]}}],"collection":[{"href":"https:\/\/entredosmons.es\/ca\/wp-json\/wp\/v2\/pages"}],"about":[{"href":"https:\/\/entredosmons.es\/ca\/wp-json\/wp\/v2\/types\/page"}],"author":[{"embeddable":true,"href":"https:\/\/entredosmons.es\/ca\/wp-json\/wp\/v2\/users\/1"}],"replies":[{"embeddable":true,"href":"https:\/\/entredosmons.es\/ca\/wp-json\/wp\/v2\/comments?post=2807"}],"version-history":[{"count":14,"href":"https:\/\/entredosmons.es\/ca\/wp-json\/wp\/v2\/pages\/2807\/revisions"}],"predecessor-version":[{"id":8696,"href":"https:\/\/entredosmons.es\/ca\/wp-json\/wp\/v2\/pages\/2807\/revisions\/8696"}],"wp:attachment":[{"href":"https:\/\/entredosmons.es\/ca\/wp-json\/wp\/v2\/media?parent=2807"}],"curies":[{"name":"wp","href":"https:\/\/api.w.org\/{rel}","templated":true}]}}