{"id":4787,"date":"2022-03-28T11:47:30","date_gmt":"2022-03-28T09:47:30","guid":{"rendered":"https:\/\/entredosmons.es\/el-nostre-hort\/"},"modified":"2022-03-28T11:53:14","modified_gmt":"2022-03-28T09:53:14","slug":"el-nostre-hort","status":"publish","type":"page","link":"https:\/\/entredosmons.es\/ca\/el-nostre-hort\/","title":{"rendered":"El nostre hort"},"content":{"rendered":"<p>[et_pb_section fb_built=&#8221;1&#8243; fullwidth=&#8221;on&#8221; admin_label=&#8221;Hero Section&#8221; _builder_version=&#8221;4.4.8&#8243; background_enable_color=&#8221;off&#8221; animation_direction=&#8221;bottom&#8221; hover_enabled=&#8221;0&#8243; custom_css_main_element=&#8221;margin-top: -79px;&#8221; global_colors_info=&#8221;{}&#8221; sticky_enabled=&#8221;0&#8243;][et_pb_fullwidth_header title=&#8221;DE L&#8217;HORT A LA TAULA&#8221; text_orientation=&#8221;center&#8221; header_fullscreen=&#8221;on&#8221; button_one_url=&#8221;http:\/\/divi.dev\/wedding\/#rsvp&#8221; background_overlay_color=&#8221;rgba(0,0,0,0)&#8221; title_font_color=&#8221;#444235&#8243; subhead_font_color=&#8221;#444235&#8243; admin_label=&#8221;Hero&#8221; _builder_version=&#8221;4.14.9&#8243; title_font=&#8221;Abril Fatface||||||||&#8221; title_text_color=&#8221;#ffffff&#8221; title_font_size=&#8221;68px&#8221; content_text_color=&#8221;#000000&#8243; subhead_font=&#8221;Montserrat||||||||&#8221; subhead_text_color=&#8221;#ffffff&#8221; subhead_font_size=&#8221;20px&#8221; subhead_letter_spacing=&#8221;8px&#8221; background_color=&#8221;rgba(0,0,0,0.25)&#8221; background_image=&#8221;https:\/\/entredosmons.es\/wp-content\/uploads\/2022\/03\/banner-nh.jpg&#8221; background_blend=&#8221;multiply&#8221; custom_button_one=&#8221;on&#8221; button_one_text_size=&#8221;16px&#8221; button_one_text_color=&#8221;#ffffff&#8221; button_one_border_width=&#8221;2px&#8221; button_one_border_color=&#8221;#ffffff&#8221; button_one_border_radius=&#8221;0px&#8221; button_one_letter_spacing=&#8221;6px&#8221; button_one_font=&#8221;Open Sans||||&#8221; button_one_use_icon=&#8221;off&#8221; hover_enabled=&#8221;0&#8243; title_font_size_tablet=&#8221;55px&#8221; title_font_size_phone=&#8221;40px&#8221; title_font_size_last_edited=&#8221;on|phone&#8221; button_one_letter_spacing_hover=&#8221;10px&#8221; global_colors_info=&#8221;{}&#8221; button_one_text_size__hover_enabled=&#8221;off&#8221; button_two_text_size__hover_enabled=&#8221;off&#8221; button_one_text_color__hover_enabled=&#8221;off&#8221; button_two_text_color__hover_enabled=&#8221;off&#8221; button_one_border_width__hover_enabled=&#8221;off&#8221; button_two_border_width__hover_enabled=&#8221;off&#8221; button_one_border_color__hover_enabled=&#8221;off&#8221; button_two_border_color__hover_enabled=&#8221;off&#8221; button_one_border_radius__hover_enabled=&#8221;off&#8221; button_two_border_radius__hover_enabled=&#8221;off&#8221; button_one_letter_spacing__hover_enabled=&#8221;on&#8221; button_one_letter_spacing__hover=&#8221;10px&#8221; button_two_letter_spacing__hover_enabled=&#8221;off&#8221; button_one_bg_color__hover_enabled=&#8221;off&#8221; button_two_bg_color__hover_enabled=&#8221;off&#8221; sticky_enabled=&#8221;0&#8243;][\/et_pb_fullwidth_header][\/et_pb_section][et_pb_section fb_built=&#8221;1&#8243; _builder_version=&#8221;4.14.9&#8243; custom_padding=&#8221;60px||10px||false|false&#8221; global_colors_info=&#8221;{}&#8221;][et_pb_row _builder_version=&#8221;4.4.4&#8243; custom_margin=&#8221;|auto|45px|auto||&#8221; custom_padding=&#8221;17px|||||&#8221; locked=&#8221;off&#8221; global_colors_info=&#8221;{}&#8221;][et_pb_column type=&#8221;4_4&#8243; _builder_version=&#8221;4.4.4&#8243; global_colors_info=&#8221;{}&#8221;][et_pb_text _builder_version=&#8221;4.14.9&#8243; text_orientation=&#8221;center&#8221; custom_margin=&#8221;8px|||||&#8221; global_colors_info=&#8221;{}&#8221;]<\/p>\n<h2 style=\"font-family: 'Abril Fatface',display; font-size: 35px; letter-spacing: 4px\">Sempre utilitzem productes frescos i de temporada. <\/h2>\n<p>[\/et_pb_text][et_pb_text _builder_version=&#8221;4.14.9&#8243; text_orientation=&#8221;center&#8221; hover_enabled=&#8221;0&#8243; global_colors_info=&#8221;{}&#8221; sticky_enabled=&#8221;0&#8243;]<\/p>\n<h4><strong>L&#8217;hort ecol\u00f2gic d&#8217;Entre dos Mons: cultivant els nostres propis aliments<\/strong><\/h4>\n<p>Ens encanta mostrar-vos la part m\u00e9s sostenible d&#8217;Entre dos Mons: El nostre hort on plantem m\u00faltiples varietats de productes que ens serveixen per proveir-nos en el moment de posar-nos a cuinar i aix\u00ed oferir un producte 100% de casa nostra. Sempre utilitzem productes frescos i de temporada. Alguns dels productes que servim als vostres plats arriben directament del nostre hort, per aix\u00f2 us volem mostrar aquesta petita part tant important per nosaltres: Productes km 0 i de qualitat.<\/p>\n<p>Aix\u00ed, la nostra cuina pot oferir al comensal un valor afegit i que el plat porti el segell de la nostra cuina. Sona b\u00e9, oi? Vine a tastar-los!<\/p>\n<p>[\/et_pb_text][\/et_pb_column][\/et_pb_row][et_pb_row _builder_version=&#8221;4.14.9&#8243; global_colors_info=&#8221;{}&#8221;][et_pb_column type=&#8221;4_4&#8243; _builder_version=&#8221;4.14.9&#8243; global_colors_info=&#8221;{}&#8221;][dsm_image_carousel gallery_ids=&#8221;4388,4392,4396,4436,4432,4428,4424,4420,4416,4412,4408,4404,4400,4440,4444,4448,4452,4456,4460,4464,4468,4472,4476,4384&#8243; arrow_position_mobile=&#8221;outside&#8221; _builder_version=&#8221;4.14.9&#8243; _module_preset=&#8221;default&#8221; global_colors_info=&#8221;{}&#8221;][\/dsm_image_carousel][dsm_image_carousel gallery_ids=&#8221;4556,4552,4548,4544,4540,4536,4532,4528,4524,4520,4516,4512,4508,4504,4500,4496,4492,4488,4484,4480&#8243; arrow_position_mobile=&#8221;outside&#8221; _builder_version=&#8221;4.14.9&#8243; _module_preset=&#8221;default&#8221; global_colors_info=&#8221;{}&#8221;][\/dsm_image_carousel][\/et_pb_column][\/et_pb_row][et_pb_row _builder_version=&#8221;4.4.4&#8243; custom_padding=&#8221;||17px|||&#8221; global_colors_info=&#8221;{}&#8221;][et_pb_column type=&#8221;4_4&#8243; _builder_version=&#8221;4.4.4&#8243; global_colors_info=&#8221;{}&#8221;][et_pb_code _builder_version=&#8221;4.4.4&#8243; global_colors_info=&#8221;{}&#8221;]<\/p>\n<hr style=\"color: #8080804d;\">[\/et_pb_code][\/et_pb_column][\/et_pb_row][\/et_pb_section][et_pb_section fb_built=&#8221;1&#8243; fullwidth=&#8221;on&#8221; _builder_version=&#8221;4.4.4&#8243; global_colors_info=&#8221;{}&#8221;][et_pb_fullwidth_code _builder_version=&#8221;4.4.4&#8243; global_colors_info=&#8221;{}&#8221;][logocarousel id=&#8221;116&#8243;][\/et_pb_fullwidth_code][\/et_pb_section][et_pb_section fb_built=&#8221;1&#8243; _builder_version=&#8221;4.4.4&#8243; custom_padding=&#8221;9px||45px|||&#8221; global_colors_info=&#8221;{}&#8221;][et_pb_row _builder_version=&#8221;4.4.4&#8243; custom_padding=&#8221;16px|||||&#8221; global_colors_info=&#8221;{}&#8221;][et_pb_column type=&#8221;4_4&#8243; _builder_version=&#8221;4.4.4&#8243; global_colors_info=&#8221;{}&#8221;][et_pb_code _builder_version=&#8221;4.4.4&#8243; global_colors_info=&#8221;{}&#8221;]<\/p>\n<hr style=\"color: #8080804d;\">[\/et_pb_code][\/et_pb_column][\/et_pb_row][\/et_pb_section]<\/p>\n","protected":false},"excerpt":{"rendered":"<p>Sempre utilitzem productes frescos i de temporada. L&#8217;hort ecol\u00f2gic d&#8217;Entre dos Mons: cultivant els nostres propis aliments Ens encanta mostrar-vos la part m\u00e9s sostenible d&#8217;Entre dos Mons: El nostre hort on plantem m\u00faltiples varietats de productes que ens serveixen per proveir-nos en el moment de posar-nos a cuinar i aix\u00ed oferir un producte 100% de [&hellip;]<\/p>\n","protected":false},"author":1,"featured_media":0,"parent":0,"menu_order":0,"comment_status":"closed","ping_status":"closed","template":"","meta":{"_et_pb_use_builder":"on","_et_pb_old_content":"","_et_gb_content_width":"","footnotes":""},"class_list":["post-4787","page","type-page","status-publish","hentry"],"yoast_head":"<!-- This site is optimized with the Yoast SEO plugin v24.8.1 - https:\/\/yoast.com\/wordpress\/plugins\/seo\/ -->\n<title>El nostre hort - Entre dos mons<\/title>\n<meta name=\"robots\" content=\"index, follow, max-snippet:-1, max-image-preview:large, max-video-preview:-1\" \/>\n<link rel=\"canonical\" href=\"https:\/\/entredosmons.es\/nuestro-huerto\/\" \/>\n<meta property=\"og:locale\" content=\"ca_ES\" \/>\n<meta property=\"og:type\" content=\"article\" \/>\n<meta property=\"og:title\" content=\"El nostre hort - Entre dos mons\" \/>\n<meta property=\"og:description\" content=\"Sempre utilitzem productes frescos i de temporada. L&#039;hort ecol\u00f2gic d&#039;Entre dos Mons: cultivant els nostres propis aliments Ens encanta mostrar-vos la part m\u00e9s sostenible d&#039;Entre dos Mons: El nostre hort on plantem m\u00faltiples varietats de productes que ens serveixen per proveir-nos en el moment de posar-nos a cuinar i aix\u00ed oferir un producte 100% de [&hellip;]\" \/>\n<meta property=\"og:url\" content=\"https:\/\/entredosmons.es\/nuestro-huerto\/\" \/>\n<meta property=\"og:site_name\" content=\"Entre dos mons\" \/>\n<meta property=\"article:modified_time\" content=\"2022-03-28T09:53:14+00:00\" \/>\n<meta name=\"twitter:card\" content=\"summary_large_image\" \/>\n<meta name=\"twitter:label1\" content=\"Temps estimat de lectura\" \/>\n\t<meta name=\"twitter:data1\" content=\"3 minuts\" \/>\n<script type=\"application\/ld+json\" class=\"yoast-schema-graph\">{\"@context\":\"https:\/\/schema.org\",\"@graph\":[{\"@type\":\"WebPage\",\"@id\":\"https:\/\/entredosmons.es\/nuestro-huerto\/\",\"url\":\"https:\/\/entredosmons.es\/nuestro-huerto\/\",\"name\":\"El nostre hort - Entre dos mons\",\"isPartOf\":{\"@id\":\"https:\/\/entredosmons.es\/#website\"},\"datePublished\":\"2022-03-28T09:47:30+00:00\",\"dateModified\":\"2022-03-28T09:53:14+00:00\",\"breadcrumb\":{\"@id\":\"https:\/\/entredosmons.es\/nuestro-huerto\/#breadcrumb\"},\"inLanguage\":\"ca\",\"potentialAction\":[{\"@type\":\"ReadAction\",\"target\":[\"https:\/\/entredosmons.es\/nuestro-huerto\/\"]}]},{\"@type\":\"BreadcrumbList\",\"@id\":\"https:\/\/entredosmons.es\/nuestro-huerto\/#breadcrumb\",\"itemListElement\":[{\"@type\":\"ListItem\",\"position\":1,\"name\":\"Portada\",\"item\":\"https:\/\/entredosmons.es\/\"},{\"@type\":\"ListItem\",\"position\":2,\"name\":\"El nostre hort\"}]},{\"@type\":\"WebSite\",\"@id\":\"https:\/\/entredosmons.es\/#website\",\"url\":\"https:\/\/entredosmons.es\/\",\"name\":\"Entre dos mons\",\"description\":\"Gastro fusi\u00f3\",\"potentialAction\":[{\"@type\":\"SearchAction\",\"target\":{\"@type\":\"EntryPoint\",\"urlTemplate\":\"https:\/\/entredosmons.es\/?s={search_term_string}\"},\"query-input\":{\"@type\":\"PropertyValueSpecification\",\"valueRequired\":true,\"valueName\":\"search_term_string\"}}],\"inLanguage\":\"ca\"}]}<\/script>\n<!-- \/ Yoast SEO plugin. -->","yoast_head_json":{"title":"El nostre hort - Entre dos mons","robots":{"index":"index","follow":"follow","max-snippet":"max-snippet:-1","max-image-preview":"max-image-preview:large","max-video-preview":"max-video-preview:-1"},"canonical":"https:\/\/entredosmons.es\/nuestro-huerto\/","og_locale":"ca_ES","og_type":"article","og_title":"El nostre hort - Entre dos mons","og_description":"Sempre utilitzem productes frescos i de temporada. L'hort ecol\u00f2gic d'Entre dos Mons: cultivant els nostres propis aliments Ens encanta mostrar-vos la part m\u00e9s sostenible d'Entre dos Mons: El nostre hort on plantem m\u00faltiples varietats de productes que ens serveixen per proveir-nos en el moment de posar-nos a cuinar i aix\u00ed oferir un producte 100% de [&hellip;]","og_url":"https:\/\/entredosmons.es\/nuestro-huerto\/","og_site_name":"Entre dos mons","article_modified_time":"2022-03-28T09:53:14+00:00","twitter_card":"summary_large_image","twitter_misc":{"Temps estimat de lectura":"3 minuts"},"schema":{"@context":"https:\/\/schema.org","@graph":[{"@type":"WebPage","@id":"https:\/\/entredosmons.es\/nuestro-huerto\/","url":"https:\/\/entredosmons.es\/nuestro-huerto\/","name":"El nostre hort - Entre dos mons","isPartOf":{"@id":"https:\/\/entredosmons.es\/#website"},"datePublished":"2022-03-28T09:47:30+00:00","dateModified":"2022-03-28T09:53:14+00:00","breadcrumb":{"@id":"https:\/\/entredosmons.es\/nuestro-huerto\/#breadcrumb"},"inLanguage":"ca","potentialAction":[{"@type":"ReadAction","target":["https:\/\/entredosmons.es\/nuestro-huerto\/"]}]},{"@type":"BreadcrumbList","@id":"https:\/\/entredosmons.es\/nuestro-huerto\/#breadcrumb","itemListElement":[{"@type":"ListItem","position":1,"name":"Portada","item":"https:\/\/entredosmons.es\/"},{"@type":"ListItem","position":2,"name":"El nostre hort"}]},{"@type":"WebSite","@id":"https:\/\/entredosmons.es\/#website","url":"https:\/\/entredosmons.es\/","name":"Entre dos mons","description":"Gastro fusi\u00f3","potentialAction":[{"@type":"SearchAction","target":{"@type":"EntryPoint","urlTemplate":"https:\/\/entredosmons.es\/?s={search_term_string}"},"query-input":{"@type":"PropertyValueSpecification","valueRequired":true,"valueName":"search_term_string"}}],"inLanguage":"ca"}]}},"_links":{"self":[{"href":"https:\/\/entredosmons.es\/ca\/wp-json\/wp\/v2\/pages\/4787","targetHints":{"allow":["GET"]}}],"collection":[{"href":"https:\/\/entredosmons.es\/ca\/wp-json\/wp\/v2\/pages"}],"about":[{"href":"https:\/\/entredosmons.es\/ca\/wp-json\/wp\/v2\/types\/page"}],"author":[{"embeddable":true,"href":"https:\/\/entredosmons.es\/ca\/wp-json\/wp\/v2\/users\/1"}],"replies":[{"embeddable":true,"href":"https:\/\/entredosmons.es\/ca\/wp-json\/wp\/v2\/comments?post=4787"}],"version-history":[{"count":5,"href":"https:\/\/entredosmons.es\/ca\/wp-json\/wp\/v2\/pages\/4787\/revisions"}],"predecessor-version":[{"id":4798,"href":"https:\/\/entredosmons.es\/ca\/wp-json\/wp\/v2\/pages\/4787\/revisions\/4798"}],"wp:attachment":[{"href":"https:\/\/entredosmons.es\/ca\/wp-json\/wp\/v2\/media?parent=4787"}],"curies":[{"name":"wp","href":"https:\/\/api.w.org\/{rel}","templated":true}]}}