{"id":4825,"date":"2022-03-29T09:48:52","date_gmt":"2022-03-29T07:48:52","guid":{"rendered":"https:\/\/entredosmons.es\/noticies\/"},"modified":"2022-03-29T09:48:52","modified_gmt":"2022-03-29T07:48:52","slug":"noticies","status":"publish","type":"page","link":"https:\/\/entredosmons.es\/ca\/noticies\/","title":{"rendered":"Not\u00edcies"},"content":{"rendered":"<p>[et_pb_section fb_built=&#8221;1&#8243; fullwidth=&#8221;on&#8221; admin_label=&#8221;Hero Section&#8221; _builder_version=&#8221;4.4.8&#8243; background_enable_color=&#8221;off&#8221; animation_direction=&#8221;bottom&#8221; custom_css_main_element=&#8221;margin-top: -79px;&#8221; global_colors_info=&#8221;{}&#8221;][et_pb_fullwidth_header title=&#8221;NOT\u00cdCIES&#8221; subhead=&#8221;ENTRE DOS MONS&#8221; text_orientation=&#8221;center&#8221; header_fullscreen=&#8221;on&#8221; button_one_url=&#8221;http:\/\/divi.dev\/wedding\/#rsvp&#8221; background_overlay_color=&#8221;rgba(0,0,0,0)&#8221; title_font_color=&#8221;#444235&#8243; subhead_font_color=&#8221;#444235&#8243; subhead_tablet=&#8221;ENTRE DOS MONS&#8221; subhead_phone=&#8221;ENTRE DOS MONS&#8221; subhead_last_edited=&#8221;on|desktop&#8221; admin_label=&#8221;Hero&#8221; _builder_version=&#8221;4.14.9&#8243; title_font=&#8221;Abril Fatface||||||||&#8221; title_text_color=&#8221;#ffffff&#8221; title_font_size=&#8221;65px&#8221; content_text_color=&#8221;#000000&#8243; subhead_font=&#8221;Abril Fatface||||||||&#8221; subhead_text_color=&#8221;#ffffff&#8221; subhead_font_size=&#8221;4.5em&#8221; subhead_letter_spacing=&#8221;8px&#8221; background_color=&#8221;rgba(0,0,0,0.6)&#8221; background_image=&#8221;https:\/\/entredosmons.es\/wp-content\/uploads\/2020\/06\/Entre-dos-mons-3.jpg&#8221; background_blend=&#8221;multiply&#8221; custom_button_one=&#8221;on&#8221; button_one_text_size=&#8221;16px&#8221; button_one_text_color=&#8221;#ffffff&#8221; button_one_border_width=&#8221;2px&#8221; button_one_border_color=&#8221;#ffffff&#8221; button_one_border_radius=&#8221;0px&#8221; button_one_letter_spacing=&#8221;6px&#8221; button_one_font=&#8221;Open Sans||||&#8221; button_one_use_icon=&#8221;off&#8221; hover_enabled=&#8221;0&#8243; title_font_size_tablet=&#8221;&#8221; title_font_size_phone=&#8221;80px&#8221; title_font_size_last_edited=&#8221;on|phone&#8221; button_one_letter_spacing_hover=&#8221;10px&#8221; global_colors_info=&#8221;{}&#8221; button_one_text_size__hover_enabled=&#8221;off&#8221; button_two_text_size__hover_enabled=&#8221;off&#8221; button_one_text_color__hover_enabled=&#8221;off&#8221; button_two_text_color__hover_enabled=&#8221;off&#8221; button_one_border_width__hover_enabled=&#8221;off&#8221; button_two_border_width__hover_enabled=&#8221;off&#8221; button_one_border_color__hover_enabled=&#8221;off&#8221; button_two_border_color__hover_enabled=&#8221;off&#8221; button_one_border_radius__hover_enabled=&#8221;off&#8221; button_two_border_radius__hover_enabled=&#8221;off&#8221; button_one_letter_spacing__hover_enabled=&#8221;on&#8221; button_one_letter_spacing__hover=&#8221;10px&#8221; button_two_letter_spacing__hover_enabled=&#8221;off&#8221; button_one_bg_color__hover_enabled=&#8221;off&#8221; button_two_bg_color__hover_enabled=&#8221;off&#8221; sticky_enabled=&#8221;0&#8243; subhead_line_height=&#8221;1.5em&#8221;][\/et_pb_fullwidth_header][\/et_pb_section][et_pb_section fb_built=&#8221;1&#8243; _builder_version=&#8221;4.4.4&#8243; custom_padding=&#8221;60px||10px|||&#8221; global_colors_info=&#8221;{}&#8221;][et_pb_row _builder_version=&#8221;4.4.4&#8243; custom_margin=&#8221;|auto|45px|auto||&#8221; custom_padding=&#8221;17px|||||&#8221; global_colors_info=&#8221;{}&#8221;][et_pb_column type=&#8221;4_4&#8243; _builder_version=&#8221;4.4.4&#8243; global_colors_info=&#8221;{}&#8221;][et_pb_text _builder_version=&#8221;4.14.9&#8243; header_2_font=&#8221;||||||||&#8221; text_orientation=&#8221;center&#8221; custom_margin=&#8221;8px|||||&#8221; global_colors_info=&#8221;{}&#8221;]<\/p>\n<h2 style=\"font-family: 'Abril Fatface',display; font-size: 35px; letter-spacing: 4px\">Aqu\u00ed \u00e9s on es cuinen les not\u00edcies sobre el nostre restaurant<\/h2>\n<p>[\/et_pb_text][\/et_pb_column][\/et_pb_row][et_pb_row _builder_version=&#8221;4.14.9&#8243; _module_preset=&#8221;default&#8221; custom_padding=&#8221;||0px|||&#8221; global_colors_info=&#8221;{}&#8221;][et_pb_column type=&#8221;4_4&#8243; _builder_version=&#8221;4.14.9&#8243; _module_preset=&#8221;default&#8221; global_colors_info=&#8221;{}&#8221;][dsm_blog_carousel include_categories=&#8221;88&#8243; use_date=&#8221;off&#8221; use_author=&#8221;off&#8221; columns=&#8221;1&#8243; use_pagi=&#8221;off&#8221; _builder_version=&#8221;4.14.9&#8243; _module_preset=&#8221;default&#8221; custom_readmore=&#8221;on&#8221; global_colors_info=&#8221;{}&#8221;][\/dsm_blog_carousel][\/et_pb_column][\/et_pb_row][\/et_pb_section][et_pb_section fb_built=&#8221;1&#8243; _builder_version=&#8221;4.4.4&#8243; custom_padding=&#8221;9px||42px|||&#8221; locked=&#8221;off&#8221; global_colors_info=&#8221;{}&#8221;][et_pb_row _builder_version=&#8221;4.4.4&#8243; global_colors_info=&#8221;{}&#8221;][et_pb_column type=&#8221;4_4&#8243; _builder_version=&#8221;4.4.4&#8243; global_colors_info=&#8221;{}&#8221;][et_pb_code _builder_version=&#8221;4.4.4&#8243; global_colors_info=&#8221;{}&#8221;]<\/p>\n<hr style=\"color: #8080804d;\">[\/et_pb_code][\/et_pb_column][\/et_pb_row][\/et_pb_section][et_pb_section fb_built=&#8221;1&#8243; fullwidth=&#8221;on&#8221; _builder_version=&#8221;4.4.4&#8243; global_colors_info=&#8221;{}&#8221;][et_pb_fullwidth_code _builder_version=&#8221;4.4.4&#8243; global_colors_info=&#8221;{}&#8221;][logocarousel id=&#8221;116&#8243;][\/et_pb_fullwidth_code][\/et_pb_section][et_pb_section fb_built=&#8221;1&#8243; _builder_version=&#8221;4.4.4&#8243; custom_padding=&#8221;9px||42px|||&#8221; global_colors_info=&#8221;{}&#8221;][et_pb_row _builder_version=&#8221;4.4.4&#8243; global_colors_info=&#8221;{}&#8221;][et_pb_column type=&#8221;4_4&#8243; _builder_version=&#8221;4.4.4&#8243; global_colors_info=&#8221;{}&#8221;][et_pb_code _builder_version=&#8221;4.4.4&#8243; global_colors_info=&#8221;{}&#8221;]<\/p>\n<hr style=\"color: #8080804d;\">[\/et_pb_code][\/et_pb_column][\/et_pb_row][\/et_pb_section]<\/p>\n","protected":false},"excerpt":{"rendered":"<p>Aqu\u00ed \u00e9s on es cuinen les not\u00edcies sobre el nostre restaurant<div class=\"et_pb_module dsm_blog_carousel dsm_blog_carousel_0\">\n\t\t\t\t\n\t\t\t\t\n\t\t\t\t\n\t\t\t\t\n\t\t\t\t\n\t\t\t\t\n\t\t\t\t<div class=\"et_pb_module_inner\">\n\t\t\t\t\t<div class=\"dsm-blog-carousel\" data-orientation='horizontal' data-loop='1' data-speed='500' data-columnsdesktop='1' data-columnsphone='1' data-columnstablet='1' data-autoplay='on' data-autoplayspeed='5000' data-ordernumber='0' data-spacing='30' data-spacingtablet='30' data-spacingphone='30' data-effect='default' data-effect-shadows='off' data-effect-coverflow-rotate='30' data-effect-coverflow-depth='100' data-centered='off' data-multi-row='off' data-row='1' data-rowstablet='1' data-rowsphone='1' data-pagi-button-style='bullets' data-pause-on-hover='off' data-touch-move='off' data-grab='on' data-mousewheel='off' data-autoplay-viewport='80%'>\n\t\t\t\t<div class=\"swiper-container\" dir=\"ltr\">\n\t\t\t\t\t<div class=\"dsm-blog-carousel-wrapper swiper-wrapper\">\n\t\t\t\t\t\t\n\t\t\t\t<article class=\"dsm-blog-carousel-item swiper-slide\">\n\t\t\t\t\t<div class=\"dsm-grid-post-holder-inner\">\n\t\t\t\t\t\t\t\t\t\t\t\t\t<div class=\"dsm-entry-image\">\n\t\t\t\t\t\t\t\t\t\t\t\t\t\t\t\t<div class=\"dsm-entry-thumbnail\">\n\t\t\t\t\t\t\t\t\t<a href=\"https:\/\/entredosmons.es\/ca\/els-palamosins-la-barberia-i-entre-dos-mons-guanyen-premis-cartavi\/\">\n\t\t\t\t\t\t\t\t\t\t<img width=\"800\" height=\"600\" src=\"https:\/\/entredosmons.es\/wp-content\/uploads\/2022\/05\/20220505-catavi.jpg\" class=\"skip-lazy wp-post-image\" alt=\"\" decoding=\"async\" loading=\"lazy\" srcset=\"https:\/\/entredosmons.es\/wp-content\/uploads\/2022\/05\/20220505-catavi.jpg 800w, https:\/\/entredosmons.es\/wp-content\/uploads\/2022\/05\/20220505-catavi-480x360.jpg 480w\" sizes=\"(min-width: 0px) and (max-width: 480px) 480px, (min-width: 481px) 800px, 100vw\" \/>\t\t\t\t\t\t\t\t\t<\/a>\n\t\t\t\t\t\t\t\t<\/div>\n\t\t\t\t\t\t\t<\/div>\n\t\t\t\t\t\t\n\t\t\t\t\t\t<div class=\"dsm-entry-wrapper\">\n\t\t\t\t\t\t\t\t\t\t\t\t\t\t<header class=\"dsm-entry-header\">\n\t\t\t\t\t\t\t\t\t\t<h2 class=\"dsm-entry-title\">\n\t\t\t\t\t\t\t\t\t\t\t<a href=\"https:\/\/entredosmons.es\/ca\/els-palamosins-la-barberia-i-entre-dos-mons-guanyen-premis-cartavi\/\" title=\"Els palamosins &#8216;La Barberia&#8217; i &#8216;Entre dos mons&#8217;, guanyen premis Cartav\u00ed\">\n\t\t\t\t\t\t\t\t\t\t\t\tEls palamosins &#8216;La Barberia&#8217; i &#8216;Entre dos mons&#8217;, guanyen premis Cartav\u00ed\t\t\t\t\t\t\t\t\t\t\t<\/a>\n\t\t\t\t\t\t\t\t\t<\/h2>\n\t\t\t\t\t\t\t\t<\/header>\n\t\t\t\t\t\t\n\t\t\t\t\t\t\n\t\t\t\t\t\t\t\t\t\t\t\t\t\t<div class=\"dsm-entry-content\">\n\t\t\t\t\t\t\t\t<div class=\"dsm-post-excerpt\">\n\t\t\t\t\t\t\t\t\t<p>Dos establiments palamosins, la taverna &#039;La Barberia&#039; i el restaurant &#039;Entre dos mons&#039;, han guanyat premis del concurs Cartav\u00ed a la demarcaci\u00f3 de Girona.<\/p>\n\t\t\t\t\t\t\t\t<\/div>\n\t\t\t\t\t\t\t<\/div>\n\t\t\t\t\t\t\t\n\t\t\t\t\t\t\t\t\n\t\t\t\t\t\t\t\t\t\t\t\t\t<\/div>\n\t\t\t\t\t<\/div>\n\t\t\t\t<\/article>\n\n\t\t\t\t\n\t\t\t\t<article class=\"dsm-blog-carousel-item swiper-slide\">\n\t\t\t\t\t<div class=\"dsm-grid-post-holder-inner\">\n\t\t\t\t\t\t\t\t\t\t\t\t\t<div class=\"dsm-entry-image\">\n\t\t\t\t\t\t\t\t\t\t\t\t\t\t\t\t<div class=\"dsm-entry-thumbnail\">\n\t\t\t\t\t\t\t\t\t<a href=\"https:\/\/entredosmons.es\/ca\/hem-sortit-en-el-diari-el-mundo\/\">\n\t\t\t\t\t\t\t\t\t\t<img width=\"1080\" height=\"675\" src=\"https:\/\/entredosmons.es\/wp-content\/uploads\/2022\/04\/banner-noticia-el-mundo-e2m-1080x675.jpg\" class=\"skip-lazy wp-post-image\" alt=\"\" decoding=\"async\" loading=\"lazy\" srcset=\"https:\/\/entredosmons.es\/wp-content\/uploads\/2022\/04\/banner-noticia-el-mundo-e2m-1080x675.jpg 1080w, https:\/\/entredosmons.es\/wp-content\/uploads\/2022\/04\/banner-noticia-el-mundo-e2m-980x628.jpg 980w, https:\/\/entredosmons.es\/wp-content\/uploads\/2022\/04\/banner-noticia-el-mundo-e2m-480x307.jpg 480w\" sizes=\"(min-width: 0px) and (max-width: 480px) 480px, (min-width: 481px) and (max-width: 980px) 980px, (min-width: 981px) 1080px, 100vw\" \/>\t\t\t\t\t\t\t\t\t<\/a>\n\t\t\t\t\t\t\t\t<\/div>\n\t\t\t\t\t\t\t<\/div>\n\t\t\t\t\t\t\n\t\t\t\t\t\t<div class=\"dsm-entry-wrapper\">\n\t\t\t\t\t\t\t\t\t\t\t\t\t\t<header class=\"dsm-entry-header\">\n\t\t\t\t\t\t\t\t\t\t<h2 class=\"dsm-entry-title\">\n\t\t\t\t\t\t\t\t\t\t\t<a href=\"https:\/\/entredosmons.es\/ca\/hem-sortit-en-el-diari-el-mundo\/\" title=\"Hem sortit en el diari: EL MUNDO\">\n\t\t\t\t\t\t\t\t\t\t\t\tHem sortit en el diari: EL MUNDO\t\t\t\t\t\t\t\t\t\t\t<\/a>\n\t\t\t\t\t\t\t\t\t<\/h2>\n\t\t\t\t\t\t\t\t<\/header>\n\t\t\t\t\t\t\n\t\t\t\t\t\t\n\t\t\t\t\t\t\t\t\t\t\t\t\t\t<div class=\"dsm-entry-content\">\n\t\t\t\t\t\t\t\t<div class=\"dsm-post-excerpt\">\n\t\t\t\t\t\t\t\t\t<p>Avui os venim a explicar que la periodista Bel\u00e9n Parra va venir a visitarnos al restaurant per a fer-nos una entrevista sobre la nostra cuina per al diari: El Mundo.<\/p>\n\t\t\t\t\t\t\t\t<\/div>\n\t\t\t\t\t\t\t<\/div>\n\t\t\t\t\t\t\t\n\t\t\t\t\t\t\t\t\n\t\t\t\t\t\t\t\t\t\t\t\t\t<\/div>\n\t\t\t\t\t<\/div>\n\t\t\t\t<\/article>\n\n\t\t\t\t\n\t\t\t\t<article class=\"dsm-blog-carousel-item swiper-slide\">\n\t\t\t\t\t<div class=\"dsm-grid-post-holder-inner\">\n\t\t\t\t\t\t\t\t\t\t\t\t\t<div class=\"dsm-entry-image\">\n\t\t\t\t\t\t\t\t\t\t\t\t\t\t\t\t<div class=\"dsm-entry-thumbnail\">\n\t\t\t\t\t\t\t\t\t<a href=\"https:\/\/entredosmons.es\/ca\/sortim-al-diari-el-nacional\/\">\n\t\t\t\t\t\t\t\t\t\t<img width=\"630\" height=\"420\" src=\"https:\/\/entredosmons.es\/wp-content\/uploads\/2022\/03\/banner-el-nacional-entredosmons.jpeg\" class=\"skip-lazy wp-post-image\" alt=\"\" decoding=\"async\" loading=\"lazy\" srcset=\"https:\/\/entredosmons.es\/wp-content\/uploads\/2022\/03\/banner-el-nacional-entredosmons.jpeg 630w, https:\/\/entredosmons.es\/wp-content\/uploads\/2022\/03\/banner-el-nacional-entredosmons-480x320.jpeg 480w\" sizes=\"(min-width: 0px) and (max-width: 480px) 480px, (min-width: 481px) 630px, 100vw\" \/>\t\t\t\t\t\t\t\t\t<\/a>\n\t\t\t\t\t\t\t\t<\/div>\n\t\t\t\t\t\t\t<\/div>\n\t\t\t\t\t\t\n\t\t\t\t\t\t<div class=\"dsm-entry-wrapper\">\n\t\t\t\t\t\t\t\t\t\t\t\t\t\t<header class=\"dsm-entry-header\">\n\t\t\t\t\t\t\t\t\t\t<h2 class=\"dsm-entry-title\">\n\t\t\t\t\t\t\t\t\t\t\t<a href=\"https:\/\/entredosmons.es\/ca\/sortim-al-diari-el-nacional\/\" title=\"Sortim al diari: El Nacional\">\n\t\t\t\t\t\t\t\t\t\t\t\tSortim al diari: El Nacional\t\t\t\t\t\t\t\t\t\t\t<\/a>\n\t\t\t\t\t\t\t\t\t<\/h2>\n\t\t\t\t\t\t\t\t<\/header>\n\t\t\t\t\t\t\n\t\t\t\t\t\t\n\t\t\t\t\t\t\t\t\t\t\t\t\t\t<div class=\"dsm-entry-content\">\n\t\t\t\t\t\t\t\t<div class=\"dsm-post-excerpt\">\n\t\t\t\t\t\t\t\t\t<p>Es tracta del restaurant Entre Dos Mons, que a m\u00e9s ja \u00e9s dins de la Guia Michelin per la gran qualitat dels seus plats de la carta i els seus diferents men\u00fas. En aquest restaurant es fusiona la gastronomia catalana amb els sabors de les millors receptes peruanes, ja<\/p>\n\t\t\t\t\t\t\t\t<\/div>\n\t\t\t\t\t\t\t<\/div>\n\t\t\t\t\t\t\t\n\t\t\t\t\t\t\t\t\n\t\t\t\t\t\t\t\t\t\t\t\t\t<\/div>\n\t\t\t\t\t<\/div>\n\t\t\t\t<\/article>\n\n\t\t\t\t\n\t\t\t\t<article class=\"dsm-blog-carousel-item swiper-slide\">\n\t\t\t\t\t<div class=\"dsm-grid-post-holder-inner\">\n\t\t\t\t\t\t\t\t\t\t\t\t\t<div class=\"dsm-entry-image\">\n\t\t\t\t\t\t\t\t\t\t\t\t\t\t\t\t<div class=\"dsm-entry-thumbnail\">\n\t\t\t\t\t\t\t\t\t<a href=\"https:\/\/entredosmons.es\/ca\/ens-visita-guia-michelin\/\">\n\t\t\t\t\t\t\t\t\t\t<img width=\"1080\" height=\"540\" src=\"https:\/\/entredosmons.es\/wp-content\/uploads\/2022\/03\/arros-gamba-palamos-entredosmons.jpg\" class=\"skip-lazy wp-post-image\" alt=\"\" decoding=\"async\" loading=\"lazy\" srcset=\"https:\/\/entredosmons.es\/wp-content\/uploads\/2022\/03\/arros-gamba-palamos-entredosmons.jpg 1080w, https:\/\/entredosmons.es\/wp-content\/uploads\/2022\/03\/arros-gamba-palamos-entredosmons-980x490.jpg 980w, https:\/\/entredosmons.es\/wp-content\/uploads\/2022\/03\/arros-gamba-palamos-entredosmons-480x240.jpg 480w\" sizes=\"(min-width: 0px) and (max-width: 480px) 480px, (min-width: 481px) and (max-width: 980px) 980px, (min-width: 981px) 1080px, 100vw\" \/>\t\t\t\t\t\t\t\t\t<\/a>\n\t\t\t\t\t\t\t\t<\/div>\n\t\t\t\t\t\t\t<\/div>\n\t\t\t\t\t\t\n\t\t\t\t\t\t<div class=\"dsm-entry-wrapper\">\n\t\t\t\t\t\t\t\t\t\t\t\t\t\t<header class=\"dsm-entry-header\">\n\t\t\t\t\t\t\t\t\t\t<h2 class=\"dsm-entry-title\">\n\t\t\t\t\t\t\t\t\t\t\t<a href=\"https:\/\/entredosmons.es\/ca\/ens-visita-guia-michelin\/\" title=\"Ens visita: Guia Michelin\">\n\t\t\t\t\t\t\t\t\t\t\t\tEns visita: Guia Michelin\t\t\t\t\t\t\t\t\t\t\t<\/a>\n\t\t\t\t\t\t\t\t\t<\/h2>\n\t\t\t\t\t\t\t\t<\/header>\n\t\t\t\t\t\t\n\t\t\t\t\t\t\n\t\t\t\t\t\t\t\t\t\t\t\t\t\t<div class=\"dsm-entry-content\">\n\t\t\t\t\t\t\t\t<div class=\"dsm-post-excerpt\">\n\t\t\t\t\t\t\t\t\t<p>El mes d&#039;octubre passat ens va visitar al restaurant Entre dos Mons: Guia Michelin.<\/p>\n\t\t\t\t\t\t\t\t<\/div>\n\t\t\t\t\t\t\t<\/div>\n\t\t\t\t\t\t\t\n\t\t\t\t\t\t\t\t\n\t\t\t\t\t\t\t\t\t\t\t\t\t<\/div>\n\t\t\t\t\t<\/div>\n\t\t\t\t<\/article>\n\n\t\t\t\t\n\t\t\t\t\t<\/div>\n\t\t\t\t<\/div>\n\t\t\t\t<div class=\"swiper-button-next swiper-arrow-button dsm-arrow-button-next0\" data-icon=5><\/div>\n\t\t\t\t<div class=\"swiper-button-prev swiper-arrow-button dsm-arrow-button-prev0\" data-icon=4><\/div>\n\t\t\t\t<div class=\"swiper-container-horizontal\">\n\t\t\t\t\t\n\t\t\t\t<\/div>\n\t\t\t<\/div>\n\t\t\t\t<\/div>\n\t\t\t<\/div>[logocarousel id=&#8221;116&#8243;]<\/p>\n","protected":false},"author":1,"featured_media":0,"parent":0,"menu_order":0,"comment_status":"closed","ping_status":"closed","template":"","meta":{"_et_pb_use_builder":"on","_et_pb_old_content":"","_et_gb_content_width":"","footnotes":""},"class_list":["post-4825","page","type-page","status-publish","hentry"],"yoast_head":"<!-- This site is optimized with the Yoast SEO plugin v24.8.1 - https:\/\/yoast.com\/wordpress\/plugins\/seo\/ -->\n<title>Not\u00edcies - Entre dos mons<\/title>\n<meta name=\"robots\" content=\"index, follow, max-snippet:-1, max-image-preview:large, max-video-preview:-1\" \/>\n<link rel=\"canonical\" href=\"https:\/\/entredosmons.es\/noticias\/\" \/>\n<meta property=\"og:locale\" content=\"ca_ES\" \/>\n<meta property=\"og:type\" content=\"article\" \/>\n<meta property=\"og:title\" content=\"Not\u00edcies - Entre dos mons\" \/>\n<meta property=\"og:description\" content=\"Aqu\u00ed \u00e9s on es cuinen les not\u00edcies sobre el nostre restaurant[logocarousel id=&quot;116&quot;]\" \/>\n<meta property=\"og:url\" content=\"https:\/\/entredosmons.es\/noticias\/\" \/>\n<meta property=\"og:site_name\" content=\"Entre dos mons\" \/>\n<meta name=\"twitter:card\" content=\"summary_large_image\" \/>\n<meta name=\"twitter:label1\" content=\"Temps estimat de lectura\" \/>\n\t<meta name=\"twitter:data1\" content=\"3 minuts\" \/>\n<script type=\"application\/ld+json\" class=\"yoast-schema-graph\">{\"@context\":\"https:\/\/schema.org\",\"@graph\":[{\"@type\":\"WebPage\",\"@id\":\"https:\/\/entredosmons.es\/noticias\/\",\"url\":\"https:\/\/entredosmons.es\/noticias\/\",\"name\":\"Not\u00edcies - Entre dos mons\",\"isPartOf\":{\"@id\":\"https:\/\/entredosmons.es\/#website\"},\"datePublished\":\"2022-03-29T07:48:52+00:00\",\"breadcrumb\":{\"@id\":\"https:\/\/entredosmons.es\/noticias\/#breadcrumb\"},\"inLanguage\":\"ca\",\"potentialAction\":[{\"@type\":\"ReadAction\",\"target\":[\"https:\/\/entredosmons.es\/noticias\/\"]}]},{\"@type\":\"BreadcrumbList\",\"@id\":\"https:\/\/entredosmons.es\/noticias\/#breadcrumb\",\"itemListElement\":[{\"@type\":\"ListItem\",\"position\":1,\"name\":\"Portada\",\"item\":\"https:\/\/entredosmons.es\/\"},{\"@type\":\"ListItem\",\"position\":2,\"name\":\"Not\u00edcies\"}]},{\"@type\":\"WebSite\",\"@id\":\"https:\/\/entredosmons.es\/#website\",\"url\":\"https:\/\/entredosmons.es\/\",\"name\":\"Entre dos mons\",\"description\":\"Gastro fusi\u00f3\",\"potentialAction\":[{\"@type\":\"SearchAction\",\"target\":{\"@type\":\"EntryPoint\",\"urlTemplate\":\"https:\/\/entredosmons.es\/?s={search_term_string}\"},\"query-input\":{\"@type\":\"PropertyValueSpecification\",\"valueRequired\":true,\"valueName\":\"search_term_string\"}}],\"inLanguage\":\"ca\"}]}<\/script>\n<!-- \/ Yoast SEO plugin. -->","yoast_head_json":{"title":"Not\u00edcies - Entre dos mons","robots":{"index":"index","follow":"follow","max-snippet":"max-snippet:-1","max-image-preview":"max-image-preview:large","max-video-preview":"max-video-preview:-1"},"canonical":"https:\/\/entredosmons.es\/noticias\/","og_locale":"ca_ES","og_type":"article","og_title":"Not\u00edcies - Entre dos mons","og_description":"Aqu\u00ed \u00e9s on es cuinen les not\u00edcies sobre el nostre restaurant[logocarousel id=\"116\"]","og_url":"https:\/\/entredosmons.es\/noticias\/","og_site_name":"Entre dos mons","twitter_card":"summary_large_image","twitter_misc":{"Temps estimat de lectura":"3 minuts"},"schema":{"@context":"https:\/\/schema.org","@graph":[{"@type":"WebPage","@id":"https:\/\/entredosmons.es\/noticias\/","url":"https:\/\/entredosmons.es\/noticias\/","name":"Not\u00edcies - Entre dos mons","isPartOf":{"@id":"https:\/\/entredosmons.es\/#website"},"datePublished":"2022-03-29T07:48:52+00:00","breadcrumb":{"@id":"https:\/\/entredosmons.es\/noticias\/#breadcrumb"},"inLanguage":"ca","potentialAction":[{"@type":"ReadAction","target":["https:\/\/entredosmons.es\/noticias\/"]}]},{"@type":"BreadcrumbList","@id":"https:\/\/entredosmons.es\/noticias\/#breadcrumb","itemListElement":[{"@type":"ListItem","position":1,"name":"Portada","item":"https:\/\/entredosmons.es\/"},{"@type":"ListItem","position":2,"name":"Not\u00edcies"}]},{"@type":"WebSite","@id":"https:\/\/entredosmons.es\/#website","url":"https:\/\/entredosmons.es\/","name":"Entre dos mons","description":"Gastro fusi\u00f3","potentialAction":[{"@type":"SearchAction","target":{"@type":"EntryPoint","urlTemplate":"https:\/\/entredosmons.es\/?s={search_term_string}"},"query-input":{"@type":"PropertyValueSpecification","valueRequired":true,"valueName":"search_term_string"}}],"inLanguage":"ca"}]}},"_links":{"self":[{"href":"https:\/\/entredosmons.es\/ca\/wp-json\/wp\/v2\/pages\/4825","targetHints":{"allow":["GET"]}}],"collection":[{"href":"https:\/\/entredosmons.es\/ca\/wp-json\/wp\/v2\/pages"}],"about":[{"href":"https:\/\/entredosmons.es\/ca\/wp-json\/wp\/v2\/types\/page"}],"author":[{"embeddable":true,"href":"https:\/\/entredosmons.es\/ca\/wp-json\/wp\/v2\/users\/1"}],"replies":[{"embeddable":true,"href":"https:\/\/entredosmons.es\/ca\/wp-json\/wp\/v2\/comments?post=4825"}],"version-history":[{"count":2,"href":"https:\/\/entredosmons.es\/ca\/wp-json\/wp\/v2\/pages\/4825\/revisions"}],"predecessor-version":[{"id":4827,"href":"https:\/\/entredosmons.es\/ca\/wp-json\/wp\/v2\/pages\/4825\/revisions\/4827"}],"wp:attachment":[{"href":"https:\/\/entredosmons.es\/ca\/wp-json\/wp\/v2\/media?parent=4825"}],"curies":[{"name":"wp","href":"https:\/\/api.w.org\/{rel}","templated":true}]}}