{"id":889,"date":"2020-05-05T15:02:19","date_gmt":"2020-05-05T13:02:19","guid":{"rendered":"https:\/\/entredosmons.es\/equipo\/"},"modified":"2021-11-02T11:06:16","modified_gmt":"2021-11-02T09:06:16","slug":"equipo","status":"publish","type":"page","link":"https:\/\/entredosmons.es\/ca\/equipo\/","title":{"rendered":"Roger i Mila"},"content":{"rendered":"<p>[et_pb_section fb_built=&#8221;1&#8243; fullwidth=&#8221;on&#8221; admin_label=&#8221;Hero Section&#8221; _builder_version=&#8221;4.4.8&#8243; background_enable_color=&#8221;off&#8221; animation_direction=&#8221;bottom&#8221; custom_css_main_element=&#8221;margin-top: -79px;&#8221; global_colors_info=&#8221;{}&#8221;][et_pb_fullwidth_header text_orientation=&#8221;center&#8221; header_fullscreen=&#8221;on&#8221; button_one_url=&#8221;http:\/\/divi.dev\/wedding\/#rsvp&#8221; background_overlay_color=&#8221;rgba(0,0,0,0)&#8221; title_font_color=&#8221;#444235&#8243; subhead_font_color=&#8221;#444235&#8243; admin_label=&#8221;Hero&#8221; _builder_version=&#8221;4.4.8&#8243; title_font=&#8221;Abril Fatface||||||||&#8221; title_text_color=&#8221;#ffffff&#8221; title_font_size=&#8221;65px&#8221; content_text_color=&#8221;#000000&#8243; subhead_font=&#8221;Montserrat||||||||&#8221; subhead_text_color=&#8221;#ffffff&#8221; subhead_font_size=&#8221;20px&#8221; subhead_letter_spacing=&#8221;8px&#8221; background_enable_color=&#8221;off&#8221; background_image=&#8221;https:\/\/entredosmons.es\/wp-content\/uploads\/2020\/05\/pic-33-scaled.jpg&#8221; custom_button_one=&#8221;on&#8221; button_one_text_size=&#8221;16px&#8221; button_one_text_color=&#8221;#ffffff&#8221; button_one_border_width=&#8221;2px&#8221; button_one_border_color=&#8221;#ffffff&#8221; button_one_border_radius=&#8221;0px&#8221; button_one_letter_spacing=&#8221;6px&#8221; button_one_font=&#8221;Open Sans||||&#8221; button_one_use_icon=&#8221;off&#8221; title_font_size_tablet=&#8221;&#8221; title_font_size_phone=&#8221;80px&#8221; title_font_size_last_edited=&#8221;on|phone&#8221; button_one_letter_spacing_hover=&#8221;10px&#8221; global_colors_info=&#8221;{}&#8221; button_one_text_size__hover_enabled=&#8221;off&#8221; button_two_text_size__hover_enabled=&#8221;off&#8221; button_one_text_color__hover_enabled=&#8221;off&#8221; button_two_text_color__hover_enabled=&#8221;off&#8221; button_one_border_width__hover_enabled=&#8221;off&#8221; button_two_border_width__hover_enabled=&#8221;off&#8221; button_one_border_color__hover_enabled=&#8221;off&#8221; button_two_border_color__hover_enabled=&#8221;off&#8221; button_one_border_radius__hover_enabled=&#8221;off&#8221; button_two_border_radius__hover_enabled=&#8221;off&#8221; button_one_letter_spacing__hover_enabled=&#8221;on&#8221; button_one_letter_spacing__hover=&#8221;10px&#8221; button_two_letter_spacing__hover_enabled=&#8221;off&#8221; button_one_bg_color__hover_enabled=&#8221;off&#8221; button_two_bg_color__hover_enabled=&#8221;off&#8221;][\/et_pb_fullwidth_header][\/et_pb_section][et_pb_section fb_built=&#8221;1&#8243; _builder_version=&#8221;4.4.4&#8243; custom_padding=&#8221;60px||10px|||&#8221; global_colors_info=&#8221;{}&#8221;][et_pb_row _builder_version=&#8221;4.4.4&#8243; custom_margin=&#8221;|auto|45px|auto||&#8221; custom_padding=&#8221;17px|||||&#8221; global_colors_info=&#8221;{}&#8221;][et_pb_column type=&#8221;4_4&#8243; _builder_version=&#8221;4.4.4&#8243; global_colors_info=&#8221;{}&#8221;][et_pb_text _builder_version=&#8221;4.4.4&#8243; text_orientation=&#8221;center&#8221; custom_margin=&#8221;||50px|||&#8221; global_colors_info=&#8221;{}&#8221;]<\/p>\n<h2 style=\"font-family: 'Abril Fatface',display; font-size: 55px; letter-spacing: 4px;\">CONEIX L&#8217;EQUIP<\/h2>\n<p>[\/et_pb_text][et_pb_text _builder_version=&#8221;4.4.4&#8243; text_orientation=&#8221;center&#8221; custom_margin=&#8221;8px|||||&#8221; global_colors_info=&#8221;{}&#8221;]<\/p>\n<h2 style=\"font-family: 'Abril Fatface',display; font-size: 35px; letter-spacing: 4px;\">BENVINGUTS AL NOSTRE M\u00d3N GASTRON\u00d2MIC<\/h2>\n<p>[\/et_pb_text][et_pb_text _builder_version=&#8221;4.4.6&#8243; global_colors_info=&#8221;{}&#8221;]<\/p>\n<p>Entre dos mons fa refer\u00e8ncia a nosaltres, ja que venim de dues cultures diferents com \u00e9s la peruana i la catalana. La nostra cuina es basa en la passi\u00f3, on les bases s\u00f3n a foc lent. Tamb\u00e9 en hores d&#8217;afecte que ens fan recordar aromes i viv\u00e8ncies de la nostra inf\u00e0ncia, utilitzant i afegint t\u00e8cniques i influ\u00e8ncies adquirides. Busquem els millors productes de proximitat i temporada, tenint contacte directament amb els propis productors i petits cellers. Us convidem a deixar-vos portar a la nostra llar de sensacions i emocions.<\/p>\n<p>[\/et_pb_text][\/et_pb_column][\/et_pb_row][et_pb_row column_structure=&#8221;1_2,1_2&#8243; use_custom_gutter=&#8221;on&#8221; _builder_version=&#8221;4.4.4&#8243; width=&#8221;90%&#8221; global_colors_info=&#8221;{}&#8221;][et_pb_column type=&#8221;1_2&#8243; _builder_version=&#8221;4.4.4&#8243; custom_padding=&#8221;25px|25px|25px|25px|false|false&#8221; border_radii=&#8221;on|15px|15px|15px|15px&#8221; box_shadow_style=&#8221;preset2&#8243; global_colors_info=&#8221;{}&#8221;][et_pb_image src=&#8221;https:\/\/entredosmons.es\/wp-content\/uploads\/2020\/05\/Mila.jpg&#8221; title_text=&#8221;Mila&#8221; align=&#8221;center&#8221; _builder_version=&#8221;4.4.6&#8243; max_width=&#8221;50%&#8221; border_radii=&#8221;on|50%|50%|50%|50%&#8221; global_colors_info=&#8221;{}&#8221;][\/et_pb_image][et_pb_text _builder_version=&#8221;4.10.8&#8243; header_text_align=&#8221;left&#8221; text_orientation=&#8221;justified&#8221; custom_padding=&#8221;22px|||||&#8221; hover_enabled=&#8221;0&#8243; global_colors_info=&#8221;{}&#8221; sticky_enabled=&#8221;0&#8243;]<\/p>\n<p style=\"line-height: 1.4em; font-size: 18px; text-align: left;\">PROPIET\u00c0RIA I CAP DE CUINA NASCUDA A LIMA. <br \/>AMB 19 ANYS VA ARRIBAR A BARCELONA PER APRENDRE L&#8217;OFICI.<br \/>DE LA SEVA CURRICULUM DESTACA EL VIA VENETO, GAIG, LA-SARTE I DOS CIELOS.<\/p>\n<hr style=\"border: 1px solid #777777;\" \/>\n<p style=\"text-align: center; font-size: 35px; font-family: 'Abril Fatface',display; letter-spacing: 4px; color: #777777; padding-top: 10px; margin-bottom: 10px;\">Mila Acosta<\/p>\n<p>[\/et_pb_text][\/et_pb_column][et_pb_column type=&#8221;1_2&#8243; _builder_version=&#8221;4.4.4&#8243; custom_padding=&#8221;25px|25px|25px|25px|false|false&#8221; border_radii=&#8221;on|15px|15px|15px|15px&#8221; box_shadow_style=&#8221;preset2&#8243; global_colors_info=&#8221;{}&#8221;][et_pb_image src=&#8221;https:\/\/entredosmons.es\/wp-content\/uploads\/2020\/05\/Roger.jpg&#8221; title_text=&#8221;Roger&#8221; align=&#8221;center&#8221; _builder_version=&#8221;4.4.6&#8243; max_width=&#8221;50%&#8221; border_radii=&#8221;on|50%|50%|50%|50%&#8221; global_colors_info=&#8221;{}&#8221;][\/et_pb_image][et_pb_text _builder_version=&#8221;4.4.8&#8243; header_text_align=&#8221;left&#8221; text_orientation=&#8221;justified&#8221; custom_padding=&#8221;22px|||||&#8221; global_colors_info=&#8221;{}&#8221;]<\/p>\n<p style=\"line-height: 1.4em; font-size: 18px; text-align: left;\">PROPIETARI I PASTISSER. NASCUT A PALAFRUGELL.<br \/>DE LA SEVA CURRICULUM DESTACAREM CASAMAR, NEICHEL, VIA VENETO, DROLMA, COURE, Pollen STREET SOCIAL I Ogasawara-HAKUSHAKU-TEI.<\/p>\n<hr style=\"border: 1px solid #777777;\" \/>\n<p style=\"text-align: center; font-size: 35px; font-family: 'Abril Fatface',display; letter-spacing: 4px; color: #777777; padding-top: 10px; margin-bottom: 10px;\">Roger Cama<\/p>\n<p>[\/et_pb_text][\/et_pb_column][\/et_pb_row][et_pb_row _builder_version=&#8221;4.4.4&#8243; custom_padding=&#8221;16px|||||&#8221; global_colors_info=&#8221;{}&#8221;][et_pb_column type=&#8221;4_4&#8243; _builder_version=&#8221;4.4.4&#8243; global_colors_info=&#8221;{}&#8221;][et_pb_code _builder_version=&#8221;4.4.4&#8243; global_colors_info=&#8221;{}&#8221;]<\/p>\n<hr style=\"color: #8080804d;\" \/>[\/et_pb_code][\/et_pb_column][\/et_pb_row][et_pb_row _builder_version=&#8221;4.4.4&#8243; custom_padding=&#8221;16px|||||&#8221; global_colors_info=&#8221;{}&#8221;][et_pb_column type=&#8221;4_4&#8243; _builder_version=&#8221;4.4.4&#8243; global_colors_info=&#8221;{}&#8221;][et_pb_text _builder_version=&#8221;4.4.8&#8243; text_orientation=&#8221;center&#8221; min_height=&#8221;45px&#8221; custom_margin=&#8221;-14px|||||&#8221; custom_padding=&#8221;11px|||||&#8221; global_colors_info=&#8221;{}&#8221;]<\/p>\n<h2 style=\"font-family: 'Abril Fatface',display; font-size: 35px; letter-spacing: 4px;\">Si tienes inter\u00e9s en formar parte de Entredosmons, puedes hacernos llegar tu curr\u00edculum<\/h2>\n<p>[\/et_pb_text][et_pb_button button_url=&#8221;https:\/\/entredosmons.es\/ca\/trabaja-con-nosotros\/&#8221; button_text=&#8221;TREBALLA AMB NOSALTRES&#8221; button_alignment=&#8221;center&#8221; _builder_version=&#8221;4.4.8&#8243; custom_button=&#8221;on&#8221; button_text_size=&#8221;18px&#8221; button_text_color=&#8221;rgba(68,66,53,0.8)&#8221; button_use_icon=&#8221;off&#8221; global_colors_info=&#8221;{}&#8221;][\/et_pb_button][\/et_pb_column][\/et_pb_row][et_pb_row _builder_version=&#8221;4.4.4&#8243; custom_padding=&#8221;||17px|||&#8221; global_colors_info=&#8221;{}&#8221;][et_pb_column type=&#8221;4_4&#8243; _builder_version=&#8221;4.4.4&#8243; global_colors_info=&#8221;{}&#8221;][et_pb_code _builder_version=&#8221;4.4.4&#8243; custom_padding=&#8221;17px|||||&#8221; global_colors_info=&#8221;{}&#8221;]<\/p>\n<hr style=\"color: #8080804d;\" \/>[\/et_pb_code][\/et_pb_column][\/et_pb_row][\/et_pb_section][et_pb_section fb_built=&#8221;1&#8243; fullwidth=&#8221;on&#8221; _builder_version=&#8221;4.4.4&#8243; global_colors_info=&#8221;{}&#8221;]<\/p>\n<p>[et_pb_fullwidth_code _builder_version=&#8221;4.4.4&#8243;][logocarousel id=&#8221;116&#8243;][\/et_pb_fullwidth_code]<\/p>\n<p>[\/et_pb_section][et_pb_section fb_built=&#8221;1&#8243; _builder_version=&#8221;4.4.4&#8243; custom_padding=&#8221;9px||42px|||&#8221; global_colors_info=&#8221;{}&#8221;][et_pb_row _builder_version=&#8221;4.4.4&#8243; global_colors_info=&#8221;{}&#8221;][et_pb_column type=&#8221;4_4&#8243; _builder_version=&#8221;4.4.4&#8243; global_colors_info=&#8221;{}&#8221;][et_pb_code _builder_version=&#8221;4.4.4&#8243; global_colors_info=&#8221;{}&#8221;]<\/p>\n<hr style=\"color: #8080804d;\" \/>[\/et_pb_code][\/et_pb_column][\/et_pb_row][\/et_pb_section]<\/p>\n","protected":false},"excerpt":{"rendered":"<p>CONEIX L&#8217;EQUIPBENVINGUTS AL NOSTRE M\u00d3N GASTRON\u00d2MICEntre dos mons fa refer\u00e8ncia a nosaltres, ja que venim de dues cultures diferents com \u00e9s la peruana i la catalana. La nostra cuina es basa en la passi\u00f3, on les bases s\u00f3n a foc lent. Tamb\u00e9 en hores d&#8217;afecte que ens fan recordar aromes i viv\u00e8ncies de la nostra [&hellip;]<\/p>\n","protected":false},"author":1,"featured_media":0,"parent":0,"menu_order":0,"comment_status":"closed","ping_status":"closed","template":"","meta":{"_et_pb_use_builder":"on","_et_pb_old_content":"","_et_gb_content_width":"","footnotes":""},"class_list":["post-889","page","type-page","status-publish","hentry"],"yoast_head":"<!-- This site is optimized with the Yoast SEO plugin v24.8.1 - https:\/\/yoast.com\/wordpress\/plugins\/seo\/ -->\n<title>Roger i Mila - Entre dos mons<\/title>\n<meta name=\"robots\" content=\"index, follow, max-snippet:-1, max-image-preview:large, max-video-preview:-1\" \/>\n<link rel=\"canonical\" href=\"https:\/\/entredosmons.es\/ca\/equipo\/\" \/>\n<meta property=\"og:locale\" content=\"ca_ES\" \/>\n<meta property=\"og:type\" content=\"article\" \/>\n<meta property=\"og:title\" content=\"Roger i Mila - Entre dos mons\" \/>\n<meta property=\"og:description\" content=\"CONEIX L&#039;EQUIPBENVINGUTS AL NOSTRE M\u00d3N GASTRON\u00d2MICEntre dos mons fa refer\u00e8ncia a nosaltres, ja que venim de dues cultures diferents com \u00e9s la peruana i la catalana. La nostra cuina es basa en la passi\u00f3, on les bases s\u00f3n a foc lent. Tamb\u00e9 en hores d&#039;afecte que ens fan recordar aromes i viv\u00e8ncies de la nostra [&hellip;]\" \/>\n<meta property=\"og:url\" content=\"https:\/\/entredosmons.es\/ca\/equipo\/\" \/>\n<meta property=\"og:site_name\" content=\"Entre dos mons\" \/>\n<meta property=\"article:modified_time\" content=\"2021-11-02T09:06:16+00:00\" \/>\n<meta name=\"twitter:card\" content=\"summary_large_image\" \/>\n<meta name=\"twitter:label1\" content=\"Temps estimat de lectura\" \/>\n\t<meta name=\"twitter:data1\" content=\"5 minuts\" \/>\n<script type=\"application\/ld+json\" class=\"yoast-schema-graph\">{\"@context\":\"https:\/\/schema.org\",\"@graph\":[{\"@type\":\"WebPage\",\"@id\":\"https:\/\/entredosmons.es\/ca\/equipo\/\",\"url\":\"https:\/\/entredosmons.es\/ca\/equipo\/\",\"name\":\"Roger i Mila - Entre dos mons\",\"isPartOf\":{\"@id\":\"https:\/\/entredosmons.es\/#website\"},\"datePublished\":\"2020-05-05T13:02:19+00:00\",\"dateModified\":\"2021-11-02T09:06:16+00:00\",\"breadcrumb\":{\"@id\":\"https:\/\/entredosmons.es\/ca\/equipo\/#breadcrumb\"},\"inLanguage\":\"ca\",\"potentialAction\":[{\"@type\":\"ReadAction\",\"target\":[\"https:\/\/entredosmons.es\/ca\/equipo\/\"]}]},{\"@type\":\"BreadcrumbList\",\"@id\":\"https:\/\/entredosmons.es\/ca\/equipo\/#breadcrumb\",\"itemListElement\":[{\"@type\":\"ListItem\",\"position\":1,\"name\":\"Portada\",\"item\":\"https:\/\/entredosmons.es\/\"},{\"@type\":\"ListItem\",\"position\":2,\"name\":\"Roger i Mila\"}]},{\"@type\":\"WebSite\",\"@id\":\"https:\/\/entredosmons.es\/#website\",\"url\":\"https:\/\/entredosmons.es\/\",\"name\":\"Entre dos mons\",\"description\":\"Gastro fusi\u00f3\",\"potentialAction\":[{\"@type\":\"SearchAction\",\"target\":{\"@type\":\"EntryPoint\",\"urlTemplate\":\"https:\/\/entredosmons.es\/?s={search_term_string}\"},\"query-input\":{\"@type\":\"PropertyValueSpecification\",\"valueRequired\":true,\"valueName\":\"search_term_string\"}}],\"inLanguage\":\"ca\"}]}<\/script>\n<!-- \/ Yoast SEO plugin. -->","yoast_head_json":{"title":"Roger i Mila - Entre dos mons","robots":{"index":"index","follow":"follow","max-snippet":"max-snippet:-1","max-image-preview":"max-image-preview:large","max-video-preview":"max-video-preview:-1"},"canonical":"https:\/\/entredosmons.es\/ca\/equipo\/","og_locale":"ca_ES","og_type":"article","og_title":"Roger i Mila - Entre dos mons","og_description":"CONEIX L'EQUIPBENVINGUTS AL NOSTRE M\u00d3N GASTRON\u00d2MICEntre dos mons fa refer\u00e8ncia a nosaltres, ja que venim de dues cultures diferents com \u00e9s la peruana i la catalana. La nostra cuina es basa en la passi\u00f3, on les bases s\u00f3n a foc lent. Tamb\u00e9 en hores d'afecte que ens fan recordar aromes i viv\u00e8ncies de la nostra [&hellip;]","og_url":"https:\/\/entredosmons.es\/ca\/equipo\/","og_site_name":"Entre dos mons","article_modified_time":"2021-11-02T09:06:16+00:00","twitter_card":"summary_large_image","twitter_misc":{"Temps estimat de lectura":"5 minuts"},"schema":{"@context":"https:\/\/schema.org","@graph":[{"@type":"WebPage","@id":"https:\/\/entredosmons.es\/ca\/equipo\/","url":"https:\/\/entredosmons.es\/ca\/equipo\/","name":"Roger i Mila - Entre dos mons","isPartOf":{"@id":"https:\/\/entredosmons.es\/#website"},"datePublished":"2020-05-05T13:02:19+00:00","dateModified":"2021-11-02T09:06:16+00:00","breadcrumb":{"@id":"https:\/\/entredosmons.es\/ca\/equipo\/#breadcrumb"},"inLanguage":"ca","potentialAction":[{"@type":"ReadAction","target":["https:\/\/entredosmons.es\/ca\/equipo\/"]}]},{"@type":"BreadcrumbList","@id":"https:\/\/entredosmons.es\/ca\/equipo\/#breadcrumb","itemListElement":[{"@type":"ListItem","position":1,"name":"Portada","item":"https:\/\/entredosmons.es\/"},{"@type":"ListItem","position":2,"name":"Roger i Mila"}]},{"@type":"WebSite","@id":"https:\/\/entredosmons.es\/#website","url":"https:\/\/entredosmons.es\/","name":"Entre dos mons","description":"Gastro fusi\u00f3","potentialAction":[{"@type":"SearchAction","target":{"@type":"EntryPoint","urlTemplate":"https:\/\/entredosmons.es\/?s={search_term_string}"},"query-input":{"@type":"PropertyValueSpecification","valueRequired":true,"valueName":"search_term_string"}}],"inLanguage":"ca"}]}},"_links":{"self":[{"href":"https:\/\/entredosmons.es\/ca\/wp-json\/wp\/v2\/pages\/889","targetHints":{"allow":["GET"]}}],"collection":[{"href":"https:\/\/entredosmons.es\/ca\/wp-json\/wp\/v2\/pages"}],"about":[{"href":"https:\/\/entredosmons.es\/ca\/wp-json\/wp\/v2\/types\/page"}],"author":[{"embeddable":true,"href":"https:\/\/entredosmons.es\/ca\/wp-json\/wp\/v2\/users\/1"}],"replies":[{"embeddable":true,"href":"https:\/\/entredosmons.es\/ca\/wp-json\/wp\/v2\/comments?post=889"}],"version-history":[{"count":18,"href":"https:\/\/entredosmons.es\/ca\/wp-json\/wp\/v2\/pages\/889\/revisions"}],"predecessor-version":[{"id":3950,"href":"https:\/\/entredosmons.es\/ca\/wp-json\/wp\/v2\/pages\/889\/revisions\/3950"}],"wp:attachment":[{"href":"https:\/\/entredosmons.es\/ca\/wp-json\/wp\/v2\/media?parent=889"}],"curies":[{"name":"wp","href":"https:\/\/api.w.org\/{rel}","templated":true}]}}