{"id":2873,"date":"2020-12-14T17:52:20","date_gmt":"2020-12-14T15:52:20","guid":{"rendered":"https:\/\/entredosmons.es\/producte\/pack-menu-degustacion-visita-museu-de-la-pesca-palamo\/"},"modified":"2026-02-17T09:59:03","modified_gmt":"2026-02-17T07:59:03","slug":"pack-menu-degustacio-visita-museu-de-la-pesca-palamo","status":"publish","type":"product","link":"https:\/\/entredosmons.es\/ca\/producte\/pack-menu-degustacio-visita-museu-de-la-pesca-palamo\/","title":{"rendered":"Pack Men\u00fa Degustaci\u00f3 + Maridatge + Visita Museu de la Pesca Palam\u00f3s"},"content":{"rendered":"<p>[et_pb_section fb_built=&#8221;1&#8243; _builder_version=&#8221;4.16&#8243; custom_padding=&#8221;0px||||false|false&#8221; global_colors_info=&#8221;{}&#8221;][et_pb_row _builder_version=&#8221;4.16&#8243; background_size=&#8221;initial&#8221; background_position=&#8221;top_left&#8221; background_repeat=&#8221;repeat&#8221; width=&#8221;100%&#8221; custom_padding=&#8221;0px||0px||false|false&#8221; global_colors_info=&#8221;{}&#8221;][et_pb_column type=&#8221;4_4&#8243; _builder_version=&#8221;4.16&#8243; custom_padding=&#8221;|||&#8221; global_colors_info=&#8221;{}&#8221; custom_padding__hover=&#8221;|||&#8221;][et_pb_wc_breadcrumb _builder_version=&#8221;4.16&#8243; global_colors_info=&#8221;{}&#8221;][\/et_pb_wc_breadcrumb][et_pb_wc_cart_notice _builder_version=&#8221;4.16&#8243; global_colors_info=&#8221;{}&#8221;][\/et_pb_wc_cart_notice][\/et_pb_column][\/et_pb_row][et_pb_row column_structure=&#8221;1_2,1_2&#8243; _builder_version=&#8221;4.16&#8243; background_size=&#8221;initial&#8221; background_position=&#8221;top_left&#8221; background_repeat=&#8221;repeat&#8221; width=&#8221;100%&#8221; custom_padding=&#8221;0px||||false|false&#8221; global_colors_info=&#8221;{}&#8221;][et_pb_column type=&#8221;1_2&#8243; _builder_version=&#8221;4.16&#8243; custom_padding=&#8221;|||&#8221; global_colors_info=&#8221;{}&#8221; custom_padding__hover=&#8221;|||&#8221;][et_pb_wc_images _builder_version=&#8221;4.16&#8243; global_colors_info=&#8221;{}&#8221;][\/et_pb_wc_images][\/et_pb_column][et_pb_column type=&#8221;1_2&#8243; _builder_version=&#8221;4.16&#8243; custom_padding=&#8221;|||&#8221; global_colors_info=&#8221;{}&#8221; custom_padding__hover=&#8221;|||&#8221;][et_pb_wc_title _builder_version=&#8221;4.16&#8243; global_colors_info=&#8221;{}&#8221;][\/et_pb_wc_title][et_pb_wc_rating _builder_version=&#8221;4.16&#8243; global_colors_info=&#8221;{}&#8221;][\/et_pb_wc_rating][et_pb_wc_price _builder_version=&#8221;4.16&#8243; global_colors_info=&#8221;{}&#8221;][\/et_pb_wc_price][et_pb_wc_description _builder_version=&#8221;4.16&#8243; global_colors_info=&#8221;{}&#8221;][\/et_pb_wc_description][et_pb_wc_add_to_cart disabled_on=&#8221;on|on|on&#8221; _builder_version=&#8221;4.16&#8243; disabled=&#8221;on&#8221; global_colors_info=&#8221;{}&#8221;][\/et_pb_wc_add_to_cart][et_pb_button button_url=&#8221;https:\/\/entredosmons.es\/ca\/formulari-pack\/&#8221; button_text=&#8221;Comprar&#8221; _builder_version=&#8221;4.16&#8243; custom_button=&#8221;on&#8221; button_text_color=&#8221;#000000&#8243; button_border_color=&#8221;#000000&#8243; global_colors_info=&#8221;{}&#8221;][\/et_pb_button][et_pb_wc_meta _builder_version=&#8221;4.16&#8243; global_colors_info=&#8221;{}&#8221;][\/et_pb_wc_meta][\/et_pb_column][\/et_pb_row][et_pb_row _builder_version=&#8221;4.16&#8243; background_size=&#8221;initial&#8221; background_position=&#8221;top_left&#8221; background_repeat=&#8221;repeat&#8221; width=&#8221;100%&#8221; global_colors_info=&#8221;{}&#8221;][et_pb_column type=&#8221;4_4&#8243; _builder_version=&#8221;4.16&#8243; custom_padding=&#8221;|||&#8221; global_colors_info=&#8221;{}&#8221; custom_padding__hover=&#8221;|||&#8221;][et_pb_wc_tabs _builder_version=&#8221;4.16&#8243; global_colors_info=&#8221;{}&#8221;] [\/et_pb_wc_tabs][et_pb_wc_upsells _builder_version=&#8221;4.16&#8243; global_colors_info=&#8221;{}&#8221;][\/et_pb_wc_upsells][et_pb_wc_related_products _builder_version=&#8221;4.16&#8243; global_colors_info=&#8221;{}&#8221;][\/et_pb_wc_related_products][\/et_pb_column][\/et_pb_row][\/et_pb_section]<\/p>\n","protected":false},"excerpt":{"rendered":"<p>Vine a gaudir d&#8217;una experi\u00e8ncia tradicional i de fusi\u00f3 a Palam\u00f3s. Primer, <strong>visita el Museu de la Pesca, \u00fanic en el Mediterrani en la seva especialitat<\/strong>. Aquest centre presenta el passat, el present i el futur de la pesca, a trav\u00e9s de la seva exposici\u00f3 permanent i d&#8217;un conjunt d&#8217;activitats vinculades al m\u00f3n mar\u00edtim i pesquer de la Costa Brava.<\/p>\n<p>Despr\u00e9s, <strong>gaudeix del nostre &#8220;Men\u00fa de Degustaci\u00f3&#8221;<\/strong>. Una fusi\u00f3 gastron\u00f2mica amb el millor de la cuina peruana i catalana. Una cuina plena de sensacions, on els productes seran la sorpresa i tu el protagonista.<\/p>\n<p><em>*Xec regal v\u00e0lid fins al 15 d\u2019octubre de 2025. Per a dates posteriors, contacteu al <a href=\"tel:+34671519018\">671 519 018<\/a>.<\/em><\/p>\n","protected":false},"featured_media":6146,"template":"","meta":{"_et_pb_use_builder":"on","_et_pb_old_content":"<div class=\"et_pb_tab_content\">\r\n  <h2 class=\"product_title entry-title\">Pack \u00abDegustaci\u00f3\u00bb + 2 Entrades Museu de la Pesca de Palam\u00f3s<\/h2>\r\n\r\n  <p>Gaudeix d\u2019una experi\u00e8ncia tradicional i de fusi\u00f3 a Palam\u00f3s per a 2 persones.<\/p>\r\n\r\n  <p>\r\n    Visita el Museu de la Pesca, \u00fanic al Mediterrani en la seva especialitat.\r\n    Aquest centre presenta el passat, el present i el futur de la pesca a trav\u00e9s de la seva\r\n    exposici\u00f3 permanent i d\u2019un conjunt d\u2019activitats vinculades al m\u00f3n mar\u00edtim i pesquer de la Costa Brava.\r\n  <\/p>\r\n\r\n  <p>\r\n    Gaudeix tamb\u00e9 del nostre <strong>Men\u00fa especial Entre Dos Mons<\/strong>. Una fusi\u00f3 gastron\u00f2mica\r\n    amb el millor de la cuina peruana i catalana. Una cuina plena de sensacions,\r\n    on els productes seran la sorpresa i tu, el protagonista.\r\n  <\/p>\r\n\r\n  <p>\r\n    Pack v\u00e0lid i bescanviable fins a 6 mesos a partir de la data de compra.<br>\r\n    Regala aquesta gran experi\u00e8ncia.\r\n  <\/p>\r\n\r\n  <h4><strong>El Men\u00fa Degustaci\u00f3 inclou:<\/strong><\/h4>\r\n\r\n  <p>\r\n    Snacks<br>\r\n    Aperitiu<br>\r\n    Garota de mar farcida de crema de cava<br>\r\n    Brou de l\u2019escudella amb \u00abgalet\u00bb farcit de gamba de Palam\u00f3s<br>\r\n    Ceviche mixt tal com el preparava el meu pare (Mila Acosta)<br>\r\n    La pilota de l\u2019escudella de Palam\u00f3s<br>\r\n    Risotto de garotes de mar<br>\r\n    Xai de Forallac recordant un sec<br>\r\n    Past\u00eds de formatge amb crema de xocolata blanca i iogurt, pr\u00e9ssec i kumquat<br>\r\n    Petit fours\r\n  <\/p>\r\n\r\n  <p><em><strong>Maridatge: 5 copes<\/strong><\/em><\/p>\r\n\r\n  <p><em><strong>Men\u00fa disponible al migdia de 13:00 h a 14:15 h i al vespre de 19:45 h a 21:15 h<\/strong><\/em><\/p>\r\n\r\n  <p><em><strong>El men\u00fa se servir\u00e0 a taula completa.<\/strong><\/em><\/p>\r\n\r\n  <p><em><strong>Durada del men\u00fa: 2,5 h.<\/strong><\/em><\/p>\r\n<\/div>\r\n","_et_gb_content_width":""},"product_brand":[],"product_cat":[83],"product_tag":[],"class_list":{"0":"post-2873","1":"product","2":"type-product","3":"status-publish","4":"has-post-thumbnail","6":"product_cat-packs-ca","8":"first","9":"instock","10":"shipping-taxable","11":"purchasable","12":"product-type-simple"},"yoast_head":"<!-- This site is optimized with the Yoast SEO plugin v24.8.1 - https:\/\/yoast.com\/wordpress\/plugins\/seo\/ -->\n<title>Pack Men\u00fa Degustaci\u00f3 + Maridatge + Visita Museu de la Pesca Palam\u00f3s - Entre dos mons<\/title>\n<meta name=\"description\" content=\"%\" \/>\n<meta name=\"robots\" content=\"index, follow, max-snippet:-1, max-image-preview:large, max-video-preview:-1\" \/>\n<link rel=\"canonical\" href=\"https:\/\/entredosmons.es\/ca\/producte\/pack-menu-degustacio-visita-museu-de-la-pesca-palamo\/\" \/>\n<meta property=\"og:locale\" content=\"ca_ES\" \/>\n<meta property=\"og:type\" content=\"article\" \/>\n<meta property=\"og:title\" content=\"Pack Men\u00fa Degustaci\u00f3 + Maridatge + Visita Museu de la Pesca Palam\u00f3s - Entre dos mons\" \/>\n<meta property=\"og:description\" content=\"%\" \/>\n<meta property=\"og:url\" content=\"https:\/\/entredosmons.es\/ca\/producte\/pack-menu-degustacio-visita-museu-de-la-pesca-palamo\/\" \/>\n<meta property=\"og:site_name\" content=\"Entre dos mons\" \/>\n<meta property=\"article:modified_time\" content=\"2026-02-17T07:59:03+00:00\" \/>\n<meta property=\"og:image\" content=\"https:\/\/entredosmons.es\/wp-content\/uploads\/2024\/06\/entrecote-y-pure-scaled.jpg\" \/>\n\t<meta property=\"og:image:width\" content=\"2560\" \/>\n\t<meta property=\"og:image:height\" content=\"1707\" \/>\n\t<meta property=\"og:image:type\" content=\"image\/jpeg\" \/>\n<meta name=\"twitter:card\" content=\"summary_large_image\" \/>\n<meta name=\"twitter:label1\" content=\"Temps estimat de lectura\" \/>\n\t<meta name=\"twitter:data1\" content=\"3 minuts\" \/>\n<script type=\"application\/ld+json\" class=\"yoast-schema-graph\">{\"@context\":\"https:\/\/schema.org\",\"@graph\":[{\"@type\":\"WebPage\",\"@id\":\"https:\/\/entredosmons.es\/ca\/producte\/pack-menu-degustacio-visita-museu-de-la-pesca-palamo\/\",\"url\":\"https:\/\/entredosmons.es\/ca\/producte\/pack-menu-degustacio-visita-museu-de-la-pesca-palamo\/\",\"name\":\"Pack Men\u00fa Degustaci\u00f3 + Maridatge + Visita Museu de la Pesca Palam\u00f3s - Entre dos mons\",\"isPartOf\":{\"@id\":\"https:\/\/entredosmons.es\/#website\"},\"primaryImageOfPage\":{\"@id\":\"https:\/\/entredosmons.es\/ca\/producte\/pack-menu-degustacio-visita-museu-de-la-pesca-palamo\/#primaryimage\"},\"image\":{\"@id\":\"https:\/\/entredosmons.es\/ca\/producte\/pack-menu-degustacio-visita-museu-de-la-pesca-palamo\/#primaryimage\"},\"thumbnailUrl\":\"https:\/\/entredosmons.es\/wp-content\/uploads\/2024\/06\/entrecote-y-pure-scaled.jpg\",\"datePublished\":\"2020-12-14T15:52:20+00:00\",\"dateModified\":\"2026-02-17T07:59:03+00:00\",\"description\":\"%\",\"breadcrumb\":{\"@id\":\"https:\/\/entredosmons.es\/ca\/producte\/pack-menu-degustacio-visita-museu-de-la-pesca-palamo\/#breadcrumb\"},\"inLanguage\":\"ca\",\"potentialAction\":[{\"@type\":\"ReadAction\",\"target\":[\"https:\/\/entredosmons.es\/ca\/producte\/pack-menu-degustacio-visita-museu-de-la-pesca-palamo\/\"]}]},{\"@type\":\"ImageObject\",\"inLanguage\":\"ca\",\"@id\":\"https:\/\/entredosmons.es\/ca\/producte\/pack-menu-degustacio-visita-museu-de-la-pesca-palamo\/#primaryimage\",\"url\":\"https:\/\/entredosmons.es\/wp-content\/uploads\/2024\/06\/entrecote-y-pure-scaled.jpg\",\"contentUrl\":\"https:\/\/entredosmons.es\/wp-content\/uploads\/2024\/06\/entrecote-y-pure-scaled.jpg\",\"width\":2560,\"height\":1707},{\"@type\":\"BreadcrumbList\",\"@id\":\"https:\/\/entredosmons.es\/ca\/producte\/pack-menu-degustacio-visita-museu-de-la-pesca-palamo\/#breadcrumb\",\"itemListElement\":[{\"@type\":\"ListItem\",\"position\":1,\"name\":\"Portada\",\"item\":\"https:\/\/entredosmons.es\/\"},{\"@type\":\"ListItem\",\"position\":2,\"name\":\"Products\",\"item\":\"https:\/\/entredosmons.es\/en\/pedidos\/\"},{\"@type\":\"ListItem\",\"position\":3,\"name\":\"Pack Men\u00fa Degustaci\u00f3 + Maridatge + Visita Museu de la Pesca Palam\u00f3s\"}]},{\"@type\":\"WebSite\",\"@id\":\"https:\/\/entredosmons.es\/#website\",\"url\":\"https:\/\/entredosmons.es\/\",\"name\":\"Entre dos mons\",\"description\":\"Gastro fusi\u00f3\",\"potentialAction\":[{\"@type\":\"SearchAction\",\"target\":{\"@type\":\"EntryPoint\",\"urlTemplate\":\"https:\/\/entredosmons.es\/?s={search_term_string}\"},\"query-input\":{\"@type\":\"PropertyValueSpecification\",\"valueRequired\":true,\"valueName\":\"search_term_string\"}}],\"inLanguage\":\"ca\"}]}<\/script>\n<!-- \/ Yoast SEO plugin. -->","yoast_head_json":{"title":"Pack Men\u00fa Degustaci\u00f3 + Maridatge + Visita Museu de la Pesca Palam\u00f3s - Entre dos mons","description":"%","robots":{"index":"index","follow":"follow","max-snippet":"max-snippet:-1","max-image-preview":"max-image-preview:large","max-video-preview":"max-video-preview:-1"},"canonical":"https:\/\/entredosmons.es\/ca\/producte\/pack-menu-degustacio-visita-museu-de-la-pesca-palamo\/","og_locale":"ca_ES","og_type":"article","og_title":"Pack Men\u00fa Degustaci\u00f3 + Maridatge + Visita Museu de la Pesca Palam\u00f3s - Entre dos mons","og_description":"%","og_url":"https:\/\/entredosmons.es\/ca\/producte\/pack-menu-degustacio-visita-museu-de-la-pesca-palamo\/","og_site_name":"Entre dos mons","article_modified_time":"2026-02-17T07:59:03+00:00","og_image":[{"width":2560,"height":1707,"url":"https:\/\/entredosmons.es\/wp-content\/uploads\/2024\/06\/entrecote-y-pure-scaled.jpg","type":"image\/jpeg"}],"twitter_card":"summary_large_image","twitter_misc":{"Temps estimat de lectura":"3 minuts"},"schema":{"@context":"https:\/\/schema.org","@graph":[{"@type":"WebPage","@id":"https:\/\/entredosmons.es\/ca\/producte\/pack-menu-degustacio-visita-museu-de-la-pesca-palamo\/","url":"https:\/\/entredosmons.es\/ca\/producte\/pack-menu-degustacio-visita-museu-de-la-pesca-palamo\/","name":"Pack Men\u00fa Degustaci\u00f3 + Maridatge + Visita Museu de la Pesca Palam\u00f3s - Entre dos mons","isPartOf":{"@id":"https:\/\/entredosmons.es\/#website"},"primaryImageOfPage":{"@id":"https:\/\/entredosmons.es\/ca\/producte\/pack-menu-degustacio-visita-museu-de-la-pesca-palamo\/#primaryimage"},"image":{"@id":"https:\/\/entredosmons.es\/ca\/producte\/pack-menu-degustacio-visita-museu-de-la-pesca-palamo\/#primaryimage"},"thumbnailUrl":"https:\/\/entredosmons.es\/wp-content\/uploads\/2024\/06\/entrecote-y-pure-scaled.jpg","datePublished":"2020-12-14T15:52:20+00:00","dateModified":"2026-02-17T07:59:03+00:00","description":"%","breadcrumb":{"@id":"https:\/\/entredosmons.es\/ca\/producte\/pack-menu-degustacio-visita-museu-de-la-pesca-palamo\/#breadcrumb"},"inLanguage":"ca","potentialAction":[{"@type":"ReadAction","target":["https:\/\/entredosmons.es\/ca\/producte\/pack-menu-degustacio-visita-museu-de-la-pesca-palamo\/"]}]},{"@type":"ImageObject","inLanguage":"ca","@id":"https:\/\/entredosmons.es\/ca\/producte\/pack-menu-degustacio-visita-museu-de-la-pesca-palamo\/#primaryimage","url":"https:\/\/entredosmons.es\/wp-content\/uploads\/2024\/06\/entrecote-y-pure-scaled.jpg","contentUrl":"https:\/\/entredosmons.es\/wp-content\/uploads\/2024\/06\/entrecote-y-pure-scaled.jpg","width":2560,"height":1707},{"@type":"BreadcrumbList","@id":"https:\/\/entredosmons.es\/ca\/producte\/pack-menu-degustacio-visita-museu-de-la-pesca-palamo\/#breadcrumb","itemListElement":[{"@type":"ListItem","position":1,"name":"Portada","item":"https:\/\/entredosmons.es\/"},{"@type":"ListItem","position":2,"name":"Products","item":"https:\/\/entredosmons.es\/en\/pedidos\/"},{"@type":"ListItem","position":3,"name":"Pack Men\u00fa Degustaci\u00f3 + Maridatge + Visita Museu de la Pesca Palam\u00f3s"}]},{"@type":"WebSite","@id":"https:\/\/entredosmons.es\/#website","url":"https:\/\/entredosmons.es\/","name":"Entre dos mons","description":"Gastro fusi\u00f3","potentialAction":[{"@type":"SearchAction","target":{"@type":"EntryPoint","urlTemplate":"https:\/\/entredosmons.es\/?s={search_term_string}"},"query-input":{"@type":"PropertyValueSpecification","valueRequired":true,"valueName":"search_term_string"}}],"inLanguage":"ca"}]}},"_links":{"self":[{"href":"https:\/\/entredosmons.es\/ca\/wp-json\/wp\/v2\/product\/2873","targetHints":{"allow":["GET"]}}],"collection":[{"href":"https:\/\/entredosmons.es\/ca\/wp-json\/wp\/v2\/product"}],"about":[{"href":"https:\/\/entredosmons.es\/ca\/wp-json\/wp\/v2\/types\/product"}],"wp:featuredmedia":[{"embeddable":true,"href":"https:\/\/entredosmons.es\/ca\/wp-json\/wp\/v2\/media\/6146"}],"wp:attachment":[{"href":"https:\/\/entredosmons.es\/ca\/wp-json\/wp\/v2\/media?parent=2873"}],"wp:term":[{"taxonomy":"product_brand","embeddable":true,"href":"https:\/\/entredosmons.es\/ca\/wp-json\/wp\/v2\/product_brand?post=2873"},{"taxonomy":"product_cat","embeddable":true,"href":"https:\/\/entredosmons.es\/ca\/wp-json\/wp\/v2\/product_cat?post=2873"},{"taxonomy":"product_tag","embeddable":true,"href":"https:\/\/entredosmons.es\/ca\/wp-json\/wp\/v2\/product_tag?post=2873"}],"curies":[{"name":"wp","href":"https:\/\/api.w.org\/{rel}","templated":true}]}}