{"id":1570,"date":"2020-07-21T09:09:20","date_gmt":"2020-07-21T07:09:20","guid":{"rendered":"https:\/\/entredosmons.es\/lequipe\/"},"modified":"2021-11-02T11:07:09","modified_gmt":"2021-11-02T09:07:09","slug":"lequipe","status":"publish","type":"page","link":"https:\/\/entredosmons.es\/fr\/lequipe\/","title":{"rendered":"Roger et Mila"},"content":{"rendered":"<p>[et_pb_section fb_built=\u00a0\u00bb1&Prime; fullwidth=\u00a0\u00bbon\u00a0\u00bb admin_label=\u00a0\u00bbHero Section\u00a0\u00bb _builder_version=\u00a0\u00bb4.4.8&Prime; background_enable_color=\u00a0\u00bboff\u00a0\u00bb animation_direction=\u00a0\u00bbbottom\u00a0\u00bb custom_css_main_element=\u00a0\u00bbmargin-top: -79px;\u00a0\u00bb global_colors_info=\u00a0\u00bb{}\u00a0\u00bb][et_pb_fullwidth_header text_orientation=\u00a0\u00bbcenter\u00a0\u00bb header_fullscreen=\u00a0\u00bbon\u00a0\u00bb button_one_url=\u00a0\u00bbhttp:\/\/divi.dev\/wedding\/#rsvp\u00a0\u00bb background_overlay_color=\u00a0\u00bbrgba(0,0,0,0)\u00a0\u00bb title_font_color=\u00a0\u00bb#444235&Prime; subhead_font_color=\u00a0\u00bb#444235&Prime; admin_label=\u00a0\u00bbHero\u00a0\u00bb _builder_version=\u00a0\u00bb4.4.8&Prime; title_font=\u00a0\u00bbAbril Fatface||||||||\u00a0\u00bb title_text_color=\u00a0\u00bb#ffffff\u00a0\u00bb title_font_size=\u00a0\u00bb65px\u00a0\u00bb content_text_color=\u00a0\u00bb#000000&Prime; subhead_font=\u00a0\u00bbMontserrat||||||||\u00a0\u00bb subhead_text_color=\u00a0\u00bb#ffffff\u00a0\u00bb subhead_font_size=\u00a0\u00bb20px\u00a0\u00bb subhead_letter_spacing=\u00a0\u00bb8px\u00a0\u00bb background_enable_color=\u00a0\u00bboff\u00a0\u00bb background_image=\u00a0\u00bbhttps:\/\/entredosmons.es\/wp-content\/uploads\/2020\/05\/pic-33-scaled.jpg\u00a0\u00bb custom_button_one=\u00a0\u00bbon\u00a0\u00bb button_one_text_size=\u00a0\u00bb16px\u00a0\u00bb button_one_text_color=\u00a0\u00bb#ffffff\u00a0\u00bb button_one_border_width=\u00a0\u00bb2px\u00a0\u00bb button_one_border_color=\u00a0\u00bb#ffffff\u00a0\u00bb button_one_border_radius=\u00a0\u00bb0px\u00a0\u00bb button_one_letter_spacing=\u00a0\u00bb6px\u00a0\u00bb button_one_font=\u00a0\u00bbOpen Sans||||\u00a0\u00bb button_one_use_icon=\u00a0\u00bboff\u00a0\u00bb title_font_size_tablet=\u00a0\u00bb\u00a0\u00bb title_font_size_phone=\u00a0\u00bb80px\u00a0\u00bb title_font_size_last_edited=\u00a0\u00bbon|phone\u00a0\u00bb button_one_letter_spacing_hover=\u00a0\u00bb10px\u00a0\u00bb global_colors_info=\u00a0\u00bb{}\u00a0\u00bb button_one_text_size__hover_enabled=\u00a0\u00bboff\u00a0\u00bb button_two_text_size__hover_enabled=\u00a0\u00bboff\u00a0\u00bb button_one_text_color__hover_enabled=\u00a0\u00bboff\u00a0\u00bb button_two_text_color__hover_enabled=\u00a0\u00bboff\u00a0\u00bb button_one_border_width__hover_enabled=\u00a0\u00bboff\u00a0\u00bb button_two_border_width__hover_enabled=\u00a0\u00bboff\u00a0\u00bb button_one_border_color__hover_enabled=\u00a0\u00bboff\u00a0\u00bb button_two_border_color__hover_enabled=\u00a0\u00bboff\u00a0\u00bb button_one_border_radius__hover_enabled=\u00a0\u00bboff\u00a0\u00bb button_two_border_radius__hover_enabled=\u00a0\u00bboff\u00a0\u00bb button_one_letter_spacing__hover_enabled=\u00a0\u00bbon\u00a0\u00bb button_one_letter_spacing__hover=\u00a0\u00bb10px\u00a0\u00bb button_two_letter_spacing__hover_enabled=\u00a0\u00bboff\u00a0\u00bb button_one_bg_color__hover_enabled=\u00a0\u00bboff\u00a0\u00bb button_two_bg_color__hover_enabled=\u00a0\u00bboff\u00a0\u00bb][\/et_pb_fullwidth_header][\/et_pb_section][et_pb_section fb_built=\u00a0\u00bb1&Prime; _builder_version=\u00a0\u00bb4.4.4&Prime; custom_padding=\u00a0\u00bb60px||10px|||\u00a0\u00bb global_colors_info=\u00a0\u00bb{}\u00a0\u00bb][et_pb_row _builder_version=\u00a0\u00bb4.4.4&Prime; custom_margin=\u00a0\u00bb|auto|45px|auto||\u00a0\u00bb custom_padding=\u00a0\u00bb17px|||||\u00a0\u00bb global_colors_info=\u00a0\u00bb{}\u00a0\u00bb][et_pb_column type=\u00a0\u00bb4_4&Prime; _builder_version=\u00a0\u00bb4.4.4&Prime; global_colors_info=\u00a0\u00bb{}\u00a0\u00bb][et_pb_text _builder_version=\u00a0\u00bb4.4.4&Prime; text_orientation=\u00a0\u00bbcenter\u00a0\u00bb custom_margin=\u00a0\u00bb||50px|||\u00a0\u00bb global_colors_info=\u00a0\u00bb{}\u00a0\u00bb]<\/p>\n<h2 style=\"font-family: 'Abril Fatface',display; font-size: 55px; letter-spacing: 4px;\">D\u00c9COUVREZ L&rsquo;\u00c9QUIPE<\/h2>\n<p>[\/et_pb_text][et_pb_text _builder_version=\u00a0\u00bb4.4.4&Prime; text_orientation=\u00a0\u00bbcenter\u00a0\u00bb custom_margin=\u00a0\u00bb8px|||||\u00a0\u00bb global_colors_info=\u00a0\u00bb{}\u00a0\u00bb]<\/p>\n<h2 style=\"font-family: 'Abril Fatface',display; font-size: 35px; letter-spacing: 4px;\">BIENVENUE DANS NOTRE MONDE GASTRONOMIQUE<\/h2>\n<p>[\/et_pb_text][et_pb_text _builder_version=\u00a0\u00bb4.4.6&Prime; global_colors_info=\u00a0\u00bb{}\u00a0\u00bb]<\/p>\n<p>\u00ab\u00a0Entre dos mons\u00a0\u00bb (Entre deux mondes) nous repr\u00e9sente, car nous venons de deux cultures diff\u00e9rentes, la p\u00e9ruvienne et la catalane. Notre cuisine est bas\u00e9e sur la passion, o\u00f9 les bases sont mijot\u00e9es \u00e0 feu doux. Elle est \u00e9galement fond\u00e9e sur des heures d&rsquo;affection, qui nous rappellent les ar\u00f4mes de notre enfance, en utilisant et en ajoutant des techniques et des influences acquises. Nous recherchons les meilleurs plats locaux et de saison, en contactant directement les producteurs et les petits cavistes. Nous vous invitons \u00e0 vous laisser aller dans notre lieu de sensations et d&rsquo;\u00e9motions.<\/p>\n<p>[\/et_pb_text][\/et_pb_column][\/et_pb_row][et_pb_row column_structure=\u00a0\u00bb1_2,1_2&Prime; use_custom_gutter=\u00a0\u00bbon\u00a0\u00bb _builder_version=\u00a0\u00bb4.4.4&Prime; width=\u00a0\u00bb90%\u00a0\u00bb global_colors_info=\u00a0\u00bb{}\u00a0\u00bb][et_pb_column type=\u00a0\u00bb1_2&Prime; _builder_version=\u00a0\u00bb4.4.4&Prime; custom_padding=\u00a0\u00bb25px|25px|25px|25px|false|false\u00a0\u00bb border_radii=\u00a0\u00bbon|15px|15px|15px|15px\u00a0\u00bb box_shadow_style=\u00a0\u00bbpreset2&Prime; global_colors_info=\u00a0\u00bb{}\u00a0\u00bb][et_pb_image src=\u00a0\u00bbhttps:\/\/entredosmons.es\/wp-content\/uploads\/2020\/05\/Mila.jpg\u00a0\u00bb title_text=\u00a0\u00bbMila\u00a0\u00bb align=\u00a0\u00bbcenter\u00a0\u00bb _builder_version=\u00a0\u00bb4.4.6&Prime; max_width=\u00a0\u00bb50%\u00a0\u00bb border_radii=\u00a0\u00bbon|50%|50%|50%|50%\u00a0\u00bb global_colors_info=\u00a0\u00bb{}\u00a0\u00bb][\/et_pb_image][et_pb_text _builder_version=\u00a0\u00bb4.10.8&Prime; header_text_align=\u00a0\u00bbleft\u00a0\u00bb text_orientation=\u00a0\u00bbjustified\u00a0\u00bb custom_padding=\u00a0\u00bb22px|||||\u00a0\u00bb hover_enabled=\u00a0\u00bb0&Prime; global_colors_info=\u00a0\u00bb{}\u00a0\u00bb sticky_enabled=\u00a0\u00bb0&Prime;]<\/p>\n<p style=\"line-height: 1.4em; font-size: 18px; text-align: left;\">PROPRI\u00c9TAIRE ET CHEF DE CUISINE N\u00c9E \u00c0 LIMA.<br \/>\u00c0 19 ANS ELLE EST ARRIV\u00c9E \u00c0 BARCELONE POUR APPRENDRE LE M\u00c9TIER.<br \/>DE SON PARCOURS RESSORTENT LE VIA VENETO, GAIG, LA-SARTE ET DOS CIELOS.<\/p>\n<hr style=\"border: 1px solid #777777;\" \/>\n<p style=\"text-align: center; font-size: 35px; font-family: 'Abril Fatface',display; letter-spacing: 4px; color: #777777; padding-top: 10px; margin-bottom: 10px;\">Mila Acosta<\/p>\n<p>[\/et_pb_text][\/et_pb_column][et_pb_column type=\u00a0\u00bb1_2&Prime; _builder_version=\u00a0\u00bb4.4.4&Prime; custom_padding=\u00a0\u00bb25px|25px|25px|25px|false|false\u00a0\u00bb border_radii=\u00a0\u00bbon|15px|15px|15px|15px\u00a0\u00bb box_shadow_style=\u00a0\u00bbpreset2&Prime; global_colors_info=\u00a0\u00bb{}\u00a0\u00bb][et_pb_image src=\u00a0\u00bbhttps:\/\/entredosmons.es\/wp-content\/uploads\/2020\/05\/Roger.jpg\u00a0\u00bb title_text=\u00a0\u00bbRoger\u00a0\u00bb align=\u00a0\u00bbcenter\u00a0\u00bb _builder_version=\u00a0\u00bb4.4.6&Prime; max_width=\u00a0\u00bb50%\u00a0\u00bb border_radii=\u00a0\u00bbon|50%|50%|50%|50%\u00a0\u00bb global_colors_info=\u00a0\u00bb{}\u00a0\u00bb][\/et_pb_image][et_pb_text _builder_version=\u00a0\u00bb4.4.8&Prime; header_text_align=\u00a0\u00bbleft\u00a0\u00bb text_orientation=\u00a0\u00bbjustified\u00a0\u00bb custom_padding=\u00a0\u00bb22px|||||\u00a0\u00bb global_colors_info=\u00a0\u00bb{}\u00a0\u00bb]<\/p>\n<p style=\"line-height: 1.4em; font-size: 18px; text-align: left;\">PROPRI\u00c9TAIRE ET P\u00c2TISSIER. N\u00c9 \u00c0 PALAFRUGELL.<br \/>DE SON PARCOURS RESSORTENT CASAMAR, NEICHEL, VIA VENETO, DROLMA, COURE, POLLEN STREET SOCIAL ET OGASAWARA-HAKUSHAKU-TEI.<\/p>\n<hr style=\"border: 1px solid #777777;\" \/>\n<p style=\"text-align: center; font-size: 35px; font-family: 'Abril Fatface',display; letter-spacing: 4px; color: #777777; padding-top: 10px; margin-bottom: 10px;\">Roger Cama<\/p>\n<p>[\/et_pb_text][\/et_pb_column][\/et_pb_row][et_pb_row _builder_version=\u00a0\u00bb4.4.4&Prime; custom_padding=\u00a0\u00bb16px|||||\u00a0\u00bb global_colors_info=\u00a0\u00bb{}\u00a0\u00bb][et_pb_column type=\u00a0\u00bb4_4&Prime; _builder_version=\u00a0\u00bb4.4.4&Prime; global_colors_info=\u00a0\u00bb{}\u00a0\u00bb][et_pb_code _builder_version=\u00a0\u00bb4.4.4&Prime; global_colors_info=\u00a0\u00bb{}\u00a0\u00bb]<\/p>\n<hr style=\"color: #8080804d;\" \/>[\/et_pb_code][\/et_pb_column][\/et_pb_row][et_pb_row _builder_version=\u00a0\u00bb4.4.4&Prime; custom_padding=\u00a0\u00bb16px|||||\u00a0\u00bb global_colors_info=\u00a0\u00bb{}\u00a0\u00bb][et_pb_column type=\u00a0\u00bb4_4&Prime; _builder_version=\u00a0\u00bb4.4.4&Prime; global_colors_info=\u00a0\u00bb{}\u00a0\u00bb][et_pb_text _builder_version=\u00a0\u00bb4.4.8&Prime; text_orientation=\u00a0\u00bbcenter\u00a0\u00bb min_height=\u00a0\u00bb45px\u00a0\u00bb custom_margin=\u00a0\u00bb-14px|||||\u00a0\u00bb custom_padding=\u00a0\u00bb11px|||||\u00a0\u00bb global_colors_info=\u00a0\u00bb{}\u00a0\u00bb]<\/p>\n<h2 style=\"font-family: 'Abril Fatface',display; font-size: 35px; letter-spacing: 4px;\">Si vous souhaitez faire partie d&rsquo;Entredosmons, vous pouvez nous envoyer votre CV<\/h2>\n<p>[\/et_pb_text][et_pb_button button_url=\u00a0\u00bbhttps:\/\/entredosmons.es\/ca\/trabaja-con-nosotros\/\u00a0\u00bb button_text=\u00a0\u00bbTRAVAILLE AVEC NOUS\u00a0\u00bb button_alignment=\u00a0\u00bbcenter\u00a0\u00bb _builder_version=\u00a0\u00bb4.4.8&Prime; custom_button=\u00a0\u00bbon\u00a0\u00bb button_text_size=\u00a0\u00bb18px\u00a0\u00bb button_text_color=\u00a0\u00bbrgba(68,66,53,0.8)\u00a0\u00bb button_use_icon=\u00a0\u00bboff\u00a0\u00bb global_colors_info=\u00a0\u00bb{}\u00a0\u00bb][\/et_pb_button][\/et_pb_column][\/et_pb_row][et_pb_row _builder_version=\u00a0\u00bb4.4.4&Prime; custom_padding=\u00a0\u00bb||17px|||\u00a0\u00bb global_colors_info=\u00a0\u00bb{}\u00a0\u00bb][et_pb_column type=\u00a0\u00bb4_4&Prime; _builder_version=\u00a0\u00bb4.4.4&Prime; global_colors_info=\u00a0\u00bb{}\u00a0\u00bb][et_pb_code _builder_version=\u00a0\u00bb4.4.4&Prime; custom_padding=\u00a0\u00bb17px|||||\u00a0\u00bb global_colors_info=\u00a0\u00bb{}\u00a0\u00bb]<\/p>\n<hr style=\"color: #8080804d;\" \/>[\/et_pb_code][\/et_pb_column][\/et_pb_row][\/et_pb_section][et_pb_section fb_built=\u00a0\u00bb1&Prime; fullwidth=\u00a0\u00bbon\u00a0\u00bb _builder_version=\u00a0\u00bb4.4.4&Prime; global_colors_info=\u00a0\u00bb{}\u00a0\u00bb]<\/p>\n<p>[et_pb_fullwidth_code _builder_version=\u00a0\u00bb4.4.4&Prime;][logocarousel id=\u00a0\u00bb116&Prime;][\/et_pb_fullwidth_code]<\/p>\n<p>[\/et_pb_section][et_pb_section fb_built=\u00a0\u00bb1&Prime; _builder_version=\u00a0\u00bb4.4.4&Prime; custom_padding=\u00a0\u00bb9px||42px|||\u00a0\u00bb global_colors_info=\u00a0\u00bb{}\u00a0\u00bb][et_pb_row _builder_version=\u00a0\u00bb4.4.4&Prime; global_colors_info=\u00a0\u00bb{}\u00a0\u00bb][et_pb_column type=\u00a0\u00bb4_4&Prime; _builder_version=\u00a0\u00bb4.4.4&Prime; global_colors_info=\u00a0\u00bb{}\u00a0\u00bb][et_pb_code _builder_version=\u00a0\u00bb4.4.4&Prime; global_colors_info=\u00a0\u00bb{}\u00a0\u00bb]<\/p>\n<hr style=\"color: #8080804d;\" \/>[\/et_pb_code][\/et_pb_column][\/et_pb_row][\/et_pb_section]<\/p>\n","protected":false},"excerpt":{"rendered":"<p>D\u00c9COUVREZ L&rsquo;\u00c9QUIPEBIENVENUE DANS NOTRE MONDE GASTRONOMIQUE\u00a0\u00bbEntre dos mons\u00a0\u00bb (Entre deux mondes) nous repr\u00e9sente, car nous venons de deux cultures diff\u00e9rentes, la p\u00e9ruvienne et la catalane. Notre cuisine est bas\u00e9e sur la passion, o\u00f9 les bases sont mijot\u00e9es \u00e0 feu doux. Elle est \u00e9galement fond\u00e9e sur des heures d&rsquo;affection, qui nous rappellent les ar\u00f4mes de notre [&hellip;]<\/p>\n","protected":false},"author":1,"featured_media":0,"parent":0,"menu_order":0,"comment_status":"closed","ping_status":"closed","template":"","meta":{"_et_pb_use_builder":"on","_et_pb_old_content":"","_et_gb_content_width":"","footnotes":""},"class_list":["post-1570","page","type-page","status-publish","hentry"],"yoast_head":"<!-- This site is optimized with the Yoast SEO plugin v24.8.1 - https:\/\/yoast.com\/wordpress\/plugins\/seo\/ -->\n<title>Roger et Mila - Entre dos mons<\/title>\n<meta name=\"robots\" content=\"index, follow, max-snippet:-1, max-image-preview:large, max-video-preview:-1\" \/>\n<link rel=\"canonical\" href=\"https:\/\/entredosmons.es\/fr\/lequipe\/\" \/>\n<meta property=\"og:locale\" content=\"fr_FR\" \/>\n<meta property=\"og:type\" content=\"article\" \/>\n<meta property=\"og:title\" content=\"Roger et Mila - Entre dos mons\" \/>\n<meta property=\"og:description\" content=\"D\u00c9COUVREZ L&#039;\u00c9QUIPEBIENVENUE DANS NOTRE MONDE GASTRONOMIQUE&quot;Entre dos mons&quot; (Entre deux mondes) nous repr\u00e9sente, car nous venons de deux cultures diff\u00e9rentes, la p\u00e9ruvienne et la catalane. Notre cuisine est bas\u00e9e sur la passion, o\u00f9 les bases sont mijot\u00e9es \u00e0 feu doux. Elle est \u00e9galement fond\u00e9e sur des heures d&#039;affection, qui nous rappellent les ar\u00f4mes de notre [&hellip;]\" \/>\n<meta property=\"og:url\" content=\"https:\/\/entredosmons.es\/fr\/lequipe\/\" \/>\n<meta property=\"og:site_name\" content=\"Entre dos mons\" \/>\n<meta property=\"article:modified_time\" content=\"2021-11-02T09:07:09+00:00\" \/>\n<meta name=\"twitter:card\" content=\"summary_large_image\" \/>\n<meta name=\"twitter:label1\" content=\"Dur\u00e9e de lecture estim\u00e9e\" \/>\n\t<meta name=\"twitter:data1\" content=\"5 minutes\" \/>\n<script type=\"application\/ld+json\" class=\"yoast-schema-graph\">{\"@context\":\"https:\/\/schema.org\",\"@graph\":[{\"@type\":\"WebPage\",\"@id\":\"https:\/\/entredosmons.es\/fr\/lequipe\/\",\"url\":\"https:\/\/entredosmons.es\/fr\/lequipe\/\",\"name\":\"Roger et Mila - Entre dos mons\",\"isPartOf\":{\"@id\":\"https:\/\/entredosmons.es\/#website\"},\"datePublished\":\"2020-07-21T07:09:20+00:00\",\"dateModified\":\"2021-11-02T09:07:09+00:00\",\"breadcrumb\":{\"@id\":\"https:\/\/entredosmons.es\/fr\/lequipe\/#breadcrumb\"},\"inLanguage\":\"fr-FR\",\"potentialAction\":[{\"@type\":\"ReadAction\",\"target\":[\"https:\/\/entredosmons.es\/fr\/lequipe\/\"]}]},{\"@type\":\"BreadcrumbList\",\"@id\":\"https:\/\/entredosmons.es\/fr\/lequipe\/#breadcrumb\",\"itemListElement\":[{\"@type\":\"ListItem\",\"position\":1,\"name\":\"Portada\",\"item\":\"https:\/\/entredosmons.es\/\"},{\"@type\":\"ListItem\",\"position\":2,\"name\":\"Roger et Mila\"}]},{\"@type\":\"WebSite\",\"@id\":\"https:\/\/entredosmons.es\/#website\",\"url\":\"https:\/\/entredosmons.es\/\",\"name\":\"Entre dos mons\",\"description\":\"Gastro fusi\u00f3\",\"potentialAction\":[{\"@type\":\"SearchAction\",\"target\":{\"@type\":\"EntryPoint\",\"urlTemplate\":\"https:\/\/entredosmons.es\/?s={search_term_string}\"},\"query-input\":{\"@type\":\"PropertyValueSpecification\",\"valueRequired\":true,\"valueName\":\"search_term_string\"}}],\"inLanguage\":\"fr-FR\"}]}<\/script>\n<!-- \/ Yoast SEO plugin. -->","yoast_head_json":{"title":"Roger et Mila - Entre dos mons","robots":{"index":"index","follow":"follow","max-snippet":"max-snippet:-1","max-image-preview":"max-image-preview:large","max-video-preview":"max-video-preview:-1"},"canonical":"https:\/\/entredosmons.es\/fr\/lequipe\/","og_locale":"fr_FR","og_type":"article","og_title":"Roger et Mila - Entre dos mons","og_description":"D\u00c9COUVREZ L'\u00c9QUIPEBIENVENUE DANS NOTRE MONDE GASTRONOMIQUE\"Entre dos mons\" (Entre deux mondes) nous repr\u00e9sente, car nous venons de deux cultures diff\u00e9rentes, la p\u00e9ruvienne et la catalane. Notre cuisine est bas\u00e9e sur la passion, o\u00f9 les bases sont mijot\u00e9es \u00e0 feu doux. Elle est \u00e9galement fond\u00e9e sur des heures d'affection, qui nous rappellent les ar\u00f4mes de notre [&hellip;]","og_url":"https:\/\/entredosmons.es\/fr\/lequipe\/","og_site_name":"Entre dos mons","article_modified_time":"2021-11-02T09:07:09+00:00","twitter_card":"summary_large_image","twitter_misc":{"Dur\u00e9e de lecture estim\u00e9e":"5 minutes"},"schema":{"@context":"https:\/\/schema.org","@graph":[{"@type":"WebPage","@id":"https:\/\/entredosmons.es\/fr\/lequipe\/","url":"https:\/\/entredosmons.es\/fr\/lequipe\/","name":"Roger et Mila - Entre dos mons","isPartOf":{"@id":"https:\/\/entredosmons.es\/#website"},"datePublished":"2020-07-21T07:09:20+00:00","dateModified":"2021-11-02T09:07:09+00:00","breadcrumb":{"@id":"https:\/\/entredosmons.es\/fr\/lequipe\/#breadcrumb"},"inLanguage":"fr-FR","potentialAction":[{"@type":"ReadAction","target":["https:\/\/entredosmons.es\/fr\/lequipe\/"]}]},{"@type":"BreadcrumbList","@id":"https:\/\/entredosmons.es\/fr\/lequipe\/#breadcrumb","itemListElement":[{"@type":"ListItem","position":1,"name":"Portada","item":"https:\/\/entredosmons.es\/"},{"@type":"ListItem","position":2,"name":"Roger et Mila"}]},{"@type":"WebSite","@id":"https:\/\/entredosmons.es\/#website","url":"https:\/\/entredosmons.es\/","name":"Entre dos mons","description":"Gastro fusi\u00f3","potentialAction":[{"@type":"SearchAction","target":{"@type":"EntryPoint","urlTemplate":"https:\/\/entredosmons.es\/?s={search_term_string}"},"query-input":{"@type":"PropertyValueSpecification","valueRequired":true,"valueName":"search_term_string"}}],"inLanguage":"fr-FR"}]}},"_links":{"self":[{"href":"https:\/\/entredosmons.es\/fr\/wp-json\/wp\/v2\/pages\/1570","targetHints":{"allow":["GET"]}}],"collection":[{"href":"https:\/\/entredosmons.es\/fr\/wp-json\/wp\/v2\/pages"}],"about":[{"href":"https:\/\/entredosmons.es\/fr\/wp-json\/wp\/v2\/types\/page"}],"author":[{"embeddable":true,"href":"https:\/\/entredosmons.es\/fr\/wp-json\/wp\/v2\/users\/1"}],"replies":[{"embeddable":true,"href":"https:\/\/entredosmons.es\/fr\/wp-json\/wp\/v2\/comments?post=1570"}],"version-history":[{"count":8,"href":"https:\/\/entredosmons.es\/fr\/wp-json\/wp\/v2\/pages\/1570\/revisions"}],"predecessor-version":[{"id":3953,"href":"https:\/\/entredosmons.es\/fr\/wp-json\/wp\/v2\/pages\/1570\/revisions\/3953"}],"wp:attachment":[{"href":"https:\/\/entredosmons.es\/fr\/wp-json\/wp\/v2\/media?parent=1570"}],"curies":[{"name":"wp","href":"https:\/\/api.w.org\/{rel}","templated":true}]}}