{"id":3217,"date":"2021-04-08T11:36:40","date_gmt":"2021-04-08T09:36:40","guid":{"rendered":"https:\/\/entredosmons.es\/pack-gastronomique\/"},"modified":"2026-01-23T12:15:47","modified_gmt":"2026-01-23T10:15:47","slug":"pack-gastronomique","status":"publish","type":"page","link":"https:\/\/entredosmons.es\/fr\/pack-gastronomique\/","title":{"rendered":"Pack gastronomique"},"content":{"rendered":"<p>[et_pb_section fb_built=\u00a0\u00bb1&Prime; fullwidth=\u00a0\u00bbon\u00a0\u00bb admin_label=\u00a0\u00bbHero Section\u00a0\u00bb _builder_version=\u00a0\u00bb4.16&Prime; background_enable_color=\u00a0\u00bboff\u00a0\u00bb animation_direction=\u00a0\u00bbbottom\u00a0\u00bb custom_css_main_element=\u00a0\u00bbmargin-top: -79px;\u00a0\u00bb global_colors_info=\u00a0\u00bb{}\u00a0\u00bb][et_pb_fullwidth_header title=\u00a0\u00bbOffrez une exp\u00e9rience gastronomique inoubliable \u00e0 Palam\u00f3s\u00a0\u00bb text_orientation=\u00a0\u00bbcenter\u00a0\u00bb header_fullscreen=\u00a0\u00bbon\u00a0\u00bb button_one_url=\u00a0\u00bbhttps:\/\/entredosmons.es\/fr\/reserver\/\u00a0\u00bb background_overlay_color=\u00a0\u00bbrgba(0,0,0,0)\u00a0\u00bb title_font_color=\u00a0\u00bb#444235&Prime; subhead_font_color=\u00a0\u00bb#444235&Prime; admin_label=\u00a0\u00bbHero\u00a0\u00bb module_class=\u00a0\u00bbespacio-titulo\u00a0\u00bb _builder_version=\u00a0\u00bb4.27.4&Prime; title_font=\u00a0\u00bbAbril Fatface||||||||\u00a0\u00bb title_text_color=\u00a0\u00bb#ffffff\u00a0\u00bb title_font_size=\u00a0\u00bb68px\u00a0\u00bb content_text_color=\u00a0\u00bb#000000&Prime; subhead_font=\u00a0\u00bbMontserrat||||||||\u00a0\u00bb subhead_text_color=\u00a0\u00bb#ffffff\u00a0\u00bb subhead_font_size=\u00a0\u00bb20px\u00a0\u00bb subhead_letter_spacing=\u00a0\u00bb8px\u00a0\u00bb background_enable_color=\u00a0\u00bboff\u00a0\u00bb background_image=\u00a0\u00bbhttps:\/\/entredosmons.es\/wp-content\/uploads\/2020\/05\/slider_home-scaled.jpg\u00a0\u00bb custom_button_one=\u00a0\u00bbon\u00a0\u00bb button_one_text_size=\u00a0\u00bb16px\u00a0\u00bb button_one_text_color=\u00a0\u00bb#ffffff\u00a0\u00bb button_one_border_width=\u00a0\u00bb2px\u00a0\u00bb button_one_border_color=\u00a0\u00bb#ffffff\u00a0\u00bb button_one_border_radius=\u00a0\u00bb0px\u00a0\u00bb button_one_letter_spacing=\u00a0\u00bb6px\u00a0\u00bb button_one_font=\u00a0\u00bbOpen Sans||||\u00a0\u00bb button_one_use_icon=\u00a0\u00bboff\u00a0\u00bb min_height=\u00a0\u00bb620px\u00a0\u00bb custom_margin=\u00a0\u00bb||117px|||\u00a0\u00bb custom_padding=\u00a0\u00bb||0px||false|false\u00a0\u00bb custom_padding_tablet=\u00a0\u00bb||0px||false|false\u00a0\u00bb custom_padding_phone=\u00a0\u00bb69px||||false|false\u00a0\u00bb custom_padding_last_edited=\u00a0\u00bbon|phone\u00a0\u00bb title_font_tablet=\u00a0\u00bb\u00a0\u00bb title_font_phone=\u00a0\u00bb\u00a0\u00bb title_font_last_edited=\u00a0\u00bbon|desktop\u00a0\u00bb title_font_size_tablet=\u00a0\u00bb55px\u00a0\u00bb title_font_size_phone=\u00a0\u00bb40px\u00a0\u00bb title_font_size_last_edited=\u00a0\u00bbon|phone\u00a0\u00bb custom_css_free_form=\u00a0\u00bb\/* Espacio entre el t\u00edtulo y el subt\u00edtulo *\/||.espacio-titulo h1 {||  margin-bottom: 30px; \/* Espacio entre t\u00edtulo y subt\u00edtulo *\/||}||||\/* Espacio entre el subt\u00edtulo (p\u00e1rrafo) y el separador\/l\u00ednea *\/||.espacio-titulo p {||  margin-bottom: 25px; \/* Ajusta seg\u00fan lo que necesites *\/||}||||\/* Si usas un separador DIVI o l\u00ednea manual con <\/p>\n<hr>\n<p> *\/||.espacio-titulo hr {||  margin-top: 0;||}||\u00a0\u00bb button_one_letter_spacing_hover=\u00a0\u00bb10px\u00a0\u00bb global_colors_info=\u00a0\u00bb{}\u00a0\u00bb button_one_text_size__hover_enabled=\u00a0\u00bboff\u00a0\u00bb button_two_text_size__hover_enabled=\u00a0\u00bboff\u00a0\u00bb button_one_text_color__hover_enabled=\u00a0\u00bboff\u00a0\u00bb button_two_text_color__hover_enabled=\u00a0\u00bboff\u00a0\u00bb button_one_border_width__hover_enabled=\u00a0\u00bboff\u00a0\u00bb button_two_border_width__hover_enabled=\u00a0\u00bboff\u00a0\u00bb button_one_border_color__hover_enabled=\u00a0\u00bboff\u00a0\u00bb button_two_border_color__hover_enabled=\u00a0\u00bboff\u00a0\u00bb button_one_border_radius__hover_enabled=\u00a0\u00bboff\u00a0\u00bb button_two_border_radius__hover_enabled=\u00a0\u00bboff\u00a0\u00bb button_one_letter_spacing__hover_enabled=\u00a0\u00bbon\u00a0\u00bb button_one_letter_spacing__hover=\u00a0\u00bb10px\u00a0\u00bb button_two_letter_spacing__hover_enabled=\u00a0\u00bboff\u00a0\u00bb button_one_bg_color__hover_enabled=\u00a0\u00bboff\u00a0\u00bb button_two_bg_color__hover_enabled=\u00a0\u00bboff\u00a0\u00bb]<\/p>\n<p style=\"color:#FFF;\">2024 \u00a9 entredosmons &#8211; <a href=\"https:\/\/entredosmons.es\/privacidad\/\" style=\"color:#FFF;\" target=\"_blank\" rel=\"noopener\">Politique de confidentialit\u00e9<\/a> \/ <a href=\"https:\/\/entredosmons.es\/legal\/\" style=\"color:#FFF;\" target=\"_blank\" rel=\"noopener\">Mentions l\u00e9gales<\/a> \/ <a href=\"https:\/\/entredosmons.es\/cookies\/\" style=\"color:#FFF;\" target=\"_blank\" rel=\"noopener\">Politique de cookies<\/a><\/p>\n<p>[\/et_pb_fullwidth_header][\/et_pb_section][et_pb_section fb_built=\u00a0\u00bb1&Prime; _builder_version=\u00a0\u00bb4.16&Prime; custom_margin=\u00a0\u00bb-133px|||||\u00a0\u00bb custom_padding=\u00a0\u00bb21px||10px|||\u00a0\u00bb global_colors_info=\u00a0\u00bb{}\u00a0\u00bb][et_pb_row _builder_version=\u00a0\u00bb4.27.4&Prime; module_alignment_tablet=\u00a0\u00bb\u00a0\u00bb module_alignment_phone=\u00a0\u00bbcenter\u00a0\u00bb module_alignment_last_edited=\u00a0\u00bbon|phone\u00a0\u00bb global_colors_info=\u00a0\u00bb{}\u00a0\u00bb][et_pb_column type=\u00a0\u00bb4_4&Prime; _builder_version=\u00a0\u00bb4.16&Prime; global_colors_info=\u00a0\u00bb{}\u00a0\u00bb][et_pb_text _builder_version=\u00a0\u00bb4.27.4&Prime; text_line_height=\u00a0\u00bb1em\u00a0\u00bb custom_margin_tablet=\u00a0\u00bb\u00a0\u00bb custom_margin_phone=\u00a0\u00bb\u00a0\u00bb custom_margin_last_edited=\u00a0\u00bbon|phone\u00a0\u00bb custom_padding_tablet=\u00a0\u00bb\u00a0\u00bb custom_padding_phone=\u00a0\u00bb\u00a0\u00bb custom_padding_last_edited=\u00a0\u00bbon|phone\u00a0\u00bb text_font_tablet=\u00a0\u00bb\u00a0\u00bb text_font_phone=\u00a0\u00bb\u00a0\u00bb text_font_last_edited=\u00a0\u00bbon|phone\u00a0\u00bb text_orientation_tablet=\u00a0\u00bb\u00a0\u00bb text_orientation_phone=\u00a0\u00bbcenter\u00a0\u00bb text_orientation_last_edited=\u00a0\u00bbon|phone\u00a0\u00bb global_colors_info=\u00a0\u00bb{}\u00a0\u00bb]<\/p>\n<h2 style=\"text-align: center;\"><strong>DES SAVEURS QUI RACONTENT DES HISTOIRES.<br \/>\nDES MOMENTS QUI DEVIENNENT DES SOUVENIRS.<\/strong><\/h2>\n<p>[\/et_pb_text][et_pb_text _builder_version=\u00a0\u00bb4.27.4&Prime; width=\u00a0\u00bb90%\u00a0\u00bb module_alignment=\u00a0\u00bbcenter\u00a0\u00bb global_colors_info=\u00a0\u00bb{}\u00a0\u00bb]<\/p>\n<h2 style=\"text-align: center; font-size: 20px;\">\nOffrez ou profitez de l\u2019un de nos <strong>packs gastronomiques<\/strong> exclusifs, qui allient le meilleur de notre cuisine \u00e0 une visite culturelle au c\u0153ur marin de la Costa Brava.<\/p>\n<p>Vous recevrez votre coffret cadeau directement par e-mail \u00e0 la fin de l\u2019achat.<br \/>\n<\/h2>\n<p style=\"font-size: 16px; text-align: center;\">[\/et_pb_text][\/et_pb_column][\/et_pb_row][\/et_pb_section][et_pb_section fb_built=\u00a0\u00bb1&Prime; _builder_version=\u00a0\u00bb4.27.4&Prime; _module_preset=\u00a0\u00bbdefault\u00a0\u00bb background_color=\u00a0\u00bb#fffdf3&Prime; global_colors_info=\u00a0\u00bb{}\u00a0\u00bb][et_pb_row column_structure=\u00a0\u00bb1_2,1_2&Prime; _builder_version=\u00a0\u00bb4.27.4&Prime; _module_preset=\u00a0\u00bbdefault\u00a0\u00bb background_enable_color=\u00a0\u00bboff\u00a0\u00bb module_alignment_tablet=\u00a0\u00bb\u00a0\u00bb module_alignment_phone=\u00a0\u00bbcenter\u00a0\u00bb module_alignment_last_edited=\u00a0\u00bbon|phone\u00a0\u00bb global_colors_info=\u00a0\u00bb{}\u00a0\u00bb][et_pb_column type=\u00a0\u00bb1_2&Prime; _builder_version=\u00a0\u00bb4.27.4&Prime; _module_preset=\u00a0\u00bbdefault\u00a0\u00bb global_colors_info=\u00a0\u00bb{}\u00a0\u00bb][et_pb_text _builder_version=\u00a0\u00bb4.27.4&Prime; text_line_height=\u00a0\u00bb1em\u00a0\u00bb custom_margin_tablet=\u00a0\u00bb\u00a0\u00bb custom_margin_phone=\u00a0\u00bb\u00a0\u00bb custom_margin_last_edited=\u00a0\u00bbon|phone\u00a0\u00bb custom_padding_tablet=\u00a0\u00bb\u00a0\u00bb custom_padding_phone=\u00a0\u00bb\u00a0\u00bb custom_padding_last_edited=\u00a0\u00bbon|phone\u00a0\u00bb hover_enabled=\u00a0\u00bb0&Prime; text_font_tablet=\u00a0\u00bb\u00a0\u00bb text_font_phone=\u00a0\u00bb\u00a0\u00bb text_font_last_edited=\u00a0\u00bbon|phone\u00a0\u00bb text_orientation_tablet=\u00a0\u00bb\u00a0\u00bb text_orientation_phone=\u00a0\u00bbcenter\u00a0\u00bb text_orientation_last_edited=\u00a0\u00bbon|phone\u00a0\u00bb locked=\u00a0\u00bboff\u00a0\u00bb global_colors_info=\u00a0\u00bb{}\u00a0\u00bb sticky_enabled=\u00a0\u00bb0&Prime;]<\/p>\n<div style=\"background-image: url('https:\/\/entredosmons.es\/wp-content\/uploads\/2024\/06\/fb37074a.png'); background-size: cover; background-position: center; padding: 30px; border-radius: 10px;\">\n<p><!-- Imagen destacada ajustada --><\/p>\n<div style=\"display: flex; justify-content: center;\"><img decoding=\"async\" style=\"max-width: 500px; width: 100%; height: auto; border-radius: 10px; margin-bottom: 20px;\" src=\"https:\/\/entredosmons.es\/wp-content\/uploads\/2024\/06\/entrecote-y-pure-scaled.jpg\" alt=\"Menu D\u00e9gustation\" \/><\/div>\n<p><!-- T\u00edtulo en may\u00fasculas --><\/p>\n<h3 style=\"text-align: center; line-height: 1; text-transform: uppercase;\"><strong>Menu D\u00e9gustation &#8211; Accord Mets &amp; Vins &#8211; Visite du Mus\u00e9e de la P\u00eache<\/strong><\/h3>\n<p><!-- Subt\u00edtulo --><\/p>\n<p style=\"text-align: center; font-size: 14px; line-height: 1;\">Une fusion gastronomique pour deux personnes + Culture m\u00e9diterran\u00e9enne<\/p>\n<p><!-- Descripci\u00f3n larga --><\/p>\n<h5 style=\"text-align: justify; text-transform: uppercase; font-weight: normal; line-height: 1.2;\">Un voyage culinaire entre saveurs catalanes et p\u00e9ruviennes avec notre menu d\u00e9gustation. Une proposition riche en nuances, produits locaux et technique raffin\u00e9e.<\/h5>\n<p><!-- Precio --><\/p>\n<h2 style=\"text-align: left;\"><strong>210 \u20ac<\/strong><\/h2>\n<p><!-- Botones: m\u00e1s info + comprar --><\/p>\n<div style=\"display: flex; justify-content: space-between; align-items: center; margin-top: 20px;\"><a style=\"text-decoration: underline; color: #a88c6a; font-weight: bold;\" href=\"https:\/\/entredosmons.es\/fr\/producte\/pack-menu-degustation-visite-musee-de-la-peche-palamos\/\"> PLUS D&rsquo;INFOS <\/a> <\/div>\n<\/div>\n<p>[\/et_pb_text][\/et_pb_column][et_pb_column type=\u00a0\u00bb1_2&Prime; _builder_version=\u00a0\u00bb4.27.4&Prime; _module_preset=\u00a0\u00bbdefault\u00a0\u00bb global_colors_info=\u00a0\u00bb{}\u00a0\u00bb][et_pb_text _builder_version=\u00a0\u00bb4.27.4&Prime; text_line_height=\u00a0\u00bb1em\u00a0\u00bb custom_margin_tablet=\u00a0\u00bb\u00a0\u00bb custom_margin_phone=\u00a0\u00bb\u00a0\u00bb custom_margin_last_edited=\u00a0\u00bbon|phone\u00a0\u00bb custom_padding_tablet=\u00a0\u00bb\u00a0\u00bb custom_padding_phone=\u00a0\u00bb\u00a0\u00bb custom_padding_last_edited=\u00a0\u00bbon|phone\u00a0\u00bb hover_enabled=\u00a0\u00bb0&Prime; text_font_tablet=\u00a0\u00bb\u00a0\u00bb text_font_phone=\u00a0\u00bb\u00a0\u00bb text_font_last_edited=\u00a0\u00bbon|phone\u00a0\u00bb text_orientation_tablet=\u00a0\u00bb\u00a0\u00bb text_orientation_phone=\u00a0\u00bbcenter\u00a0\u00bb text_orientation_last_edited=\u00a0\u00bbon|phone\u00a0\u00bb locked=\u00a0\u00bboff\u00a0\u00bb global_colors_info=\u00a0\u00bb{}\u00a0\u00bb sticky_enabled=\u00a0\u00bb0&Prime;]<\/p>\n<div style=\"background-image: url('https:\/\/entredosmons.es\/wp-content\/uploads\/2024\/06\/fb37074a.png'); background-size: cover; background-position: center; padding: 30px; border-radius: 10px;\">\n<p><!-- Imagen destacada ajustada --><\/p>\n<div style=\"display: flex; justify-content: center;\"><img decoding=\"async\" style=\"max-width: 500px; width: 100%; height: auto; border-radius: 10px; margin-bottom: 20px;\" src=\"https:\/\/entredosmons.es\/wp-content\/uploads\/2024\/06\/Carta-verano-2024-1-scaled.jpg\" alt=\"Menu Entre Dos Mons\" \/><\/div>\n<p><!-- T\u00edtulo en may\u00fasculas --><\/p>\n<h3 style=\"text-align: center; line-height: 1; text-transform: uppercase;\"><strong>Menu Entre Dos Mons &#8211; Accord Mets &amp; Vins &#8211; Visite du Mus\u00e9e de la P\u00eache<\/strong><\/h3>\n<p><!-- Subt\u00edtulo --><\/p>\n<p style=\"text-align: center; font-size: 14px; line-height: 1;\">Haute gastronomie fusion + Culture c\u00f4ti\u00e8re pour deux personnes<\/p>\n<p><!-- Descripci\u00f3n larga --><\/p>\n<h5 style=\"text-align: justify; text-transform: uppercase; font-weight: normal; line-height: 1.2;\">Notre menu embl\u00e9matique, Entre Dos Mons, un voyage culinaire en 9 temps qui c\u00e9l\u00e8bre l\u2019identit\u00e9 du restaurant : \u00e9quilibre, innovation et racines partag\u00e9es.<\/h5>\n<p><!-- Precio --><\/p>\n<h2 style=\"text-align: left;\"><strong>275 \u20ac<\/strong><\/h2>\n<p><!-- Botones: m\u00e1s info + comprar --><\/p>\n<div style=\"display: flex; justify-content: space-between; align-items: center; margin-top: 20px;\"><a style=\"text-decoration: underline; color: #a88c6a; font-weight: bold;\" href=\"https:\/\/entredosmons.es\/fr\/producte\/pack-menu-entredosmons-visite-musee-de-la-peche-palamos\/\"> PLUS D&rsquo;INFOS <\/a><\/div>\n<\/div>\n<p>[\/et_pb_text][\/et_pb_column][\/et_pb_row][\/et_pb_section]<\/p>\n","protected":false},"excerpt":{"rendered":"<p>2024 \u00a9 entredosmons &#8211; Politique de confidentialit\u00e9 \/ Mentions l\u00e9gales \/ Politique de cookiesDES SAVEURS QUI RACONTENT DES HISTOIRES. DES MOMENTS QUI DEVIENNENT DES SOUVENIRS. Offrez ou profitez de l\u2019un de nos packs gastronomiques exclusifs, qui allient le meilleur de notre cuisine \u00e0 une visite culturelle au c\u0153ur marin de la Costa Brava. Vous recevrez [&hellip;]<\/p>\n","protected":false},"author":1,"featured_media":0,"parent":0,"menu_order":0,"comment_status":"closed","ping_status":"closed","template":"","meta":{"_et_pb_use_builder":"on","_et_pb_old_content":"","_et_gb_content_width":"","footnotes":""},"class_list":["post-3217","page","type-page","status-publish","hentry"],"yoast_head":"<!-- This site is optimized with the Yoast SEO plugin v24.8.1 - https:\/\/yoast.com\/wordpress\/plugins\/seo\/ -->\n<title>Pack gastronomique - Entre dos mons<\/title>\n<meta name=\"robots\" content=\"index, follow, max-snippet:-1, max-image-preview:large, max-video-preview:-1\" \/>\n<link rel=\"canonical\" href=\"https:\/\/entredosmons.es\/fr\/pack-gastronomique\/\" \/>\n<meta property=\"og:locale\" content=\"fr_FR\" \/>\n<meta property=\"og:type\" content=\"article\" \/>\n<meta property=\"og:title\" content=\"Pack gastronomique - Entre dos mons\" \/>\n<meta property=\"og:description\" content=\"2024 \u00a9 entredosmons - Politique de confidentialit\u00e9 \/ Mentions l\u00e9gales \/ Politique de cookiesDES SAVEURS QUI RACONTENT DES HISTOIRES. DES MOMENTS QUI DEVIENNENT DES SOUVENIRS. Offrez ou profitez de l\u2019un de nos packs gastronomiques exclusifs, qui allient le meilleur de notre cuisine \u00e0 une visite culturelle au c\u0153ur marin de la Costa Brava. Vous recevrez [&hellip;]\" \/>\n<meta property=\"og:url\" content=\"https:\/\/entredosmons.es\/fr\/pack-gastronomique\/\" \/>\n<meta property=\"og:site_name\" content=\"Entre dos mons\" \/>\n<meta property=\"article:modified_time\" content=\"2026-01-23T10:15:47+00:00\" \/>\n<meta property=\"og:image\" content=\"https:\/\/entredosmons.es\/wp-content\/uploads\/2024\/06\/entrecote-y-pure-scaled.jpg\" \/>\n<meta name=\"twitter:card\" content=\"summary_large_image\" \/>\n<meta name=\"twitter:label1\" content=\"Dur\u00e9e de lecture estim\u00e9e\" \/>\n\t<meta name=\"twitter:data1\" content=\"5 minutes\" \/>\n<script type=\"application\/ld+json\" class=\"yoast-schema-graph\">{\"@context\":\"https:\/\/schema.org\",\"@graph\":[{\"@type\":\"WebPage\",\"@id\":\"https:\/\/entredosmons.es\/fr\/pack-gastronomique\/\",\"url\":\"https:\/\/entredosmons.es\/fr\/pack-gastronomique\/\",\"name\":\"Pack gastronomique - Entre dos mons\",\"isPartOf\":{\"@id\":\"https:\/\/entredosmons.es\/#website\"},\"primaryImageOfPage\":{\"@id\":\"https:\/\/entredosmons.es\/fr\/pack-gastronomique\/#primaryimage\"},\"image\":{\"@id\":\"https:\/\/entredosmons.es\/fr\/pack-gastronomique\/#primaryimage\"},\"thumbnailUrl\":\"https:\/\/entredosmons.es\/wp-content\/uploads\/2024\/06\/entrecote-y-pure-scaled.jpg\",\"datePublished\":\"2021-04-08T09:36:40+00:00\",\"dateModified\":\"2026-01-23T10:15:47+00:00\",\"breadcrumb\":{\"@id\":\"https:\/\/entredosmons.es\/fr\/pack-gastronomique\/#breadcrumb\"},\"inLanguage\":\"fr-FR\",\"potentialAction\":[{\"@type\":\"ReadAction\",\"target\":[\"https:\/\/entredosmons.es\/fr\/pack-gastronomique\/\"]}]},{\"@type\":\"ImageObject\",\"inLanguage\":\"fr-FR\",\"@id\":\"https:\/\/entredosmons.es\/fr\/pack-gastronomique\/#primaryimage\",\"url\":\"https:\/\/entredosmons.es\/wp-content\/uploads\/2024\/06\/entrecote-y-pure-scaled.jpg\",\"contentUrl\":\"https:\/\/entredosmons.es\/wp-content\/uploads\/2024\/06\/entrecote-y-pure-scaled.jpg\"},{\"@type\":\"BreadcrumbList\",\"@id\":\"https:\/\/entredosmons.es\/fr\/pack-gastronomique\/#breadcrumb\",\"itemListElement\":[{\"@type\":\"ListItem\",\"position\":1,\"name\":\"Portada\",\"item\":\"https:\/\/entredosmons.es\/\"},{\"@type\":\"ListItem\",\"position\":2,\"name\":\"Pack gastronomique\"}]},{\"@type\":\"WebSite\",\"@id\":\"https:\/\/entredosmons.es\/#website\",\"url\":\"https:\/\/entredosmons.es\/\",\"name\":\"Entre dos mons\",\"description\":\"Gastro fusi\u00f3\",\"potentialAction\":[{\"@type\":\"SearchAction\",\"target\":{\"@type\":\"EntryPoint\",\"urlTemplate\":\"https:\/\/entredosmons.es\/?s={search_term_string}\"},\"query-input\":{\"@type\":\"PropertyValueSpecification\",\"valueRequired\":true,\"valueName\":\"search_term_string\"}}],\"inLanguage\":\"fr-FR\"}]}<\/script>\n<!-- \/ Yoast SEO plugin. -->","yoast_head_json":{"title":"Pack gastronomique - Entre dos mons","robots":{"index":"index","follow":"follow","max-snippet":"max-snippet:-1","max-image-preview":"max-image-preview:large","max-video-preview":"max-video-preview:-1"},"canonical":"https:\/\/entredosmons.es\/fr\/pack-gastronomique\/","og_locale":"fr_FR","og_type":"article","og_title":"Pack gastronomique - Entre dos mons","og_description":"2024 \u00a9 entredosmons - Politique de confidentialit\u00e9 \/ Mentions l\u00e9gales \/ Politique de cookiesDES SAVEURS QUI RACONTENT DES HISTOIRES. DES MOMENTS QUI DEVIENNENT DES SOUVENIRS. Offrez ou profitez de l\u2019un de nos packs gastronomiques exclusifs, qui allient le meilleur de notre cuisine \u00e0 une visite culturelle au c\u0153ur marin de la Costa Brava. Vous recevrez [&hellip;]","og_url":"https:\/\/entredosmons.es\/fr\/pack-gastronomique\/","og_site_name":"Entre dos mons","article_modified_time":"2026-01-23T10:15:47+00:00","og_image":[{"url":"https:\/\/entredosmons.es\/wp-content\/uploads\/2024\/06\/entrecote-y-pure-scaled.jpg","type":"","width":"","height":""}],"twitter_card":"summary_large_image","twitter_misc":{"Dur\u00e9e de lecture estim\u00e9e":"5 minutes"},"schema":{"@context":"https:\/\/schema.org","@graph":[{"@type":"WebPage","@id":"https:\/\/entredosmons.es\/fr\/pack-gastronomique\/","url":"https:\/\/entredosmons.es\/fr\/pack-gastronomique\/","name":"Pack gastronomique - Entre dos mons","isPartOf":{"@id":"https:\/\/entredosmons.es\/#website"},"primaryImageOfPage":{"@id":"https:\/\/entredosmons.es\/fr\/pack-gastronomique\/#primaryimage"},"image":{"@id":"https:\/\/entredosmons.es\/fr\/pack-gastronomique\/#primaryimage"},"thumbnailUrl":"https:\/\/entredosmons.es\/wp-content\/uploads\/2024\/06\/entrecote-y-pure-scaled.jpg","datePublished":"2021-04-08T09:36:40+00:00","dateModified":"2026-01-23T10:15:47+00:00","breadcrumb":{"@id":"https:\/\/entredosmons.es\/fr\/pack-gastronomique\/#breadcrumb"},"inLanguage":"fr-FR","potentialAction":[{"@type":"ReadAction","target":["https:\/\/entredosmons.es\/fr\/pack-gastronomique\/"]}]},{"@type":"ImageObject","inLanguage":"fr-FR","@id":"https:\/\/entredosmons.es\/fr\/pack-gastronomique\/#primaryimage","url":"https:\/\/entredosmons.es\/wp-content\/uploads\/2024\/06\/entrecote-y-pure-scaled.jpg","contentUrl":"https:\/\/entredosmons.es\/wp-content\/uploads\/2024\/06\/entrecote-y-pure-scaled.jpg"},{"@type":"BreadcrumbList","@id":"https:\/\/entredosmons.es\/fr\/pack-gastronomique\/#breadcrumb","itemListElement":[{"@type":"ListItem","position":1,"name":"Portada","item":"https:\/\/entredosmons.es\/"},{"@type":"ListItem","position":2,"name":"Pack gastronomique"}]},{"@type":"WebSite","@id":"https:\/\/entredosmons.es\/#website","url":"https:\/\/entredosmons.es\/","name":"Entre dos mons","description":"Gastro fusi\u00f3","potentialAction":[{"@type":"SearchAction","target":{"@type":"EntryPoint","urlTemplate":"https:\/\/entredosmons.es\/?s={search_term_string}"},"query-input":{"@type":"PropertyValueSpecification","valueRequired":true,"valueName":"search_term_string"}}],"inLanguage":"fr-FR"}]}},"_links":{"self":[{"href":"https:\/\/entredosmons.es\/fr\/wp-json\/wp\/v2\/pages\/3217","targetHints":{"allow":["GET"]}}],"collection":[{"href":"https:\/\/entredosmons.es\/fr\/wp-json\/wp\/v2\/pages"}],"about":[{"href":"https:\/\/entredosmons.es\/fr\/wp-json\/wp\/v2\/types\/page"}],"author":[{"embeddable":true,"href":"https:\/\/entredosmons.es\/fr\/wp-json\/wp\/v2\/users\/1"}],"replies":[{"embeddable":true,"href":"https:\/\/entredosmons.es\/fr\/wp-json\/wp\/v2\/comments?post=3217"}],"version-history":[{"count":27,"href":"https:\/\/entredosmons.es\/fr\/wp-json\/wp\/v2\/pages\/3217\/revisions"}],"predecessor-version":[{"id":8698,"href":"https:\/\/entredosmons.es\/fr\/wp-json\/wp\/v2\/pages\/3217\/revisions\/8698"}],"wp:attachment":[{"href":"https:\/\/entredosmons.es\/fr\/wp-json\/wp\/v2\/media?parent=3217"}],"curies":[{"name":"wp","href":"https:\/\/api.w.org\/{rel}","templated":true}]}}