{"id":4793,"date":"2022-03-28T11:51:31","date_gmt":"2022-03-28T09:51:31","guid":{"rendered":"https:\/\/entredosmons.es\/notre-jardin\/"},"modified":"2022-03-28T11:51:32","modified_gmt":"2022-03-28T09:51:32","slug":"notre-jardin","status":"publish","type":"page","link":"https:\/\/entredosmons.es\/fr\/notre-jardin\/","title":{"rendered":"Notre jardin"},"content":{"rendered":"<p>[et_pb_section fb_built=\u00a0\u00bb1&Prime; fullwidth=\u00a0\u00bbon\u00a0\u00bb admin_label=\u00a0\u00bbHero Section\u00a0\u00bb _builder_version=\u00a0\u00bb4.4.8&Prime; background_enable_color=\u00a0\u00bboff\u00a0\u00bb animation_direction=\u00a0\u00bbbottom\u00a0\u00bb hover_enabled=\u00a0\u00bb0&Prime; custom_css_main_element=\u00a0\u00bbmargin-top: -79px;\u00a0\u00bb global_colors_info=\u00a0\u00bb{}\u00a0\u00bb sticky_enabled=\u00a0\u00bb0&Prime;][et_pb_fullwidth_header title=\u00a0\u00bbDU JARDIN \u00c0 LA TABLE\u00a0\u00bb text_orientation=\u00a0\u00bbcenter\u00a0\u00bb header_fullscreen=\u00a0\u00bbon\u00a0\u00bb button_one_url=\u00a0\u00bbhttp:\/\/divi.dev\/wedding\/#rsvp\u00a0\u00bb background_overlay_color=\u00a0\u00bbrgba(0,0,0,0)\u00a0\u00bb title_font_color=\u00a0\u00bb#444235&Prime; subhead_font_color=\u00a0\u00bb#444235&Prime; admin_label=\u00a0\u00bbHero\u00a0\u00bb _builder_version=\u00a0\u00bb4.14.9&Prime; title_font=\u00a0\u00bbAbril Fatface||||||||\u00a0\u00bb title_text_color=\u00a0\u00bb#ffffff\u00a0\u00bb title_font_size=\u00a0\u00bb68px\u00a0\u00bb content_text_color=\u00a0\u00bb#000000&Prime; subhead_font=\u00a0\u00bbMontserrat||||||||\u00a0\u00bb subhead_text_color=\u00a0\u00bb#ffffff\u00a0\u00bb subhead_font_size=\u00a0\u00bb20px\u00a0\u00bb subhead_letter_spacing=\u00a0\u00bb8px\u00a0\u00bb background_color=\u00a0\u00bbrgba(0,0,0,0.25)\u00a0\u00bb background_image=\u00a0\u00bbhttps:\/\/entredosmons.es\/wp-content\/uploads\/2022\/03\/banner-nh.jpg\u00a0\u00bb background_blend=\u00a0\u00bbmultiply\u00a0\u00bb custom_button_one=\u00a0\u00bbon\u00a0\u00bb button_one_text_size=\u00a0\u00bb16px\u00a0\u00bb button_one_text_color=\u00a0\u00bb#ffffff\u00a0\u00bb button_one_border_width=\u00a0\u00bb2px\u00a0\u00bb button_one_border_color=\u00a0\u00bb#ffffff\u00a0\u00bb button_one_border_radius=\u00a0\u00bb0px\u00a0\u00bb button_one_letter_spacing=\u00a0\u00bb6px\u00a0\u00bb button_one_font=\u00a0\u00bbOpen Sans||||\u00a0\u00bb button_one_use_icon=\u00a0\u00bboff\u00a0\u00bb hover_enabled=\u00a0\u00bb0&Prime; title_font_size_tablet=\u00a0\u00bb55px\u00a0\u00bb title_font_size_phone=\u00a0\u00bb40px\u00a0\u00bb title_font_size_last_edited=\u00a0\u00bbon|phone\u00a0\u00bb button_one_letter_spacing_hover=\u00a0\u00bb10px\u00a0\u00bb global_colors_info=\u00a0\u00bb{}\u00a0\u00bb button_one_text_size__hover_enabled=\u00a0\u00bboff\u00a0\u00bb button_two_text_size__hover_enabled=\u00a0\u00bboff\u00a0\u00bb button_one_text_color__hover_enabled=\u00a0\u00bboff\u00a0\u00bb button_two_text_color__hover_enabled=\u00a0\u00bboff\u00a0\u00bb button_one_border_width__hover_enabled=\u00a0\u00bboff\u00a0\u00bb button_two_border_width__hover_enabled=\u00a0\u00bboff\u00a0\u00bb button_one_border_color__hover_enabled=\u00a0\u00bboff\u00a0\u00bb button_two_border_color__hover_enabled=\u00a0\u00bboff\u00a0\u00bb button_one_border_radius__hover_enabled=\u00a0\u00bboff\u00a0\u00bb button_two_border_radius__hover_enabled=\u00a0\u00bboff\u00a0\u00bb button_one_letter_spacing__hover_enabled=\u00a0\u00bbon\u00a0\u00bb button_one_letter_spacing__hover=\u00a0\u00bb10px\u00a0\u00bb button_two_letter_spacing__hover_enabled=\u00a0\u00bboff\u00a0\u00bb button_one_bg_color__hover_enabled=\u00a0\u00bboff\u00a0\u00bb button_two_bg_color__hover_enabled=\u00a0\u00bboff\u00a0\u00bb sticky_enabled=\u00a0\u00bb0&Prime;][\/et_pb_fullwidth_header][\/et_pb_section][et_pb_section fb_built=\u00a0\u00bb1&Prime; _builder_version=\u00a0\u00bb4.14.9&Prime; custom_padding=\u00a0\u00bb60px||10px||false|false\u00a0\u00bb global_colors_info=\u00a0\u00bb{}\u00a0\u00bb][et_pb_row _builder_version=\u00a0\u00bb4.4.4&Prime; custom_margin=\u00a0\u00bb|auto|45px|auto||\u00a0\u00bb custom_padding=\u00a0\u00bb17px|||||\u00a0\u00bb locked=\u00a0\u00bboff\u00a0\u00bb global_colors_info=\u00a0\u00bb{}\u00a0\u00bb][et_pb_column type=\u00a0\u00bb4_4&Prime; _builder_version=\u00a0\u00bb4.4.4&Prime; global_colors_info=\u00a0\u00bb{}\u00a0\u00bb][et_pb_text _builder_version=\u00a0\u00bb4.14.9&Prime; text_orientation=\u00a0\u00bbcenter\u00a0\u00bb custom_margin=\u00a0\u00bb8px|||||\u00a0\u00bb global_colors_info=\u00a0\u00bb{}\u00a0\u00bb]<\/p>\n<h2 style=\"font-family: 'Abril Fatface',display; font-size: 35px; letter-spacing: 4px\">Nous utilisons toujours des produits frais et de saison. <\/h2>\n<p>[\/et_pb_text][et_pb_text _builder_version=\u00a0\u00bb4.14.9&Prime; text_orientation=\u00a0\u00bbcenter\u00a0\u00bb hover_enabled=\u00a0\u00bb0&Prime; global_colors_info=\u00a0\u00bb{}\u00a0\u00bb sticky_enabled=\u00a0\u00bb0&Prime;]<\/p>\n<h4><strong>Le jardin \u00e9cologique d&rsquo;Entre dos Mons : cultiver sa propre nourriture<\/strong><\/h4>\n<p>Nous aimons vous montrer la partie la plus durable d&rsquo;Entre dos Mons : Notre jardin o\u00f9 nous plantons de multiples vari\u00e9t\u00e9s de produits qui nous aident \u00e0 nous fournir quand nous commen\u00e7ons \u00e0 cuisiner et ainsi, offrir un produit 100% de chez nous. Nous utilisons toujours des produits frais et de saison. Certains des produits que nous servons \u00e0 vos plats proviennent directement de notre jardin, c&rsquo;est pourquoi nous tenons \u00e0 vous faire d\u00e9couvrir ce petit coin si important \u00e0 nos yeux : 0 km et des produits de qualit\u00e9.<\/p>\n<p>De cette fa\u00e7on, notre cuisine peut offrir au convive une valeur ajout\u00e9e et que le plat porte le sceau de notre cuisine. \u00c7a sonne bien, non ? Venez les essayer!<\/p>\n<p>[\/et_pb_text][\/et_pb_column][\/et_pb_row][et_pb_row _builder_version=\u00a0\u00bb4.14.9&Prime; global_colors_info=\u00a0\u00bb{}\u00a0\u00bb][et_pb_column type=\u00a0\u00bb4_4&Prime; _builder_version=\u00a0\u00bb4.14.9&Prime; global_colors_info=\u00a0\u00bb{}\u00a0\u00bb][dsm_image_carousel gallery_ids=\u00a0\u00bb4388,4392,4396,4436,4432,4428,4424,4420,4416,4412,4408,4404,4400,4440,4444,4448,4452,4456,4460,4464,4468,4472,4476,4384&Prime; arrow_position_mobile=\u00a0\u00bboutside\u00a0\u00bb _builder_version=\u00a0\u00bb4.14.9&Prime; _module_preset=\u00a0\u00bbdefault\u00a0\u00bb global_colors_info=\u00a0\u00bb{}\u00a0\u00bb][\/dsm_image_carousel][dsm_image_carousel gallery_ids=\u00a0\u00bb4556,4552,4548,4544,4540,4536,4532,4528,4524,4520,4516,4512,4508,4504,4500,4496,4492,4488,4484,4480&Prime; arrow_position_mobile=\u00a0\u00bboutside\u00a0\u00bb _builder_version=\u00a0\u00bb4.14.9&Prime; _module_preset=\u00a0\u00bbdefault\u00a0\u00bb global_colors_info=\u00a0\u00bb{}\u00a0\u00bb][\/dsm_image_carousel][\/et_pb_column][\/et_pb_row][et_pb_row _builder_version=\u00a0\u00bb4.4.4&Prime; custom_padding=\u00a0\u00bb||17px|||\u00a0\u00bb global_colors_info=\u00a0\u00bb{}\u00a0\u00bb][et_pb_column type=\u00a0\u00bb4_4&Prime; _builder_version=\u00a0\u00bb4.4.4&Prime; global_colors_info=\u00a0\u00bb{}\u00a0\u00bb][et_pb_code _builder_version=\u00a0\u00bb4.4.4&Prime; global_colors_info=\u00a0\u00bb{}\u00a0\u00bb]<\/p>\n<hr style=\"color: #8080804d;\">[\/et_pb_code][\/et_pb_column][\/et_pb_row][\/et_pb_section][et_pb_section fb_built=\u00a0\u00bb1&Prime; fullwidth=\u00a0\u00bbon\u00a0\u00bb _builder_version=\u00a0\u00bb4.4.4&Prime; global_colors_info=\u00a0\u00bb{}\u00a0\u00bb][et_pb_fullwidth_code _builder_version=\u00a0\u00bb4.4.4&Prime; global_colors_info=\u00a0\u00bb{}\u00a0\u00bb][logocarousel id=\u00a0\u00bb116&Prime;][\/et_pb_fullwidth_code][\/et_pb_section][et_pb_section fb_built=\u00a0\u00bb1&Prime; _builder_version=\u00a0\u00bb4.4.4&Prime; custom_padding=\u00a0\u00bb9px||45px|||\u00a0\u00bb global_colors_info=\u00a0\u00bb{}\u00a0\u00bb][et_pb_row _builder_version=\u00a0\u00bb4.4.4&Prime; custom_padding=\u00a0\u00bb16px|||||\u00a0\u00bb global_colors_info=\u00a0\u00bb{}\u00a0\u00bb][et_pb_column type=\u00a0\u00bb4_4&Prime; _builder_version=\u00a0\u00bb4.4.4&Prime; global_colors_info=\u00a0\u00bb{}\u00a0\u00bb][et_pb_code _builder_version=\u00a0\u00bb4.4.4&Prime; global_colors_info=\u00a0\u00bb{}\u00a0\u00bb]<\/p>\n<hr style=\"color: #8080804d;\">[\/et_pb_code][\/et_pb_column][\/et_pb_row][\/et_pb_section]<\/p>\n","protected":false},"excerpt":{"rendered":"<p>Nous utilisons toujours des produits frais et de saison. Le jardin \u00e9cologique d&rsquo;Entre dos Mons : cultiver sa propre nourriture Nous aimons vous montrer la partie la plus durable d&rsquo;Entre dos Mons : Notre jardin o\u00f9 nous plantons de multiples vari\u00e9t\u00e9s de produits qui nous aident \u00e0 nous fournir quand nous commen\u00e7ons \u00e0 cuisiner et [&hellip;]<\/p>\n","protected":false},"author":1,"featured_media":0,"parent":0,"menu_order":0,"comment_status":"closed","ping_status":"closed","template":"","meta":{"_et_pb_use_builder":"on","_et_pb_old_content":"","_et_gb_content_width":"","footnotes":""},"class_list":["post-4793","page","type-page","status-publish","hentry"],"yoast_head":"<!-- This site is optimized with the Yoast SEO plugin v24.8.1 - https:\/\/yoast.com\/wordpress\/plugins\/seo\/ -->\n<title>Notre jardin - Entre dos mons<\/title>\n<meta name=\"robots\" content=\"index, follow, max-snippet:-1, max-image-preview:large, max-video-preview:-1\" \/>\n<link rel=\"canonical\" href=\"https:\/\/entredosmons.es\/nuestro-huerto\/\" \/>\n<meta property=\"og:locale\" content=\"fr_FR\" \/>\n<meta property=\"og:type\" content=\"article\" \/>\n<meta property=\"og:title\" content=\"Notre jardin - Entre dos mons\" \/>\n<meta property=\"og:description\" content=\"Nous utilisons toujours des produits frais et de saison. Le jardin \u00e9cologique d&#039;Entre dos Mons : cultiver sa propre nourriture Nous aimons vous montrer la partie la plus durable d&#039;Entre dos Mons : Notre jardin o\u00f9 nous plantons de multiples vari\u00e9t\u00e9s de produits qui nous aident \u00e0 nous fournir quand nous commen\u00e7ons \u00e0 cuisiner et [&hellip;]\" \/>\n<meta property=\"og:url\" content=\"https:\/\/entredosmons.es\/nuestro-huerto\/\" \/>\n<meta property=\"og:site_name\" content=\"Entre dos mons\" \/>\n<meta property=\"article:modified_time\" content=\"2022-03-28T09:51:32+00:00\" \/>\n<meta name=\"twitter:card\" content=\"summary_large_image\" \/>\n<meta name=\"twitter:label1\" content=\"Dur\u00e9e de lecture estim\u00e9e\" \/>\n\t<meta name=\"twitter:data1\" content=\"4 minutes\" \/>\n<script type=\"application\/ld+json\" class=\"yoast-schema-graph\">{\"@context\":\"https:\/\/schema.org\",\"@graph\":[{\"@type\":\"WebPage\",\"@id\":\"https:\/\/entredosmons.es\/nuestro-huerto\/\",\"url\":\"https:\/\/entredosmons.es\/nuestro-huerto\/\",\"name\":\"Notre jardin - Entre dos mons\",\"isPartOf\":{\"@id\":\"https:\/\/entredosmons.es\/#website\"},\"datePublished\":\"2022-03-28T09:51:31+00:00\",\"dateModified\":\"2022-03-28T09:51:32+00:00\",\"breadcrumb\":{\"@id\":\"https:\/\/entredosmons.es\/nuestro-huerto\/#breadcrumb\"},\"inLanguage\":\"fr-FR\",\"potentialAction\":[{\"@type\":\"ReadAction\",\"target\":[\"https:\/\/entredosmons.es\/nuestro-huerto\/\"]}]},{\"@type\":\"BreadcrumbList\",\"@id\":\"https:\/\/entredosmons.es\/nuestro-huerto\/#breadcrumb\",\"itemListElement\":[{\"@type\":\"ListItem\",\"position\":1,\"name\":\"Portada\",\"item\":\"https:\/\/entredosmons.es\/\"},{\"@type\":\"ListItem\",\"position\":2,\"name\":\"Notre jardin\"}]},{\"@type\":\"WebSite\",\"@id\":\"https:\/\/entredosmons.es\/#website\",\"url\":\"https:\/\/entredosmons.es\/\",\"name\":\"Entre dos mons\",\"description\":\"Gastro fusi\u00f3\",\"potentialAction\":[{\"@type\":\"SearchAction\",\"target\":{\"@type\":\"EntryPoint\",\"urlTemplate\":\"https:\/\/entredosmons.es\/?s={search_term_string}\"},\"query-input\":{\"@type\":\"PropertyValueSpecification\",\"valueRequired\":true,\"valueName\":\"search_term_string\"}}],\"inLanguage\":\"fr-FR\"}]}<\/script>\n<!-- \/ Yoast SEO plugin. -->","yoast_head_json":{"title":"Notre jardin - Entre dos mons","robots":{"index":"index","follow":"follow","max-snippet":"max-snippet:-1","max-image-preview":"max-image-preview:large","max-video-preview":"max-video-preview:-1"},"canonical":"https:\/\/entredosmons.es\/nuestro-huerto\/","og_locale":"fr_FR","og_type":"article","og_title":"Notre jardin - Entre dos mons","og_description":"Nous utilisons toujours des produits frais et de saison. Le jardin \u00e9cologique d'Entre dos Mons : cultiver sa propre nourriture Nous aimons vous montrer la partie la plus durable d'Entre dos Mons : Notre jardin o\u00f9 nous plantons de multiples vari\u00e9t\u00e9s de produits qui nous aident \u00e0 nous fournir quand nous commen\u00e7ons \u00e0 cuisiner et [&hellip;]","og_url":"https:\/\/entredosmons.es\/nuestro-huerto\/","og_site_name":"Entre dos mons","article_modified_time":"2022-03-28T09:51:32+00:00","twitter_card":"summary_large_image","twitter_misc":{"Dur\u00e9e de lecture estim\u00e9e":"4 minutes"},"schema":{"@context":"https:\/\/schema.org","@graph":[{"@type":"WebPage","@id":"https:\/\/entredosmons.es\/nuestro-huerto\/","url":"https:\/\/entredosmons.es\/nuestro-huerto\/","name":"Notre jardin - Entre dos mons","isPartOf":{"@id":"https:\/\/entredosmons.es\/#website"},"datePublished":"2022-03-28T09:51:31+00:00","dateModified":"2022-03-28T09:51:32+00:00","breadcrumb":{"@id":"https:\/\/entredosmons.es\/nuestro-huerto\/#breadcrumb"},"inLanguage":"fr-FR","potentialAction":[{"@type":"ReadAction","target":["https:\/\/entredosmons.es\/nuestro-huerto\/"]}]},{"@type":"BreadcrumbList","@id":"https:\/\/entredosmons.es\/nuestro-huerto\/#breadcrumb","itemListElement":[{"@type":"ListItem","position":1,"name":"Portada","item":"https:\/\/entredosmons.es\/"},{"@type":"ListItem","position":2,"name":"Notre jardin"}]},{"@type":"WebSite","@id":"https:\/\/entredosmons.es\/#website","url":"https:\/\/entredosmons.es\/","name":"Entre dos mons","description":"Gastro fusi\u00f3","potentialAction":[{"@type":"SearchAction","target":{"@type":"EntryPoint","urlTemplate":"https:\/\/entredosmons.es\/?s={search_term_string}"},"query-input":{"@type":"PropertyValueSpecification","valueRequired":true,"valueName":"search_term_string"}}],"inLanguage":"fr-FR"}]}},"_links":{"self":[{"href":"https:\/\/entredosmons.es\/fr\/wp-json\/wp\/v2\/pages\/4793","targetHints":{"allow":["GET"]}}],"collection":[{"href":"https:\/\/entredosmons.es\/fr\/wp-json\/wp\/v2\/pages"}],"about":[{"href":"https:\/\/entredosmons.es\/fr\/wp-json\/wp\/v2\/types\/page"}],"author":[{"embeddable":true,"href":"https:\/\/entredosmons.es\/fr\/wp-json\/wp\/v2\/users\/1"}],"replies":[{"embeddable":true,"href":"https:\/\/entredosmons.es\/fr\/wp-json\/wp\/v2\/comments?post=4793"}],"version-history":[{"count":2,"href":"https:\/\/entredosmons.es\/fr\/wp-json\/wp\/v2\/pages\/4793\/revisions"}],"predecessor-version":[{"id":4795,"href":"https:\/\/entredosmons.es\/fr\/wp-json\/wp\/v2\/pages\/4793\/revisions\/4795"}],"wp:attachment":[{"href":"https:\/\/entredosmons.es\/fr\/wp-json\/wp\/v2\/media?parent=4793"}],"curies":[{"name":"wp","href":"https:\/\/api.w.org\/{rel}","templated":true}]}}