{"id":4831,"date":"2022-03-29T09:49:52","date_gmt":"2022-03-29T07:49:52","guid":{"rendered":"https:\/\/entredosmons.es\/informations\/"},"modified":"2022-03-29T09:49:53","modified_gmt":"2022-03-29T07:49:53","slug":"informations","status":"publish","type":"page","link":"https:\/\/entredosmons.es\/fr\/informations\/","title":{"rendered":"Informations"},"content":{"rendered":"<p>[et_pb_section fb_built=\u00a0\u00bb1&Prime; fullwidth=\u00a0\u00bbon\u00a0\u00bb admin_label=\u00a0\u00bbHero Section\u00a0\u00bb _builder_version=\u00a0\u00bb4.4.8&Prime; background_enable_color=\u00a0\u00bboff\u00a0\u00bb animation_direction=\u00a0\u00bbbottom\u00a0\u00bb custom_css_main_element=\u00a0\u00bbmargin-top: -79px;\u00a0\u00bb global_colors_info=\u00a0\u00bb{}\u00a0\u00bb][et_pb_fullwidth_header title=\u00a0\u00bbINFORMATIONS\u00a0\u00bb subhead=\u00a0\u00bbENTRE DOS MONS\u00a0\u00bb text_orientation=\u00a0\u00bbcenter\u00a0\u00bb header_fullscreen=\u00a0\u00bbon\u00a0\u00bb button_one_url=\u00a0\u00bbhttp:\/\/divi.dev\/wedding\/#rsvp\u00a0\u00bb background_overlay_color=\u00a0\u00bbrgba(0,0,0,0)\u00a0\u00bb title_font_color=\u00a0\u00bb#444235&Prime; subhead_font_color=\u00a0\u00bb#444235&Prime; subhead_tablet=\u00a0\u00bbENTRE DOS MONS\u00a0\u00bb subhead_phone=\u00a0\u00bbENTRE DOS MONS\u00a0\u00bb subhead_last_edited=\u00a0\u00bbon|desktop\u00a0\u00bb admin_label=\u00a0\u00bbHero\u00a0\u00bb _builder_version=\u00a0\u00bb4.14.9&Prime; title_font=\u00a0\u00bbAbril Fatface||||||||\u00a0\u00bb title_text_color=\u00a0\u00bb#ffffff\u00a0\u00bb title_font_size=\u00a0\u00bb65px\u00a0\u00bb content_text_color=\u00a0\u00bb#000000&Prime; subhead_font=\u00a0\u00bbAbril Fatface||||||||\u00a0\u00bb subhead_text_color=\u00a0\u00bb#ffffff\u00a0\u00bb subhead_font_size=\u00a0\u00bb4.5em\u00a0\u00bb subhead_letter_spacing=\u00a0\u00bb8px\u00a0\u00bb background_color=\u00a0\u00bbrgba(0,0,0,0.6)\u00a0\u00bb background_image=\u00a0\u00bbhttps:\/\/entredosmons.es\/wp-content\/uploads\/2020\/06\/Entre-dos-mons-3.jpg\u00a0\u00bb background_blend=\u00a0\u00bbmultiply\u00a0\u00bb custom_button_one=\u00a0\u00bbon\u00a0\u00bb button_one_text_size=\u00a0\u00bb16px\u00a0\u00bb button_one_text_color=\u00a0\u00bb#ffffff\u00a0\u00bb button_one_border_width=\u00a0\u00bb2px\u00a0\u00bb button_one_border_color=\u00a0\u00bb#ffffff\u00a0\u00bb button_one_border_radius=\u00a0\u00bb0px\u00a0\u00bb button_one_letter_spacing=\u00a0\u00bb6px\u00a0\u00bb button_one_font=\u00a0\u00bbOpen Sans||||\u00a0\u00bb button_one_use_icon=\u00a0\u00bboff\u00a0\u00bb hover_enabled=\u00a0\u00bb0&Prime; title_font_size_tablet=\u00a0\u00bb\u00a0\u00bb title_font_size_phone=\u00a0\u00bb80px\u00a0\u00bb title_font_size_last_edited=\u00a0\u00bbon|phone\u00a0\u00bb button_one_letter_spacing_hover=\u00a0\u00bb10px\u00a0\u00bb global_colors_info=\u00a0\u00bb{}\u00a0\u00bb button_one_text_size__hover_enabled=\u00a0\u00bboff\u00a0\u00bb button_two_text_size__hover_enabled=\u00a0\u00bboff\u00a0\u00bb button_one_text_color__hover_enabled=\u00a0\u00bboff\u00a0\u00bb button_two_text_color__hover_enabled=\u00a0\u00bboff\u00a0\u00bb button_one_border_width__hover_enabled=\u00a0\u00bboff\u00a0\u00bb button_two_border_width__hover_enabled=\u00a0\u00bboff\u00a0\u00bb button_one_border_color__hover_enabled=\u00a0\u00bboff\u00a0\u00bb button_two_border_color__hover_enabled=\u00a0\u00bboff\u00a0\u00bb button_one_border_radius__hover_enabled=\u00a0\u00bboff\u00a0\u00bb button_two_border_radius__hover_enabled=\u00a0\u00bboff\u00a0\u00bb button_one_letter_spacing__hover_enabled=\u00a0\u00bbon\u00a0\u00bb button_one_letter_spacing__hover=\u00a0\u00bb10px\u00a0\u00bb button_two_letter_spacing__hover_enabled=\u00a0\u00bboff\u00a0\u00bb button_one_bg_color__hover_enabled=\u00a0\u00bboff\u00a0\u00bb button_two_bg_color__hover_enabled=\u00a0\u00bboff\u00a0\u00bb sticky_enabled=\u00a0\u00bb0&Prime; subhead_line_height=\u00a0\u00bb1.5em\u00a0\u00bb][\/et_pb_fullwidth_header][\/et_pb_section][et_pb_section fb_built=\u00a0\u00bb1&Prime; _builder_version=\u00a0\u00bb4.4.4&Prime; custom_padding=\u00a0\u00bb60px||10px|||\u00a0\u00bb global_colors_info=\u00a0\u00bb{}\u00a0\u00bb][et_pb_row _builder_version=\u00a0\u00bb4.4.4&Prime; custom_margin=\u00a0\u00bb|auto|45px|auto||\u00a0\u00bb custom_padding=\u00a0\u00bb17px|||||\u00a0\u00bb global_colors_info=\u00a0\u00bb{}\u00a0\u00bb][et_pb_column type=\u00a0\u00bb4_4&Prime; _builder_version=\u00a0\u00bb4.4.4&Prime; global_colors_info=\u00a0\u00bb{}\u00a0\u00bb][et_pb_text _builder_version=\u00a0\u00bb4.14.9&Prime; header_2_font=\u00a0\u00bb||||||||\u00a0\u00bb text_orientation=\u00a0\u00bbcenter\u00a0\u00bb custom_margin=\u00a0\u00bb8px|||||\u00a0\u00bb global_colors_info=\u00a0\u00bb{}\u00a0\u00bb]<\/p>\n<h2 style=\"font-family: 'Abril Fatface',display; font-size: 35px; letter-spacing: 4px\">C&rsquo;est ici que se pr\u00e9parent les nouvelles de notre restaurant<\/h2>\n<p>[\/et_pb_text][\/et_pb_column][\/et_pb_row][et_pb_row _builder_version=\u00a0\u00bb4.14.9&Prime; _module_preset=\u00a0\u00bbdefault\u00a0\u00bb custom_padding=\u00a0\u00bb||0px|||\u00a0\u00bb global_colors_info=\u00a0\u00bb{}\u00a0\u00bb][et_pb_column type=\u00a0\u00bb4_4&Prime; _builder_version=\u00a0\u00bb4.14.9&Prime; _module_preset=\u00a0\u00bbdefault\u00a0\u00bb global_colors_info=\u00a0\u00bb{}\u00a0\u00bb][dsm_blog_carousel include_categories=\u00a0\u00bb88&Prime; use_date=\u00a0\u00bboff\u00a0\u00bb use_author=\u00a0\u00bboff\u00a0\u00bb columns=\u00a0\u00bb1&Prime; use_pagi=\u00a0\u00bboff\u00a0\u00bb _builder_version=\u00a0\u00bb4.14.9&Prime; _module_preset=\u00a0\u00bbdefault\u00a0\u00bb custom_readmore=\u00a0\u00bbon\u00a0\u00bb global_colors_info=\u00a0\u00bb{}\u00a0\u00bb][\/dsm_blog_carousel][\/et_pb_column][\/et_pb_row][\/et_pb_section][et_pb_section fb_built=\u00a0\u00bb1&Prime; _builder_version=\u00a0\u00bb4.4.4&Prime; custom_padding=\u00a0\u00bb9px||42px|||\u00a0\u00bb locked=\u00a0\u00bboff\u00a0\u00bb global_colors_info=\u00a0\u00bb{}\u00a0\u00bb][et_pb_row _builder_version=\u00a0\u00bb4.4.4&Prime; global_colors_info=\u00a0\u00bb{}\u00a0\u00bb][et_pb_column type=\u00a0\u00bb4_4&Prime; _builder_version=\u00a0\u00bb4.4.4&Prime; global_colors_info=\u00a0\u00bb{}\u00a0\u00bb][et_pb_code _builder_version=\u00a0\u00bb4.4.4&Prime; global_colors_info=\u00a0\u00bb{}\u00a0\u00bb]<\/p>\n<hr style=\"color: #8080804d;\">[\/et_pb_code][\/et_pb_column][\/et_pb_row][\/et_pb_section][et_pb_section fb_built=\u00a0\u00bb1&Prime; fullwidth=\u00a0\u00bbon\u00a0\u00bb _builder_version=\u00a0\u00bb4.4.4&Prime; global_colors_info=\u00a0\u00bb{}\u00a0\u00bb][et_pb_fullwidth_code _builder_version=\u00a0\u00bb4.4.4&Prime; global_colors_info=\u00a0\u00bb{}\u00a0\u00bb][logocarousel id=\u00a0\u00bb116&Prime;][\/et_pb_fullwidth_code][\/et_pb_section][et_pb_section fb_built=\u00a0\u00bb1&Prime; _builder_version=\u00a0\u00bb4.4.4&Prime; custom_padding=\u00a0\u00bb9px||42px|||\u00a0\u00bb global_colors_info=\u00a0\u00bb{}\u00a0\u00bb][et_pb_row _builder_version=\u00a0\u00bb4.4.4&Prime; global_colors_info=\u00a0\u00bb{}\u00a0\u00bb][et_pb_column type=\u00a0\u00bb4_4&Prime; _builder_version=\u00a0\u00bb4.4.4&Prime; global_colors_info=\u00a0\u00bb{}\u00a0\u00bb][et_pb_code _builder_version=\u00a0\u00bb4.4.4&Prime; global_colors_info=\u00a0\u00bb{}\u00a0\u00bb]<\/p>\n<hr style=\"color: #8080804d;\">[\/et_pb_code][\/et_pb_column][\/et_pb_row][\/et_pb_section]<\/p>\n","protected":false},"excerpt":{"rendered":"<p>C&rsquo;est ici que se pr\u00e9parent les nouvelles de notre restaurant<div class=\"et_pb_module dsm_blog_carousel dsm_blog_carousel_0\">\n\t\t\t\t\n\t\t\t\t\n\t\t\t\t\n\t\t\t\t\n\t\t\t\t\n\t\t\t\t\n\t\t\t\t<div class=\"et_pb_module_inner\">\n\t\t\t\t\t<div class=\"dsm-blog-carousel\" data-orientation='horizontal' data-loop='1' data-speed='500' data-columnsdesktop='1' data-columnsphone='1' data-columnstablet='1' data-autoplay='on' data-autoplayspeed='5000' data-ordernumber='0' data-spacing='30' data-spacingtablet='30' data-spacingphone='30' data-effect='default' data-effect-shadows='off' data-effect-coverflow-rotate='30' data-effect-coverflow-depth='100' data-centered='off' data-multi-row='off' data-row='1' data-rowstablet='1' data-rowsphone='1' data-pagi-button-style='bullets' data-pause-on-hover='off' data-touch-move='off' data-grab='on' data-mousewheel='off' data-autoplay-viewport='80%'>\n\t\t\t\t<div class=\"swiper-container\" dir=\"ltr\">\n\t\t\t\t\t<div class=\"dsm-blog-carousel-wrapper swiper-wrapper\">\n\t\t\t\t\t\t\n\t\t\t\t<article class=\"dsm-blog-carousel-item swiper-slide\">\n\t\t\t\t\t<div class=\"dsm-grid-post-holder-inner\">\n\t\t\t\t\t\t\t\t\t\t\t\t\t<div class=\"dsm-entry-image\">\n\t\t\t\t\t\t\t\t\t\t\t\t\t\t\t\t<div class=\"dsm-entry-thumbnail\">\n\t\t\t\t\t\t\t\t\t<a href=\"https:\/\/entredosmons.es\/fr\/les-palamosins-la-barberia-et-entre-dos-mons-remportent-des-prix-cartavi\/\">\n\t\t\t\t\t\t\t\t\t\t<img width=\"800\" height=\"600\" src=\"https:\/\/entredosmons.es\/wp-content\/uploads\/2022\/05\/20220505-catavi.jpg\" class=\"skip-lazy wp-post-image\" alt=\"\" decoding=\"async\" loading=\"lazy\" srcset=\"https:\/\/entredosmons.es\/wp-content\/uploads\/2022\/05\/20220505-catavi.jpg 800w, https:\/\/entredosmons.es\/wp-content\/uploads\/2022\/05\/20220505-catavi-480x360.jpg 480w\" sizes=\"(min-width: 0px) and (max-width: 480px) 480px, (min-width: 481px) 800px, 100vw\" \/>\t\t\t\t\t\t\t\t\t<\/a>\n\t\t\t\t\t\t\t\t<\/div>\n\t\t\t\t\t\t\t<\/div>\n\t\t\t\t\t\t\n\t\t\t\t\t\t<div class=\"dsm-entry-wrapper\">\n\t\t\t\t\t\t\t\t\t\t\t\t\t\t<header class=\"dsm-entry-header\">\n\t\t\t\t\t\t\t\t\t\t<h2 class=\"dsm-entry-title\">\n\t\t\t\t\t\t\t\t\t\t\t<a href=\"https:\/\/entredosmons.es\/fr\/les-palamosins-la-barberia-et-entre-dos-mons-remportent-des-prix-cartavi\/\" title=\"Les palamosins \u00abLa Barberia\u00bb et \u00abEntre dos mons\u00bb, remportent des prix Cartav\u00ed.\">\n\t\t\t\t\t\t\t\t\t\t\t\tLes palamosins \u00abLa Barberia\u00bb et \u00abEntre dos mons\u00bb, remportent des prix Cartav\u00ed.\t\t\t\t\t\t\t\t\t\t\t<\/a>\n\t\t\t\t\t\t\t\t\t<\/h2>\n\t\t\t\t\t\t\t\t<\/header>\n\t\t\t\t\t\t\n\t\t\t\t\t\t\n\t\t\t\t\t\t\t\t\t\t\t\t\t\t<div class=\"dsm-entry-content\">\n\t\t\t\t\t\t\t\t<div class=\"dsm-post-excerpt\">\n\t\t\t\t\t\t\t\t\t<p>Deux \u00e9tablissements palamosins, la taverne La Barberia et le restaurant &quot;Entre dos mons&quot;, ont remport\u00e9 des prix du concours Carthaginois \u00e0 la d\u00e9marcation de G\u00e9rone.<\/p>\n\t\t\t\t\t\t\t\t<\/div>\n\t\t\t\t\t\t\t<\/div>\n\t\t\t\t\t\t\t\n\t\t\t\t\t\t\t\t\n\t\t\t\t\t\t\t\t\t\t\t\t\t<\/div>\n\t\t\t\t\t<\/div>\n\t\t\t\t<\/article>\n\n\t\t\t\t\n\t\t\t\t<article class=\"dsm-blog-carousel-item swiper-slide\">\n\t\t\t\t\t<div class=\"dsm-grid-post-holder-inner\">\n\t\t\t\t\t\t\t\t\t\t\t\t\t<div class=\"dsm-entry-image\">\n\t\t\t\t\t\t\t\t\t\t\t\t\t\t\t\t<div class=\"dsm-entry-thumbnail\">\n\t\t\t\t\t\t\t\t\t<a href=\"https:\/\/entredosmons.es\/fr\/nous-avons-paru-dans-le-journal-el-mundo\/\">\n\t\t\t\t\t\t\t\t\t\t<img width=\"1080\" height=\"675\" src=\"https:\/\/entredosmons.es\/wp-content\/uploads\/2022\/04\/banner-noticia-el-mundo-e2m-1080x675.jpg\" class=\"skip-lazy wp-post-image\" alt=\"\" decoding=\"async\" loading=\"lazy\" srcset=\"https:\/\/entredosmons.es\/wp-content\/uploads\/2022\/04\/banner-noticia-el-mundo-e2m-1080x675.jpg 1080w, https:\/\/entredosmons.es\/wp-content\/uploads\/2022\/04\/banner-noticia-el-mundo-e2m-980x628.jpg 980w, https:\/\/entredosmons.es\/wp-content\/uploads\/2022\/04\/banner-noticia-el-mundo-e2m-480x307.jpg 480w\" sizes=\"(min-width: 0px) and (max-width: 480px) 480px, (min-width: 481px) and (max-width: 980px) 980px, (min-width: 981px) 1080px, 100vw\" \/>\t\t\t\t\t\t\t\t\t<\/a>\n\t\t\t\t\t\t\t\t<\/div>\n\t\t\t\t\t\t\t<\/div>\n\t\t\t\t\t\t\n\t\t\t\t\t\t<div class=\"dsm-entry-wrapper\">\n\t\t\t\t\t\t\t\t\t\t\t\t\t\t<header class=\"dsm-entry-header\">\n\t\t\t\t\t\t\t\t\t\t<h2 class=\"dsm-entry-title\">\n\t\t\t\t\t\t\t\t\t\t\t<a href=\"https:\/\/entredosmons.es\/fr\/nous-avons-paru-dans-le-journal-el-mundo\/\" title=\"Nous avons paru dans le journal: EL MUNDO\">\n\t\t\t\t\t\t\t\t\t\t\t\tNous avons paru dans le journal: EL MUNDO\t\t\t\t\t\t\t\t\t\t\t<\/a>\n\t\t\t\t\t\t\t\t\t<\/h2>\n\t\t\t\t\t\t\t\t<\/header>\n\t\t\t\t\t\t\n\t\t\t\t\t\t\n\t\t\t\t\t\t\t\t\t\t\t\t\t\t<div class=\"dsm-entry-content\">\n\t\t\t\t\t\t\t\t<div class=\"dsm-post-excerpt\">\n\t\t\t\t\t\t\t\t\t<p>Aujourd&#039;hui nous venons vous dire que la journaliste Bel\u00e9n Parra est venue nous rendre visite au restaurant pour nous interviewer sur notre cuisine pour le journal : El Mundo.<\/p>\n\t\t\t\t\t\t\t\t<\/div>\n\t\t\t\t\t\t\t<\/div>\n\t\t\t\t\t\t\t\n\t\t\t\t\t\t\t\t\n\t\t\t\t\t\t\t\t\t\t\t\t\t<\/div>\n\t\t\t\t\t<\/div>\n\t\t\t\t<\/article>\n\n\t\t\t\t\n\t\t\t\t<article class=\"dsm-blog-carousel-item swiper-slide\">\n\t\t\t\t\t<div class=\"dsm-grid-post-holder-inner\">\n\t\t\t\t\t\t\t\t\t\t\t\t\t<div class=\"dsm-entry-image\">\n\t\t\t\t\t\t\t\t\t\t\t\t\t\t\t\t<div class=\"dsm-entry-thumbnail\">\n\t\t\t\t\t\t\t\t\t<a href=\"https:\/\/entredosmons.es\/fr\/nous-sommes-apparus-dans-le-journal-el-nacional\/\">\n\t\t\t\t\t\t\t\t\t\t<img width=\"630\" height=\"420\" src=\"https:\/\/entredosmons.es\/wp-content\/uploads\/2022\/03\/banner-el-nacional-entredosmons.jpeg\" class=\"skip-lazy wp-post-image\" alt=\"\" decoding=\"async\" loading=\"lazy\" srcset=\"https:\/\/entredosmons.es\/wp-content\/uploads\/2022\/03\/banner-el-nacional-entredosmons.jpeg 630w, https:\/\/entredosmons.es\/wp-content\/uploads\/2022\/03\/banner-el-nacional-entredosmons-480x320.jpeg 480w\" sizes=\"(min-width: 0px) and (max-width: 480px) 480px, (min-width: 481px) 630px, 100vw\" \/>\t\t\t\t\t\t\t\t\t<\/a>\n\t\t\t\t\t\t\t\t<\/div>\n\t\t\t\t\t\t\t<\/div>\n\t\t\t\t\t\t\n\t\t\t\t\t\t<div class=\"dsm-entry-wrapper\">\n\t\t\t\t\t\t\t\t\t\t\t\t\t\t<header class=\"dsm-entry-header\">\n\t\t\t\t\t\t\t\t\t\t<h2 class=\"dsm-entry-title\">\n\t\t\t\t\t\t\t\t\t\t\t<a href=\"https:\/\/entredosmons.es\/fr\/nous-sommes-apparus-dans-le-journal-el-nacional\/\" title=\"Nous sommes apparus dans le journal : El Nacional\">\n\t\t\t\t\t\t\t\t\t\t\t\tNous sommes apparus dans le journal : El Nacional\t\t\t\t\t\t\t\t\t\t\t<\/a>\n\t\t\t\t\t\t\t\t\t<\/h2>\n\t\t\t\t\t\t\t\t<\/header>\n\t\t\t\t\t\t\n\t\t\t\t\t\t\n\t\t\t\t\t\t\t\t\t\t\t\t\t\t<div class=\"dsm-entry-content\">\n\t\t\t\t\t\t\t\t<div class=\"dsm-post-excerpt\">\n\t\t\t\t\t\t\t\t\t<p>Il s&#039;agit du restaurant Entre Dos Mons, lui aussi d\u00e9j\u00e0 inscrit au Guide Michelin pour la grande qualit\u00e9 de ses plats \u00e0 la carte et de ses diff\u00e9rentes cartes. Dans ce restaurant, la gastronomie catalane se m\u00eale aux saveurs des meilleures recettes p\u00e9ruviennes, puisque le chef est originaire de<\/p>\n\t\t\t\t\t\t\t\t<\/div>\n\t\t\t\t\t\t\t<\/div>\n\t\t\t\t\t\t\t\n\t\t\t\t\t\t\t\t\n\t\t\t\t\t\t\t\t\t\t\t\t\t<\/div>\n\t\t\t\t\t<\/div>\n\t\t\t\t<\/article>\n\n\t\t\t\t\n\t\t\t\t<article class=\"dsm-blog-carousel-item swiper-slide\">\n\t\t\t\t\t<div class=\"dsm-grid-post-holder-inner\">\n\t\t\t\t\t\t\t\t\t\t\t\t\t<div class=\"dsm-entry-image\">\n\t\t\t\t\t\t\t\t\t\t\t\t\t\t\t\t<div class=\"dsm-entry-thumbnail\">\n\t\t\t\t\t\t\t\t\t<a href=\"https:\/\/entredosmons.es\/fr\/rendez-nous-visite-guide-michelin\/\">\n\t\t\t\t\t\t\t\t\t\t<img width=\"1080\" height=\"540\" src=\"https:\/\/entredosmons.es\/wp-content\/uploads\/2022\/03\/arros-gamba-palamos-entredosmons.jpg\" class=\"skip-lazy wp-post-image\" alt=\"\" decoding=\"async\" loading=\"lazy\" srcset=\"https:\/\/entredosmons.es\/wp-content\/uploads\/2022\/03\/arros-gamba-palamos-entredosmons.jpg 1080w, https:\/\/entredosmons.es\/wp-content\/uploads\/2022\/03\/arros-gamba-palamos-entredosmons-980x490.jpg 980w, https:\/\/entredosmons.es\/wp-content\/uploads\/2022\/03\/arros-gamba-palamos-entredosmons-480x240.jpg 480w\" sizes=\"(min-width: 0px) and (max-width: 480px) 480px, (min-width: 481px) and (max-width: 980px) 980px, (min-width: 981px) 1080px, 100vw\" \/>\t\t\t\t\t\t\t\t\t<\/a>\n\t\t\t\t\t\t\t\t<\/div>\n\t\t\t\t\t\t\t<\/div>\n\t\t\t\t\t\t\n\t\t\t\t\t\t<div class=\"dsm-entry-wrapper\">\n\t\t\t\t\t\t\t\t\t\t\t\t\t\t<header class=\"dsm-entry-header\">\n\t\t\t\t\t\t\t\t\t\t<h2 class=\"dsm-entry-title\">\n\t\t\t\t\t\t\t\t\t\t\t<a href=\"https:\/\/entredosmons.es\/fr\/rendez-nous-visite-guide-michelin\/\" title=\"Rendez-nous visite : Guide Michelin\">\n\t\t\t\t\t\t\t\t\t\t\t\tRendez-nous visite : Guide Michelin\t\t\t\t\t\t\t\t\t\t\t<\/a>\n\t\t\t\t\t\t\t\t\t<\/h2>\n\t\t\t\t\t\t\t\t<\/header>\n\t\t\t\t\t\t\n\t\t\t\t\t\t\n\t\t\t\t\t\t\t\t\t\t\t\t\t\t<div class=\"dsm-entry-content\">\n\t\t\t\t\t\t\t\t<div class=\"dsm-post-excerpt\">\n\t\t\t\t\t\t\t\t\t<p>En octobre dernier, il nous a rendu visite au restaurant Entre dos Mons : Guide Michelin.<\/p>\n\t\t\t\t\t\t\t\t<\/div>\n\t\t\t\t\t\t\t<\/div>\n\t\t\t\t\t\t\t\n\t\t\t\t\t\t\t\t\n\t\t\t\t\t\t\t\t\t\t\t\t\t<\/div>\n\t\t\t\t\t<\/div>\n\t\t\t\t<\/article>\n\n\t\t\t\t\n\t\t\t\t\t<\/div>\n\t\t\t\t<\/div>\n\t\t\t\t<div class=\"swiper-button-next swiper-arrow-button dsm-arrow-button-next0\" data-icon=5><\/div>\n\t\t\t\t<div class=\"swiper-button-prev swiper-arrow-button dsm-arrow-button-prev0\" data-icon=4><\/div>\n\t\t\t\t<div class=\"swiper-container-horizontal\">\n\t\t\t\t\t\n\t\t\t\t<\/div>\n\t\t\t<\/div>\n\t\t\t\t<\/div>\n\t\t\t<\/div>[logocarousel id=\u00a0\u00bb116&Prime;]<\/p>\n","protected":false},"author":1,"featured_media":0,"parent":0,"menu_order":0,"comment_status":"closed","ping_status":"closed","template":"","meta":{"_et_pb_use_builder":"on","_et_pb_old_content":"","_et_gb_content_width":"","footnotes":""},"class_list":["post-4831","page","type-page","status-publish","hentry"],"yoast_head":"<!-- This site is optimized with the Yoast SEO plugin v24.8.1 - https:\/\/yoast.com\/wordpress\/plugins\/seo\/ -->\n<title>Informations - Entre dos mons<\/title>\n<meta name=\"robots\" content=\"index, follow, max-snippet:-1, max-image-preview:large, max-video-preview:-1\" \/>\n<link rel=\"canonical\" href=\"https:\/\/entredosmons.es\/noticias\/\" \/>\n<meta property=\"og:locale\" content=\"fr_FR\" \/>\n<meta property=\"og:type\" content=\"article\" \/>\n<meta property=\"og:title\" content=\"Informations - Entre dos mons\" \/>\n<meta property=\"og:description\" content=\"C&#039;est ici que se pr\u00e9parent les nouvelles de notre restaurant[logocarousel id=&quot;116&quot;]\" \/>\n<meta property=\"og:url\" content=\"https:\/\/entredosmons.es\/noticias\/\" \/>\n<meta property=\"og:site_name\" content=\"Entre dos mons\" \/>\n<meta property=\"article:modified_time\" content=\"2022-03-29T07:49:53+00:00\" \/>\n<meta name=\"twitter:card\" content=\"summary_large_image\" \/>\n<meta name=\"twitter:label1\" content=\"Dur\u00e9e de lecture estim\u00e9e\" \/>\n\t<meta name=\"twitter:data1\" content=\"3 minutes\" \/>\n<script type=\"application\/ld+json\" class=\"yoast-schema-graph\">{\"@context\":\"https:\/\/schema.org\",\"@graph\":[{\"@type\":\"WebPage\",\"@id\":\"https:\/\/entredosmons.es\/noticias\/\",\"url\":\"https:\/\/entredosmons.es\/noticias\/\",\"name\":\"Informations - Entre dos mons\",\"isPartOf\":{\"@id\":\"https:\/\/entredosmons.es\/#website\"},\"datePublished\":\"2022-03-29T07:49:52+00:00\",\"dateModified\":\"2022-03-29T07:49:53+00:00\",\"breadcrumb\":{\"@id\":\"https:\/\/entredosmons.es\/noticias\/#breadcrumb\"},\"inLanguage\":\"fr-FR\",\"potentialAction\":[{\"@type\":\"ReadAction\",\"target\":[\"https:\/\/entredosmons.es\/noticias\/\"]}]},{\"@type\":\"BreadcrumbList\",\"@id\":\"https:\/\/entredosmons.es\/noticias\/#breadcrumb\",\"itemListElement\":[{\"@type\":\"ListItem\",\"position\":1,\"name\":\"Portada\",\"item\":\"https:\/\/entredosmons.es\/\"},{\"@type\":\"ListItem\",\"position\":2,\"name\":\"Informations\"}]},{\"@type\":\"WebSite\",\"@id\":\"https:\/\/entredosmons.es\/#website\",\"url\":\"https:\/\/entredosmons.es\/\",\"name\":\"Entre dos mons\",\"description\":\"Gastro fusi\u00f3\",\"potentialAction\":[{\"@type\":\"SearchAction\",\"target\":{\"@type\":\"EntryPoint\",\"urlTemplate\":\"https:\/\/entredosmons.es\/?s={search_term_string}\"},\"query-input\":{\"@type\":\"PropertyValueSpecification\",\"valueRequired\":true,\"valueName\":\"search_term_string\"}}],\"inLanguage\":\"fr-FR\"}]}<\/script>\n<!-- \/ Yoast SEO plugin. -->","yoast_head_json":{"title":"Informations - Entre dos mons","robots":{"index":"index","follow":"follow","max-snippet":"max-snippet:-1","max-image-preview":"max-image-preview:large","max-video-preview":"max-video-preview:-1"},"canonical":"https:\/\/entredosmons.es\/noticias\/","og_locale":"fr_FR","og_type":"article","og_title":"Informations - Entre dos mons","og_description":"C'est ici que se pr\u00e9parent les nouvelles de notre restaurant[logocarousel id=\"116\"]","og_url":"https:\/\/entredosmons.es\/noticias\/","og_site_name":"Entre dos mons","article_modified_time":"2022-03-29T07:49:53+00:00","twitter_card":"summary_large_image","twitter_misc":{"Dur\u00e9e de lecture estim\u00e9e":"3 minutes"},"schema":{"@context":"https:\/\/schema.org","@graph":[{"@type":"WebPage","@id":"https:\/\/entredosmons.es\/noticias\/","url":"https:\/\/entredosmons.es\/noticias\/","name":"Informations - Entre dos mons","isPartOf":{"@id":"https:\/\/entredosmons.es\/#website"},"datePublished":"2022-03-29T07:49:52+00:00","dateModified":"2022-03-29T07:49:53+00:00","breadcrumb":{"@id":"https:\/\/entredosmons.es\/noticias\/#breadcrumb"},"inLanguage":"fr-FR","potentialAction":[{"@type":"ReadAction","target":["https:\/\/entredosmons.es\/noticias\/"]}]},{"@type":"BreadcrumbList","@id":"https:\/\/entredosmons.es\/noticias\/#breadcrumb","itemListElement":[{"@type":"ListItem","position":1,"name":"Portada","item":"https:\/\/entredosmons.es\/"},{"@type":"ListItem","position":2,"name":"Informations"}]},{"@type":"WebSite","@id":"https:\/\/entredosmons.es\/#website","url":"https:\/\/entredosmons.es\/","name":"Entre dos mons","description":"Gastro fusi\u00f3","potentialAction":[{"@type":"SearchAction","target":{"@type":"EntryPoint","urlTemplate":"https:\/\/entredosmons.es\/?s={search_term_string}"},"query-input":{"@type":"PropertyValueSpecification","valueRequired":true,"valueName":"search_term_string"}}],"inLanguage":"fr-FR"}]}},"_links":{"self":[{"href":"https:\/\/entredosmons.es\/fr\/wp-json\/wp\/v2\/pages\/4831","targetHints":{"allow":["GET"]}}],"collection":[{"href":"https:\/\/entredosmons.es\/fr\/wp-json\/wp\/v2\/pages"}],"about":[{"href":"https:\/\/entredosmons.es\/fr\/wp-json\/wp\/v2\/types\/page"}],"author":[{"embeddable":true,"href":"https:\/\/entredosmons.es\/fr\/wp-json\/wp\/v2\/users\/1"}],"replies":[{"embeddable":true,"href":"https:\/\/entredosmons.es\/fr\/wp-json\/wp\/v2\/comments?post=4831"}],"version-history":[{"count":2,"href":"https:\/\/entredosmons.es\/fr\/wp-json\/wp\/v2\/pages\/4831\/revisions"}],"predecessor-version":[{"id":4833,"href":"https:\/\/entredosmons.es\/fr\/wp-json\/wp\/v2\/pages\/4831\/revisions\/4833"}],"wp:attachment":[{"href":"https:\/\/entredosmons.es\/fr\/wp-json\/wp\/v2\/media?parent=4831"}],"curies":[{"name":"wp","href":"https:\/\/api.w.org\/{rel}","templated":true}]}}