{"id":3240,"date":"2020-12-14T17:52:20","date_gmt":"2020-12-14T15:52:20","guid":{"rendered":"https:\/\/entredosmons.es\/producte\/pack-menu-degustation-visite-musee-de-la-peche-palamos\/"},"modified":"2026-02-17T10:03:37","modified_gmt":"2026-02-17T08:03:37","slug":"pack-menu-degustation-visite-musee-de-la-peche-palamos","status":"publish","type":"product","link":"https:\/\/entredosmons.es\/fr\/producte\/pack-menu-degustation-visite-musee-de-la-peche-palamos\/","title":{"rendered":"Pack Menu D\u00e9gustation + Accords mets vins + Visite du Mus\u00e9e de la P\u00eache de Palam\u00f3s"},"content":{"rendered":"<p>[et_pb_section fb_built=\u00a0\u00bb1&Prime; _builder_version=\u00a0\u00bb4.16&Prime; custom_padding=\u00a0\u00bb0px||||false|false\u00a0\u00bb global_colors_info=\u00a0\u00bb{}\u00a0\u00bb][et_pb_row _builder_version=\u00a0\u00bb4.16&Prime; background_size=\u00a0\u00bbinitial\u00a0\u00bb background_position=\u00a0\u00bbtop_left\u00a0\u00bb background_repeat=\u00a0\u00bbrepeat\u00a0\u00bb width=\u00a0\u00bb100%\u00a0\u00bb custom_padding=\u00a0\u00bb0px||0px||false|false\u00a0\u00bb global_colors_info=\u00a0\u00bb{}\u00a0\u00bb][et_pb_column type=\u00a0\u00bb4_4&Prime; _builder_version=\u00a0\u00bb4.16&Prime; custom_padding=\u00a0\u00bb|||\u00a0\u00bb global_colors_info=\u00a0\u00bb{}\u00a0\u00bb custom_padding__hover=\u00a0\u00bb|||\u00a0\u00bb][et_pb_wc_breadcrumb _builder_version=\u00a0\u00bb4.16&Prime; global_colors_info=\u00a0\u00bb{}\u00a0\u00bb][\/et_pb_wc_breadcrumb][et_pb_wc_cart_notice _builder_version=\u00a0\u00bb4.16&Prime; global_colors_info=\u00a0\u00bb{}\u00a0\u00bb][\/et_pb_wc_cart_notice][\/et_pb_column][\/et_pb_row][et_pb_row column_structure=\u00a0\u00bb1_2,1_2&Prime; _builder_version=\u00a0\u00bb4.16&Prime; background_size=\u00a0\u00bbinitial\u00a0\u00bb background_position=\u00a0\u00bbtop_left\u00a0\u00bb background_repeat=\u00a0\u00bbrepeat\u00a0\u00bb width=\u00a0\u00bb100%\u00a0\u00bb custom_padding=\u00a0\u00bb0px||||false|false\u00a0\u00bb global_colors_info=\u00a0\u00bb{}\u00a0\u00bb][et_pb_column type=\u00a0\u00bb1_2&Prime; _builder_version=\u00a0\u00bb4.16&Prime; custom_padding=\u00a0\u00bb|||\u00a0\u00bb global_colors_info=\u00a0\u00bb{}\u00a0\u00bb custom_padding__hover=\u00a0\u00bb|||\u00a0\u00bb][et_pb_wc_images _builder_version=\u00a0\u00bb4.16&Prime; global_colors_info=\u00a0\u00bb{}\u00a0\u00bb][\/et_pb_wc_images][\/et_pb_column][et_pb_column type=\u00a0\u00bb1_2&Prime; _builder_version=\u00a0\u00bb4.16&Prime; custom_padding=\u00a0\u00bb|||\u00a0\u00bb global_colors_info=\u00a0\u00bb{}\u00a0\u00bb custom_padding__hover=\u00a0\u00bb|||\u00a0\u00bb][et_pb_wc_title _builder_version=\u00a0\u00bb4.16&Prime; global_colors_info=\u00a0\u00bb{}\u00a0\u00bb][\/et_pb_wc_title][et_pb_wc_rating _builder_version=\u00a0\u00bb4.16&Prime; global_colors_info=\u00a0\u00bb{}\u00a0\u00bb][\/et_pb_wc_rating][et_pb_wc_price _builder_version=\u00a0\u00bb4.16&Prime; global_colors_info=\u00a0\u00bb{}\u00a0\u00bb][\/et_pb_wc_price][et_pb_wc_description _builder_version=\u00a0\u00bb4.16&Prime; global_colors_info=\u00a0\u00bb{}\u00a0\u00bb][\/et_pb_wc_description][et_pb_wc_add_to_cart disabled_on=\u00a0\u00bbon|on|on\u00a0\u00bb _builder_version=\u00a0\u00bb4.16&Prime; disabled=\u00a0\u00bbon\u00a0\u00bb global_colors_info=\u00a0\u00bb{}\u00a0\u00bb][\/et_pb_wc_add_to_cart][et_pb_button button_url=\u00a0\u00bbhttps:\/\/entredosmons.es\/formulario-pack\/\u00a0\u00bb button_text=\u00a0\u00bbAcheter\u00a0\u00bb _builder_version=\u00a0\u00bb4.16&Prime; custom_button=\u00a0\u00bbon\u00a0\u00bb button_text_color=\u00a0\u00bb#000000&Prime; button_border_color=\u00a0\u00bb#000000&Prime; global_colors_info=\u00a0\u00bb{}\u00a0\u00bb][\/et_pb_button][et_pb_wc_meta _builder_version=\u00a0\u00bb4.16&Prime; global_colors_info=\u00a0\u00bb{}\u00a0\u00bb][\/et_pb_wc_meta][\/et_pb_column][\/et_pb_row][et_pb_row _builder_version=\u00a0\u00bb4.16&Prime; background_size=\u00a0\u00bbinitial\u00a0\u00bb background_position=\u00a0\u00bbtop_left\u00a0\u00bb background_repeat=\u00a0\u00bbrepeat\u00a0\u00bb width=\u00a0\u00bb100%\u00a0\u00bb global_colors_info=\u00a0\u00bb{}\u00a0\u00bb][et_pb_column type=\u00a0\u00bb4_4&Prime; _builder_version=\u00a0\u00bb4.16&Prime; custom_padding=\u00a0\u00bb|||\u00a0\u00bb global_colors_info=\u00a0\u00bb{}\u00a0\u00bb custom_padding__hover=\u00a0\u00bb|||\u00a0\u00bb][et_pb_wc_tabs _builder_version=\u00a0\u00bb4.16&Prime; global_colors_info=\u00a0\u00bb{}\u00a0\u00bb] [\/et_pb_wc_tabs][et_pb_wc_upsells _builder_version=\u00a0\u00bb4.16&Prime; global_colors_info=\u00a0\u00bb{}\u00a0\u00bb][\/et_pb_wc_upsells][et_pb_wc_related_products _builder_version=\u00a0\u00bb4.16&Prime; global_colors_info=\u00a0\u00bb{}\u00a0\u00bb][\/et_pb_wc_related_products][\/et_pb_column][\/et_pb_row][\/et_pb_section]<\/p>\n","protected":false},"excerpt":{"rendered":"<p>Venez vivre une exp\u00e9rience traditionnelle et de fusion \u00e0 Palam\u00f3s. Tout d&rsquo;abord, <strong>visitez l&rsquo;unique mus\u00e9e de la p\u00eache en M\u00e9diterran\u00e9e dans sa sp\u00e9cialit\u00e9<\/strong>. Ce centre pr\u00e9sente le pass\u00e9, le pr\u00e9sent et l&rsquo;avenir de la p\u00eache \u00e0 travers son exposition permanente et un ensemble d&rsquo;activit\u00e9s li\u00e9es au monde maritime et de la p\u00eache de la Costa Brava.<\/p>\n<p>Plus tard, <strong>profitez de notre \u201cMenu D\u00e9gustation\u201d<\/strong>. Une fusion gastronomique avec le meilleur de la cuisine p\u00e9ruvienne et catalane. Une cuisine pleine de sensations, o\u00f9 les produits seront la surprise et vous le protagoniste.<\/p>\n","protected":false},"featured_media":6148,"template":"","meta":{"_et_pb_use_builder":"on","_et_pb_old_content":"<div class=\"et_pb_tab_content\">\r\n  <h2 class=\"product_title entry-title\">Pack \u00ab Menu D\u00e9gustation \u00bb + 2 billets pour le Mus\u00e9e de la P\u00eache de Palam\u00f3s<\/h2>\r\n\r\n  <p>Venez vivre une exp\u00e9rience gastronomique traditionnelle et de fusion \u00e0 Palam\u00f3s pour deux personnes.<\/p>\r\n\r\n  <p>\r\n    Visitez le Mus\u00e9e de la P\u00eache de Palam\u00f3s, unique en M\u00e9diterran\u00e9e dans son domaine.\r\n    Ce centre pr\u00e9sente le pass\u00e9, le pr\u00e9sent et l\u2019avenir de la p\u00eache \u00e0 travers son exposition permanente\r\n    et un ensemble d\u2019activit\u00e9s li\u00e9es au monde maritime et halieutique de la Costa Brava.\r\n  <\/p>\r\n\r\n  <p>\r\n    Profitez \u00e9galement de notre <strong>Menu D\u00e9gustation<\/strong>, une fusion gastronomique r\u00e9unissant\r\n    le meilleur de la cuisine p\u00e9ruvienne et catalane. Une cuisine pleine de sensations,\r\n    o\u00f9 les produits sont la surprise et vous, le protagoniste.\r\n  <\/p>\r\n\r\n  <p>\r\n    Pack valable et \u00e9changeable jusqu\u2019\u00e0 6 mois \u00e0 compter de la date d\u2019achat.<br>\r\n    Offrez une exp\u00e9rience inoubliable.\r\n  <\/p>\r\n\r\n  <h4><strong>Le Menu D\u00e9gustation comprend :<\/strong><\/h4>\r\n\r\n  <p>\r\n    Snacks<br>\r\n    Ap\u00e9ritif<br>\r\n    Oursin de mer farci \u00e0 la cr\u00e8me de cava<br>\r\n    Bouillon de l\u2019escudella avec \u00ab galet \u00bb farci de crevette de Palam\u00f3s<br>\r\n    Ceviche mixte tel que le pr\u00e9parait mon p\u00e8re (Mila Acosta)<br>\r\n    \u00ab Pilota \u00bb, la boulette de l\u2019escudella de Palam\u00f3s<br>\r\n    Risotto aux oursins de mer<br>\r\n    Agneau de Forallac \u00e9voquant un rago\u00fbt sec<br>\r\n    Cheesecake au chocolat blanc et cr\u00e8me de yaourt, p\u00eache et kumquat<br>\r\n    Petit fours\r\n  <\/p>\r\n\r\n  <p><em><strong>Option accord mets et vins : 5 verres<\/strong><\/em><\/p>\r\n\r\n  <p><em><strong>\r\n    Menu disponible le midi de 13 h 00 \u00e0 14 h 15 et le soir de 19 h 45 \u00e0 21 h 15.\r\n  <\/strong><\/em><\/p>\r\n\r\n  <p><em><strong>Le menu est servi pour l\u2019ensemble de la table.<\/strong><\/em><\/p>\r\n\r\n  <p><em><strong>Dur\u00e9e du menu : 2,5 h.<\/strong><\/em><\/p>\r\n\r\n  <p>&nbsp;<\/p>\r\n<\/div>\r\n","_et_gb_content_width":""},"product_brand":[],"product_cat":[84],"product_tag":[],"class_list":{"0":"post-3240","1":"product","2":"type-product","3":"status-publish","4":"has-post-thumbnail","6":"product_cat-packs-fr","8":"first","9":"instock","10":"shipping-taxable","11":"purchasable","12":"product-type-simple"},"yoast_head":"<!-- This site is optimized with the Yoast SEO plugin v24.8.1 - https:\/\/yoast.com\/wordpress\/plugins\/seo\/ -->\n<title>Pack Menu D\u00e9gustation + Accords mets vins + Visite du Mus\u00e9e de la P\u00eache de Palam\u00f3s - Entre dos mons<\/title>\n<meta name=\"description\" content=\"%\" \/>\n<meta name=\"robots\" content=\"index, follow, max-snippet:-1, max-image-preview:large, max-video-preview:-1\" \/>\n<link rel=\"canonical\" href=\"https:\/\/entredosmons.es\/fr\/producte\/pack-menu-degustation-visite-musee-de-la-peche-palamos\/\" \/>\n<meta property=\"og:locale\" content=\"fr_FR\" \/>\n<meta property=\"og:type\" content=\"article\" \/>\n<meta property=\"og:title\" content=\"Pack Menu D\u00e9gustation + Accords mets vins + Visite du Mus\u00e9e de la P\u00eache de Palam\u00f3s - Entre dos mons\" \/>\n<meta property=\"og:description\" content=\"%\" \/>\n<meta property=\"og:url\" content=\"https:\/\/entredosmons.es\/fr\/producte\/pack-menu-degustation-visite-musee-de-la-peche-palamos\/\" \/>\n<meta property=\"og:site_name\" content=\"Entre dos mons\" \/>\n<meta property=\"article:modified_time\" content=\"2026-02-17T08:03:37+00:00\" \/>\n<meta property=\"og:image\" content=\"https:\/\/entredosmons.es\/wp-content\/uploads\/2024\/06\/entrecote-y-pure-scaled.jpg\" \/>\n\t<meta property=\"og:image:width\" content=\"2560\" \/>\n\t<meta property=\"og:image:height\" content=\"1707\" \/>\n\t<meta property=\"og:image:type\" content=\"image\/jpeg\" \/>\n<meta name=\"twitter:card\" content=\"summary_large_image\" \/>\n<meta name=\"twitter:label1\" content=\"Dur\u00e9e de lecture estim\u00e9e\" \/>\n\t<meta name=\"twitter:data1\" content=\"3 minutes\" \/>\n<script type=\"application\/ld+json\" class=\"yoast-schema-graph\">{\"@context\":\"https:\/\/schema.org\",\"@graph\":[{\"@type\":\"WebPage\",\"@id\":\"https:\/\/entredosmons.es\/fr\/producte\/pack-menu-degustation-visite-musee-de-la-peche-palamos\/\",\"url\":\"https:\/\/entredosmons.es\/fr\/producte\/pack-menu-degustation-visite-musee-de-la-peche-palamos\/\",\"name\":\"Pack Menu D\u00e9gustation + Accords mets vins + Visite du Mus\u00e9e de la P\u00eache de Palam\u00f3s - Entre dos mons\",\"isPartOf\":{\"@id\":\"https:\/\/entredosmons.es\/#website\"},\"primaryImageOfPage\":{\"@id\":\"https:\/\/entredosmons.es\/fr\/producte\/pack-menu-degustation-visite-musee-de-la-peche-palamos\/#primaryimage\"},\"image\":{\"@id\":\"https:\/\/entredosmons.es\/fr\/producte\/pack-menu-degustation-visite-musee-de-la-peche-palamos\/#primaryimage\"},\"thumbnailUrl\":\"https:\/\/entredosmons.es\/wp-content\/uploads\/2024\/06\/entrecote-y-pure-scaled.jpg\",\"datePublished\":\"2020-12-14T15:52:20+00:00\",\"dateModified\":\"2026-02-17T08:03:37+00:00\",\"description\":\"%\",\"breadcrumb\":{\"@id\":\"https:\/\/entredosmons.es\/fr\/producte\/pack-menu-degustation-visite-musee-de-la-peche-palamos\/#breadcrumb\"},\"inLanguage\":\"fr-FR\",\"potentialAction\":[{\"@type\":\"ReadAction\",\"target\":[\"https:\/\/entredosmons.es\/fr\/producte\/pack-menu-degustation-visite-musee-de-la-peche-palamos\/\"]}]},{\"@type\":\"ImageObject\",\"inLanguage\":\"fr-FR\",\"@id\":\"https:\/\/entredosmons.es\/fr\/producte\/pack-menu-degustation-visite-musee-de-la-peche-palamos\/#primaryimage\",\"url\":\"https:\/\/entredosmons.es\/wp-content\/uploads\/2024\/06\/entrecote-y-pure-scaled.jpg\",\"contentUrl\":\"https:\/\/entredosmons.es\/wp-content\/uploads\/2024\/06\/entrecote-y-pure-scaled.jpg\",\"width\":2560,\"height\":1707},{\"@type\":\"BreadcrumbList\",\"@id\":\"https:\/\/entredosmons.es\/fr\/producte\/pack-menu-degustation-visite-musee-de-la-peche-palamos\/#breadcrumb\",\"itemListElement\":[{\"@type\":\"ListItem\",\"position\":1,\"name\":\"Portada\",\"item\":\"https:\/\/entredosmons.es\/\"},{\"@type\":\"ListItem\",\"position\":2,\"name\":\"Products\",\"item\":\"https:\/\/entredosmons.es\/en\/pedidos\/\"},{\"@type\":\"ListItem\",\"position\":3,\"name\":\"Pack Menu D\u00e9gustation + Accords mets vins + Visite du Mus\u00e9e de la P\u00eache de Palam\u00f3s\"}]},{\"@type\":\"WebSite\",\"@id\":\"https:\/\/entredosmons.es\/#website\",\"url\":\"https:\/\/entredosmons.es\/\",\"name\":\"Entre dos mons\",\"description\":\"Gastro fusi\u00f3\",\"potentialAction\":[{\"@type\":\"SearchAction\",\"target\":{\"@type\":\"EntryPoint\",\"urlTemplate\":\"https:\/\/entredosmons.es\/?s={search_term_string}\"},\"query-input\":{\"@type\":\"PropertyValueSpecification\",\"valueRequired\":true,\"valueName\":\"search_term_string\"}}],\"inLanguage\":\"fr-FR\"}]}<\/script>\n<!-- \/ Yoast SEO plugin. -->","yoast_head_json":{"title":"Pack Menu D\u00e9gustation + Accords mets vins + Visite du Mus\u00e9e de la P\u00eache de Palam\u00f3s - Entre dos mons","description":"%","robots":{"index":"index","follow":"follow","max-snippet":"max-snippet:-1","max-image-preview":"max-image-preview:large","max-video-preview":"max-video-preview:-1"},"canonical":"https:\/\/entredosmons.es\/fr\/producte\/pack-menu-degustation-visite-musee-de-la-peche-palamos\/","og_locale":"fr_FR","og_type":"article","og_title":"Pack Menu D\u00e9gustation + Accords mets vins + Visite du Mus\u00e9e de la P\u00eache de Palam\u00f3s - Entre dos mons","og_description":"%","og_url":"https:\/\/entredosmons.es\/fr\/producte\/pack-menu-degustation-visite-musee-de-la-peche-palamos\/","og_site_name":"Entre dos mons","article_modified_time":"2026-02-17T08:03:37+00:00","og_image":[{"width":2560,"height":1707,"url":"https:\/\/entredosmons.es\/wp-content\/uploads\/2024\/06\/entrecote-y-pure-scaled.jpg","type":"image\/jpeg"}],"twitter_card":"summary_large_image","twitter_misc":{"Dur\u00e9e de lecture estim\u00e9e":"3 minutes"},"schema":{"@context":"https:\/\/schema.org","@graph":[{"@type":"WebPage","@id":"https:\/\/entredosmons.es\/fr\/producte\/pack-menu-degustation-visite-musee-de-la-peche-palamos\/","url":"https:\/\/entredosmons.es\/fr\/producte\/pack-menu-degustation-visite-musee-de-la-peche-palamos\/","name":"Pack Menu D\u00e9gustation + Accords mets vins + Visite du Mus\u00e9e de la P\u00eache de Palam\u00f3s - Entre dos mons","isPartOf":{"@id":"https:\/\/entredosmons.es\/#website"},"primaryImageOfPage":{"@id":"https:\/\/entredosmons.es\/fr\/producte\/pack-menu-degustation-visite-musee-de-la-peche-palamos\/#primaryimage"},"image":{"@id":"https:\/\/entredosmons.es\/fr\/producte\/pack-menu-degustation-visite-musee-de-la-peche-palamos\/#primaryimage"},"thumbnailUrl":"https:\/\/entredosmons.es\/wp-content\/uploads\/2024\/06\/entrecote-y-pure-scaled.jpg","datePublished":"2020-12-14T15:52:20+00:00","dateModified":"2026-02-17T08:03:37+00:00","description":"%","breadcrumb":{"@id":"https:\/\/entredosmons.es\/fr\/producte\/pack-menu-degustation-visite-musee-de-la-peche-palamos\/#breadcrumb"},"inLanguage":"fr-FR","potentialAction":[{"@type":"ReadAction","target":["https:\/\/entredosmons.es\/fr\/producte\/pack-menu-degustation-visite-musee-de-la-peche-palamos\/"]}]},{"@type":"ImageObject","inLanguage":"fr-FR","@id":"https:\/\/entredosmons.es\/fr\/producte\/pack-menu-degustation-visite-musee-de-la-peche-palamos\/#primaryimage","url":"https:\/\/entredosmons.es\/wp-content\/uploads\/2024\/06\/entrecote-y-pure-scaled.jpg","contentUrl":"https:\/\/entredosmons.es\/wp-content\/uploads\/2024\/06\/entrecote-y-pure-scaled.jpg","width":2560,"height":1707},{"@type":"BreadcrumbList","@id":"https:\/\/entredosmons.es\/fr\/producte\/pack-menu-degustation-visite-musee-de-la-peche-palamos\/#breadcrumb","itemListElement":[{"@type":"ListItem","position":1,"name":"Portada","item":"https:\/\/entredosmons.es\/"},{"@type":"ListItem","position":2,"name":"Products","item":"https:\/\/entredosmons.es\/en\/pedidos\/"},{"@type":"ListItem","position":3,"name":"Pack Menu D\u00e9gustation + Accords mets vins + Visite du Mus\u00e9e de la P\u00eache de Palam\u00f3s"}]},{"@type":"WebSite","@id":"https:\/\/entredosmons.es\/#website","url":"https:\/\/entredosmons.es\/","name":"Entre dos mons","description":"Gastro fusi\u00f3","potentialAction":[{"@type":"SearchAction","target":{"@type":"EntryPoint","urlTemplate":"https:\/\/entredosmons.es\/?s={search_term_string}"},"query-input":{"@type":"PropertyValueSpecification","valueRequired":true,"valueName":"search_term_string"}}],"inLanguage":"fr-FR"}]}},"_links":{"self":[{"href":"https:\/\/entredosmons.es\/fr\/wp-json\/wp\/v2\/product\/3240","targetHints":{"allow":["GET"]}}],"collection":[{"href":"https:\/\/entredosmons.es\/fr\/wp-json\/wp\/v2\/product"}],"about":[{"href":"https:\/\/entredosmons.es\/fr\/wp-json\/wp\/v2\/types\/product"}],"wp:featuredmedia":[{"embeddable":true,"href":"https:\/\/entredosmons.es\/fr\/wp-json\/wp\/v2\/media\/6148"}],"wp:attachment":[{"href":"https:\/\/entredosmons.es\/fr\/wp-json\/wp\/v2\/media?parent=3240"}],"wp:term":[{"taxonomy":"product_brand","embeddable":true,"href":"https:\/\/entredosmons.es\/fr\/wp-json\/wp\/v2\/product_brand?post=3240"},{"taxonomy":"product_cat","embeddable":true,"href":"https:\/\/entredosmons.es\/fr\/wp-json\/wp\/v2\/product_cat?post=3240"},{"taxonomy":"product_tag","embeddable":true,"href":"https:\/\/entredosmons.es\/fr\/wp-json\/wp\/v2\/product_tag?post=3240"}],"curies":[{"name":"wp","href":"https:\/\/api.w.org\/{rel}","templated":true}]}}